{"id":3642,"date":"2011-09-20T20:37:14","date_gmt":"2011-09-20T20:37:14","guid":{"rendered":"http:\/\/www.muntdemots.org\/?page_id=3642"},"modified":"2011-10-05T16:39:11","modified_gmt":"2011-10-05T16:39:11","slug":"ines-macpherson","status":"publish","type":"page","link":"https:\/\/www.muntdemots.org\/2011\/ines-macpherson\/","title":{"rendered":"In\u00e9s MacPherson"},"content":{"rendered":"<p>&nbsp;<\/p>\n<p><span style=\"color: #ffffff;\">.<\/span><\/p>\n<p><a href=\"https:\/\/www.muntdemots.org\/2011\/wp-content\/uploads\/2011\/09\/IN\u00c9S-MACPHERSON-4.bmp\"><img decoding=\"async\" loading=\"lazy\" class=\"size-full wp-image-4143 alignleft\" title=\"IN\u00c9S MACPHERSON 4\" src=\"https:\/\/www.muntdemots.org\/2011\/wp-content\/uploads\/2011\/09\/IN\u00c9S-MACPHERSON-4.bmp\" alt=\"\" width=\"187\" height=\"125\" \/><\/a><a href=\"http:\/\/encuentosydesencuentos.wordpress.com\/\" target=\"_blank\"><strong>IN\u00c9S MACPHERSON<\/strong><\/a><strong><br \/>\n<\/strong><a href=\"http:\/\/encuentosydesencuentos.wordpress.com\/\" target=\"_blank\">http:\/\/encuentosydesencuentos.wordpress.com\/<\/a><br \/>\nNascuda el 1982, \u00e9s llicenciada en Filosofia, amb un postgrau en Gesti\u00f3 cultural. Va estudiar el curs de narraci\u00f3 oral amb Numancia Rojas a la <em>Casa de los Cuentos<\/em> (2002) i va realitzar el curs de narraci\u00f3 a l&#8217;Escola d&#8217;Escriptura de l&#8217;Ateneu (2005).<br \/>\nCom a autora, t\u00e9 publicats alguns relats i poemes en la revista digital <em>Paralelo Sur<\/em>.<\/p>\n<p><span style=\"color: #ffffff;\">.<\/span><\/p>\n<p><strong>CUENTOS CON-TACTO<br \/>\n<span style=\"color: #ffffff;\">.<\/span><\/strong><\/p>\n<p>Les mans poden llegir la vida de les persones a la seva pell i tamb\u00e9 poden deixar empremta. En ella. Amb les mans podem modelar i destruir, crear, parlar, callar con\u00e8ixer i recon\u00e8ixer, estimar&#8230; ferir.<br \/>\nDes de les paraules d\u2019autors tan coneguts com Mario Benedetti o Boris Vian, i d\u2019altres encara per con\u00e8ixer com Ra\u00fal del Valle, ens endinsarem en les diferents maneres de comprendre el tacte i el contacte hum\u00e0.<\/p>\n","protected":false},"excerpt":{"rendered":"<p>&nbsp; . IN\u00c9S MACPHERSON http:\/\/encuentosydesencuentos.wordpress.com\/ Nascuda el 1982, \u00e9s llicenciada en Filosofia, amb un postgrau en Gesti\u00f3 cultural. Va estudiar el curs de narraci\u00f3 oral amb Numancia Rojas a la Casa de los Cuentos (2002) i va realitzar el curs de narraci\u00f3 a l&#8217;Escola d&#8217;Escriptura de l&#8217;Ateneu (2005). Com a autora, t\u00e9 publicats alguns relats [&hellip;]<\/p>\n","protected":false},"author":1,"featured_media":0,"parent":0,"menu_order":0,"comment_status":"open","ping_status":"open","template":"","meta":[],"_links":{"self":[{"href":"https:\/\/www.muntdemots.org\/2011\/wp-json\/wp\/v2\/pages\/3642"}],"collection":[{"href":"https:\/\/www.muntdemots.org\/2011\/wp-json\/wp\/v2\/pages"}],"about":[{"href":"https:\/\/www.muntdemots.org\/2011\/wp-json\/wp\/v2\/types\/page"}],"author":[{"embeddable":true,"href":"https:\/\/www.muntdemots.org\/2011\/wp-json\/wp\/v2\/users\/1"}],"replies":[{"embeddable":true,"href":"https:\/\/www.muntdemots.org\/2011\/wp-json\/wp\/v2\/comments?post=3642"}],"version-history":[{"count":27,"href":"https:\/\/www.muntdemots.org\/2011\/wp-json\/wp\/v2\/pages\/3642\/revisions"}],"predecessor-version":[{"id":3646,"href":"https:\/\/www.muntdemots.org\/2011\/wp-json\/wp\/v2\/pages\/3642\/revisions\/3646"}],"wp:attachment":[{"href":"https:\/\/www.muntdemots.org\/2011\/wp-json\/wp\/v2\/media?parent=3642"}],"curies":[{"name":"wp","href":"https:\/\/api.w.org\/{rel}","templated":true}]}}