{"id":3631,"date":"2011-09-20T20:27:13","date_gmt":"2011-09-20T20:27:13","guid":{"rendered":"http:\/\/www.muntdemots.org\/?page_id=3631"},"modified":"2011-09-30T18:30:39","modified_gmt":"2011-09-30T18:30:39","slug":"a2veus","status":"publish","type":"page","link":"https:\/\/www.muntdemots.org\/2011\/a2veus\/","title":{"rendered":"A2veus"},"content":{"rendered":"<p><span style=\"color: #ffffff;\">.<\/span><\/p>\n<p><strong><a href=\"https:\/\/www.muntdemots.org\/2011\/wp-content\/uploads\/2011\/09\/A2veus-1.jpg\"><img decoding=\"async\" loading=\"lazy\" class=\"alignleft size-medium wp-image-4274\" title=\"A2veus 1\" src=\"https:\/\/www.muntdemots.org\/2011\/wp-content\/uploads\/2011\/09\/A2veus-1-300x220.jpg\" alt=\"\" width=\"272\" height=\"199\" srcset=\"https:\/\/www.muntdemots.org\/2011\/wp-content\/uploads\/2011\/09\/A2veus-1-300x220.jpg 300w, https:\/\/www.muntdemots.org\/2011\/wp-content\/uploads\/2011\/09\/A2veus-1-1024x753.jpg 1024w\" sizes=\"(max-width: 272px) 100vw, 272px\" \/><\/a>A2veus<\/strong><\/p>\n<p><strong> <\/strong><span style=\"color: #ffffff;\">..<\/span><\/p>\n<p>A2veus va n\u00e9ixer del desig de Cristina i Yolanda d\u2019unir-se en una mateixa aventura despr\u00e9s de 7 anys creuant camins. \u00c9s una criatura amb vida pr\u00f2pia decidida a cr\u00e9ixer des del goig, viure amb passi\u00f3 i contenta d\u2019expressar-se&#8230; a 2veus.<\/p>\n<p>&nbsp;<\/p>\n<p><strong>Cristina Contreras Garc\u00eda<\/strong>, narradora oral des del 2002, Kristinoshka durant 8 anys, s\u2019ha mogut sempre amb els contes, entre educacions, arts i ter\u00e0pies. Actualment proposa des del projecte <a href=\"http:\/\/www.cricongart.wordpress.com\" target=\"_blank\">Cricongart<\/a><\/p>\n<p><strong>Yolanda Rubio Lago<\/strong>, \u00e9s una entusiasta de viure pas a pas. El que m\u00e9s li agrada \u00e9s observar i escoltar per despr\u00e9s transmetre el fil invisible que a cau d\u2019orella ens crida la vida. Narradora oral des de 2002.<\/p>\n<p><span style=\"color: #ffffff;\">.<\/span><\/p>\n<p><strong>EL CAMINO DE TIERRA<\/strong><br \/>\n<span style=\"color: #ffffff;\">.<\/span><\/p>\n<p>Dues dones viatjant juntes. Un cam\u00ed de terra.<br \/>\nLliuren amb molt de gust contes que els permeten vestir les seves  ll\u00e0grimes, acaronar el riure, abocar-se a les penombres, compartir  batecs, i somriure plenes davant tot el que prov\u00e9 de la roda de la vida.<\/p>\n","protected":false},"excerpt":{"rendered":"<p>. A2veus .. A2veus va n\u00e9ixer del desig de Cristina i Yolanda d\u2019unir-se en una mateixa aventura despr\u00e9s de 7 anys creuant camins. \u00c9s una criatura amb vida pr\u00f2pia decidida a cr\u00e9ixer des del goig, viure amb passi\u00f3 i contenta d\u2019expressar-se&#8230; a 2veus. &nbsp; Cristina Contreras Garc\u00eda, narradora oral des del 2002, Kristinoshka durant 8 [&hellip;]<\/p>\n","protected":false},"author":1,"featured_media":0,"parent":0,"menu_order":0,"comment_status":"open","ping_status":"open","template":"","meta":[],"_links":{"self":[{"href":"https:\/\/www.muntdemots.org\/2011\/wp-json\/wp\/v2\/pages\/3631"}],"collection":[{"href":"https:\/\/www.muntdemots.org\/2011\/wp-json\/wp\/v2\/pages"}],"about":[{"href":"https:\/\/www.muntdemots.org\/2011\/wp-json\/wp\/v2\/types\/page"}],"author":[{"embeddable":true,"href":"https:\/\/www.muntdemots.org\/2011\/wp-json\/wp\/v2\/users\/1"}],"replies":[{"embeddable":true,"href":"https:\/\/www.muntdemots.org\/2011\/wp-json\/wp\/v2\/comments?post=3631"}],"version-history":[{"count":12,"href":"https:\/\/www.muntdemots.org\/2011\/wp-json\/wp\/v2\/pages\/3631\/revisions"}],"predecessor-version":[{"id":3633,"href":"https:\/\/www.muntdemots.org\/2011\/wp-json\/wp\/v2\/pages\/3631\/revisions\/3633"}],"wp:attachment":[{"href":"https:\/\/www.muntdemots.org\/2011\/wp-json\/wp\/v2\/media?parent=3631"}],"curies":[{"name":"wp","href":"https:\/\/api.w.org\/{rel}","templated":true}]}}