{"id":3617,"date":"2011-09-20T20:09:28","date_gmt":"2011-09-20T20:09:28","guid":{"rendered":"http:\/\/www.muntdemots.org\/?page_id=3617"},"modified":"2011-09-27T12:08:18","modified_gmt":"2011-09-27T12:08:18","slug":"charo-pita","status":"publish","type":"page","link":"https:\/\/www.muntdemots.org\/2011\/charo-pita\/","title":{"rendered":"Charo Pita"},"content":{"rendered":"<p><span style=\"color: #ffffff;\">.<\/span><\/p>\n<p><strong><a href=\"https:\/\/www.muntdemots.org\/2011\/wp-content\/uploads\/2011\/09\/charo-pita-1.jpg\"><img decoding=\"async\" loading=\"lazy\" class=\"alignleft size-medium wp-image-3817\" title=\"charo pita 1\" src=\"https:\/\/www.muntdemots.org\/2011\/wp-content\/uploads\/2011\/09\/charo-pita-1-200x300.jpg\" alt=\"\" width=\"156\" height=\"235\" srcset=\"https:\/\/www.muntdemots.org\/2011\/wp-content\/uploads\/2011\/09\/charo-pita-1-200x300.jpg 200w, https:\/\/www.muntdemots.org\/2011\/wp-content\/uploads\/2011\/09\/charo-pita-1-682x1024.jpg 682w, https:\/\/www.muntdemots.org\/2011\/wp-content\/uploads\/2011\/09\/charo-pita-1.jpg 1024w\" sizes=\"(max-width: 156px) 100vw, 156px\" \/><\/a><\/strong><\/p>\n<p>&nbsp;<\/p>\n<p><strong>CHARO PITA<\/strong><span style=\"color: #ffffff;\">.<\/span><\/p>\n<p>\u00c9s llicenciada en Filologia per la Universitat de Salamanca. El seu  treball com a narradora abasta diverses \u00e0rees d\u2019all\u00f2 que \u00e9s fabul\u00f3s, des  del conte infantil fins el relat er\u00f2tic o de terror i els muntatges de  contes musicats. Desenvolupa la seva activitat com a narradora oral des  de l\u2019ant 1994 per tota la geografia espanyola. Ha cursat estudis amb  Mercedes D\u00edaz i Laura Alonso. \u00c9s formadora impartint tallers de narraci\u00f3  oral.<\/p>\n<p><span style=\"color: #ffffff;\">.<\/span><\/p>\n<p><span style=\"color: #ffffff;\">.<\/span><\/p>\n<p><strong>A LA SOMBRA DEL CUENTO<\/strong><br \/>\n<span style=\"color: #ffffff;\">.<\/span><\/p>\n<p>Muntatge d\u2019hist\u00f2ries en qu\u00e8 la paraula es converteix en una mirada en profunditat de les relacions humanes. Faules d\u2019aquestes relacions, possibles i impossibles, que inventen dia a dia fant\u00e0stics rituals on la felicitat, lluny de definir-se com una simple satisfacci\u00f3 d\u2019all\u00f2 que es desitja, es converteix en un misteri\u00f3s bagul que mai s\u2019acaba d\u2019obrir.<\/p>\n<p><span style=\"color: #ffffff;\">.<\/span><\/p>\n<h3>F\u00d3RMULAS DE ENCUENTAMIENTO<br \/>\n<span style=\"color: #ffffff;\">.<\/span><\/h3>\n<p>Amb aquest curs pretenem iniciar als participants en l\u2019art de la narraci\u00f3 oral, tant en la seva vessant te\u00f3rica con en la pr\u00e0ctica. Convidarem a explorar i a analitzar els elements essencials que serveixen com a base al bon desenvolupament d\u2019una historia, a la vegada ens explorarem i analitzarem a nosaltres mateixos, com a naradors en potencia.<br \/>\nTamb\u00e9 ens centraresm en el proc\u00e8s que necessariament a de recorrer qualsevol historia perqu\u00e8 estigui llesta per a ser contada.<\/p>\n","protected":false},"excerpt":{"rendered":"<p>. &nbsp; CHARO PITA. \u00c9s llicenciada en Filologia per la Universitat de Salamanca. El seu treball com a narradora abasta diverses \u00e0rees d\u2019all\u00f2 que \u00e9s fabul\u00f3s, des del conte infantil fins el relat er\u00f2tic o de terror i els muntatges de contes musicats. Desenvolupa la seva activitat com a narradora oral des de l\u2019ant 1994 [&hellip;]<\/p>\n","protected":false},"author":1,"featured_media":0,"parent":0,"menu_order":0,"comment_status":"open","ping_status":"open","template":"","meta":[],"_links":{"self":[{"href":"https:\/\/www.muntdemots.org\/2011\/wp-json\/wp\/v2\/pages\/3617"}],"collection":[{"href":"https:\/\/www.muntdemots.org\/2011\/wp-json\/wp\/v2\/pages"}],"about":[{"href":"https:\/\/www.muntdemots.org\/2011\/wp-json\/wp\/v2\/types\/page"}],"author":[{"embeddable":true,"href":"https:\/\/www.muntdemots.org\/2011\/wp-json\/wp\/v2\/users\/1"}],"replies":[{"embeddable":true,"href":"https:\/\/www.muntdemots.org\/2011\/wp-json\/wp\/v2\/comments?post=3617"}],"version-history":[{"count":12,"href":"https:\/\/www.muntdemots.org\/2011\/wp-json\/wp\/v2\/pages\/3617\/revisions"}],"predecessor-version":[{"id":3620,"href":"https:\/\/www.muntdemots.org\/2011\/wp-json\/wp\/v2\/pages\/3617\/revisions\/3620"}],"wp:attachment":[{"href":"https:\/\/www.muntdemots.org\/2011\/wp-json\/wp\/v2\/media?parent=3617"}],"curies":[{"name":"wp","href":"https:\/\/api.w.org\/{rel}","templated":true}]}}