{"id":3611,"date":"2011-09-20T20:03:18","date_gmt":"2011-09-20T20:03:18","guid":{"rendered":"http:\/\/www.muntdemots.org\/?page_id=3611"},"modified":"2011-10-14T18:57:04","modified_gmt":"2011-10-14T18:57:04","slug":"taandem","status":"publish","type":"page","link":"https:\/\/www.muntdemots.org\/2011\/taandem\/","title":{"rendered":"Cia. Ent\u00e0ndem"},"content":{"rendered":"<p><span style=\"color: #ffffff;\">.<\/span><\/p>\n<p><strong> <\/strong><\/p>\n<p><strong>Cia. ENT\u00c0NDEM<br \/>\n<span style=\"color: #ffffff;\"> <\/span><\/strong><\/p>\n<p><strong>MICROMEGAS, UNA HIST\u00d2RIA FILOS\u00d3FICA<br \/>\n<span style=\"color: #ffffff;\">.<\/span><\/strong><\/p>\n<p>La T\u00e0\u00e1ndem us convida a fer un tast de les paraules, la ironia i l&#8217;humor\u00a0d&#8217;aquest relat\u00a0de Voltaire. Micromegas \u00e9s un habitant de l&#8217;estel Sirius que, acompanyat d&#8217;un\u00a0saturni\u00e0, realitza un\u00a0viatge filos\u00f2fic a trav\u00e9s de l&#8217;univers. Junts arribaran al planeta terra que els semblar\u00e0 rid\u00edcul per la seva petitesa. Per\u00f2 aviat es sorprendran de trobar vida dins &#8220;un grumoll de fang&#8221; i de comprovar que els seus habitants tenen tamb\u00e9 pensament, idees i fins i tot \u00e0nima.<\/p>\n<p><span style=\"color: #ffffff;\">.<\/span><\/p>\n<p>&nbsp;<\/p>\n","protected":false},"excerpt":{"rendered":"<p>. Cia. ENT\u00c0NDEM MICROMEGAS, UNA HIST\u00d2RIA FILOS\u00d3FICA . La T\u00e0\u00e1ndem us convida a fer un tast de les paraules, la ironia i l&#8217;humor\u00a0d&#8217;aquest relat\u00a0de Voltaire. Micromegas \u00e9s un habitant de l&#8217;estel Sirius que, acompanyat d&#8217;un\u00a0saturni\u00e0, realitza un\u00a0viatge filos\u00f2fic a trav\u00e9s de l&#8217;univers. Junts arribaran al planeta terra que els semblar\u00e0 rid\u00edcul per la seva petitesa. [&hellip;]<\/p>\n","protected":false},"author":1,"featured_media":0,"parent":0,"menu_order":0,"comment_status":"open","ping_status":"open","template":"","meta":[],"_links":{"self":[{"href":"https:\/\/www.muntdemots.org\/2011\/wp-json\/wp\/v2\/pages\/3611"}],"collection":[{"href":"https:\/\/www.muntdemots.org\/2011\/wp-json\/wp\/v2\/pages"}],"about":[{"href":"https:\/\/www.muntdemots.org\/2011\/wp-json\/wp\/v2\/types\/page"}],"author":[{"embeddable":true,"href":"https:\/\/www.muntdemots.org\/2011\/wp-json\/wp\/v2\/users\/1"}],"replies":[{"embeddable":true,"href":"https:\/\/www.muntdemots.org\/2011\/wp-json\/wp\/v2\/comments?post=3611"}],"version-history":[{"count":18,"href":"https:\/\/www.muntdemots.org\/2011\/wp-json\/wp\/v2\/pages\/3611\/revisions"}],"predecessor-version":[{"id":3614,"href":"https:\/\/www.muntdemots.org\/2011\/wp-json\/wp\/v2\/pages\/3611\/revisions\/3614"}],"wp:attachment":[{"href":"https:\/\/www.muntdemots.org\/2011\/wp-json\/wp\/v2\/media?parent=3611"}],"curies":[{"name":"wp","href":"https:\/\/api.w.org\/{rel}","templated":true}]}}