{"id":3604,"date":"2011-09-20T19:56:01","date_gmt":"2011-09-20T19:56:01","guid":{"rendered":"http:\/\/www.muntdemots.org\/?page_id=3604"},"modified":"2011-09-27T12:03:50","modified_gmt":"2011-09-27T12:03:50","slug":"beatriz-martin","status":"publish","type":"page","link":"https:\/\/www.muntdemots.org\/2011\/beatriz-martin\/","title":{"rendered":"Beatriz Mart\u00edn"},"content":{"rendered":"<p><span style=\"color: #ffffff;\">.<\/span><\/p>\n<p><strong><a href=\"https:\/\/www.muntdemots.org\/2011\/wp-content\/uploads\/2011\/09\/BEATRIZ-MARTIN-1.jpg\"><img decoding=\"async\" loading=\"lazy\" class=\"alignleft size-full wp-image-3797\" title=\"BEATRIZ MARTIN 1\" src=\"https:\/\/www.muntdemots.org\/2011\/wp-content\/uploads\/2011\/09\/BEATRIZ-MARTIN-1.jpg\" alt=\"\" width=\"172\" height=\"230\" \/><\/a><\/strong><\/p>\n<p><strong>BEATRIZ MART\u00cdN<\/strong><span style=\"color: #ffffff;\">.<\/span><\/p>\n<p>Narradora oral des del 2004. Llicenciada en Filologia Hisp\u00e0nica per  la Universitat de Barcelona. La seva fal\u00b7lera per les paraules l&#8217;han  condu\u00efda a formar-se continuadament en disciplines diverses (narraci\u00f3  oral, lectura professional, escriptura, il\u00b7lustraci\u00f3, titelles i teatre  d\u2019objectes, etc). Juga amb les paraules com a docent, especialista de  literatura infantil i juvenil en el sector editorial, com a lectora  professional, animadora a la lectura i autora de materials pedag\u00f2gics  entorn de la lectura.<\/p>\n<p><span style=\"color: #ffffff;\">.<\/span><\/p>\n<p><span style=\"color: #ffffff;\"> <\/span><strong> <\/strong><\/p>\n<p><strong>EL RETALLADOR D&#8217;OMBRES I ALTRES OFICIS ESTRANYS<\/strong><br \/>\n<span style=\"color: #ffffff;\">.<\/span><\/p>\n<p>Heu sentit a parlar dels ca\u00e7adors de sons? I dels col\u00b7leccionistes de somnis? I dels escoltadors de cases? I dels venedors de paraules? I dels retalladors d\u2019ombres? Avui arriba aquest estrafol\u00e0ri mercat itinerant d\u2019oficis estranys on, a m\u00e9s de poder canviar-te l\u2019ombra, cercar algun somni o dur-te a casa el so que m\u00e9s t\u2019agradi, tamb\u00e9 podr\u00e0s sentir les hist\u00f2ries que viuen amagades a les maletes d\u2019aquests traginers de mercaderies fant\u00e0stiques i sorprenents.<\/p>\n","protected":false},"excerpt":{"rendered":"<p>. BEATRIZ MART\u00cdN. Narradora oral des del 2004. Llicenciada en Filologia Hisp\u00e0nica per la Universitat de Barcelona. La seva fal\u00b7lera per les paraules l&#8217;han condu\u00efda a formar-se continuadament en disciplines diverses (narraci\u00f3 oral, lectura professional, escriptura, il\u00b7lustraci\u00f3, titelles i teatre d\u2019objectes, etc). Juga amb les paraules com a docent, especialista de literatura infantil i juvenil [&hellip;]<\/p>\n","protected":false},"author":1,"featured_media":0,"parent":0,"menu_order":0,"comment_status":"open","ping_status":"open","template":"","meta":[],"_links":{"self":[{"href":"https:\/\/www.muntdemots.org\/2011\/wp-json\/wp\/v2\/pages\/3604"}],"collection":[{"href":"https:\/\/www.muntdemots.org\/2011\/wp-json\/wp\/v2\/pages"}],"about":[{"href":"https:\/\/www.muntdemots.org\/2011\/wp-json\/wp\/v2\/types\/page"}],"author":[{"embeddable":true,"href":"https:\/\/www.muntdemots.org\/2011\/wp-json\/wp\/v2\/users\/1"}],"replies":[{"embeddable":true,"href":"https:\/\/www.muntdemots.org\/2011\/wp-json\/wp\/v2\/comments?post=3604"}],"version-history":[{"count":15,"href":"https:\/\/www.muntdemots.org\/2011\/wp-json\/wp\/v2\/pages\/3604\/revisions"}],"predecessor-version":[{"id":3608,"href":"https:\/\/www.muntdemots.org\/2011\/wp-json\/wp\/v2\/pages\/3604\/revisions\/3608"}],"wp:attachment":[{"href":"https:\/\/www.muntdemots.org\/2011\/wp-json\/wp\/v2\/media?parent=3604"}],"curies":[{"name":"wp","href":"https:\/\/api.w.org\/{rel}","templated":true}]}}