{"id":3599,"date":"2011-09-20T19:52:42","date_gmt":"2011-09-20T19:52:42","guid":{"rendered":"http:\/\/www.muntdemots.org\/?page_id=3599"},"modified":"2011-09-22T15:32:11","modified_gmt":"2011-09-22T15:32:11","slug":"pep-gomez","status":"publish","type":"page","link":"https:\/\/www.muntdemots.org\/2011\/pep-gomez\/","title":{"rendered":"Pep G\u00f3mez"},"content":{"rendered":"<p><span style=\"color: #ffffff;\">.<\/span><\/p>\n<p><strong><a href=\"https:\/\/www.muntdemots.org\/2011\/wp-content\/uploads\/2011\/09\/PEP-G\u00d3MEZ-1.jpg\"><img decoding=\"async\" loading=\"lazy\" class=\"alignleft size-medium wp-image-3937\" title=\"PEP G\u00d3MEZ 1\" src=\"https:\/\/www.muntdemots.org\/2011\/wp-content\/uploads\/2011\/09\/PEP-G\u00d3MEZ-1-300x200.jpg\" alt=\"\" width=\"300\" height=\"200\" srcset=\"https:\/\/www.muntdemots.org\/2011\/wp-content\/uploads\/2011\/09\/PEP-G\u00d3MEZ-1-300x200.jpg 300w, https:\/\/www.muntdemots.org\/2011\/wp-content\/uploads\/2011\/09\/PEP-G\u00d3MEZ-1-1024x682.jpg 1024w, https:\/\/www.muntdemots.org\/2011\/wp-content\/uploads\/2011\/09\/PEP-G\u00d3MEZ-1.jpg 1600w\" sizes=\"(max-width: 300px) 100vw, 300px\" \/><\/a>PEP G\u00d3MEZ<\/strong><br \/>\nDesde 1973<strong> <\/strong>colabora con grupos amateurs de  titiriteros catalanes y mallorquines. Estudia en el departamento de  t\u00edteres y marionetas del Institut de Teatre de Barcelona. Con la  Compa\u00f1\u00eda \u201cTeatre de Sac\u201d act\u00faa en los principales festivales de Europa y  Latinoam\u00e9rica. Realiza espect\u00e1culos como titiritero solista. Estudia  encuadernaci\u00f3n art\u00edstica. Realiza talleres de papiroflexia y libros con  figuras m\u00f3viles.<\/p>\n<p><span style=\"color: #ffffff;\">.<\/span><\/p>\n<p><strong>ELS PAPERS D&#8217;EN PAPITU<\/strong><br \/>\n<span style=\"color: #ffffff;\">.<\/span><\/p>\n<p>Hist\u00f2ries i faules contades amb figures de paper<\/p>\n<p>&nbsp;<\/p>\n","protected":false},"excerpt":{"rendered":"<p>. PEP G\u00d3MEZ Desde 1973 colabora con grupos amateurs de titiriteros catalanes y mallorquines. Estudia en el departamento de t\u00edteres y marionetas del Institut de Teatre de Barcelona. Con la Compa\u00f1\u00eda \u201cTeatre de Sac\u201d act\u00faa en los principales festivales de Europa y Latinoam\u00e9rica. Realiza espect\u00e1culos como titiritero solista. Estudia encuadernaci\u00f3n art\u00edstica. Realiza talleres de papiroflexia [&hellip;]<\/p>\n","protected":false},"author":1,"featured_media":0,"parent":0,"menu_order":0,"comment_status":"open","ping_status":"open","template":"","meta":[],"_links":{"self":[{"href":"https:\/\/www.muntdemots.org\/2011\/wp-json\/wp\/v2\/pages\/3599"}],"collection":[{"href":"https:\/\/www.muntdemots.org\/2011\/wp-json\/wp\/v2\/pages"}],"about":[{"href":"https:\/\/www.muntdemots.org\/2011\/wp-json\/wp\/v2\/types\/page"}],"author":[{"embeddable":true,"href":"https:\/\/www.muntdemots.org\/2011\/wp-json\/wp\/v2\/users\/1"}],"replies":[{"embeddable":true,"href":"https:\/\/www.muntdemots.org\/2011\/wp-json\/wp\/v2\/comments?post=3599"}],"version-history":[{"count":5,"href":"https:\/\/www.muntdemots.org\/2011\/wp-json\/wp\/v2\/pages\/3599\/revisions"}],"predecessor-version":[{"id":3603,"href":"https:\/\/www.muntdemots.org\/2011\/wp-json\/wp\/v2\/pages\/3599\/revisions\/3603"}],"wp:attachment":[{"href":"https:\/\/www.muntdemots.org\/2011\/wp-json\/wp\/v2\/media?parent=3599"}],"curies":[{"name":"wp","href":"https:\/\/api.w.org\/{rel}","templated":true}]}}