{"id":3570,"date":"2011-09-19T16:33:09","date_gmt":"2011-09-19T16:33:09","guid":{"rendered":"http:\/\/www.muntdemots.org\/?page_id=3570"},"modified":"2011-09-30T18:45:20","modified_gmt":"2011-09-30T18:45:20","slug":"duo-quiereme-mucho","status":"publish","type":"page","link":"https:\/\/www.muntdemots.org\/2011\/duo-quiereme-mucho\/","title":{"rendered":"D\u00fao Qui\u00e9reme Mucho"},"content":{"rendered":"<p><span style=\"color: #ffffff;\">.<\/span><\/p>\n<p><strong><a href=\"https:\/\/www.muntdemots.org\/2011\/wp-content\/uploads\/2011\/09\/MAYTE-YOLI1.jpg\"><img decoding=\"async\" loading=\"lazy\" class=\"alignleft size-medium wp-image-4281\" title=\"PENTAX Digital Camera\" src=\"https:\/\/www.muntdemots.org\/2011\/wp-content\/uploads\/2011\/09\/MAYTE-YOLI1-300x214.jpg\" alt=\"\" width=\"275\" height=\"196\" srcset=\"https:\/\/www.muntdemots.org\/2011\/wp-content\/uploads\/2011\/09\/MAYTE-YOLI1-300x214.jpg 300w, https:\/\/www.muntdemots.org\/2011\/wp-content\/uploads\/2011\/09\/MAYTE-YOLI1-1024x732.jpg 1024w\" sizes=\"(max-width: 275px) 100vw, 275px\" \/><\/a>D\u00daO QUI\u00c9REME MUCHO<\/strong><span style=\"color: #ffffff;\">.<\/span><\/p>\n<p><em>Qui\u00e9reme mucho<\/em> \u00e9s el duo format per la Yolanda Soriano i la  Mayte Flores. Des que es van con\u00e8ixer, ara fa m\u00e9s de sis anys, van  decidir explicar contes juntes all\u00e0 on les volgu\u00e8ssin escoltar: bars,  centres c\u00edvics, biblioteques, places de pobles\u2026<\/p>\n<p>&nbsp;<\/p>\n<p>Yolanda Soriano eladelluna@hotmail.com<br \/>\nMayte Flores mayte_flores@yahoo.es<\/p>\n<p><span style=\"color: #ffffff;\">.<\/span><\/p>\n<p><strong>HISTORIAS QUE NOS CONTARON<\/strong><br \/>\n<span style=\"color: #ffffff;\">.<\/span><\/p>\n<p><em>Historias que nos contaron<\/em> \u00e9s un espectacle de contes per a adults on la Mayte i la Yolanda, col\u00b7leccionistes de paraules, expliquen les histories de la seva escala de ve\u00efns&#8230; hist\u00f2ries que els hi van explicar, que van sentir, van robar o que alg\u00fa els hi va confessar a cau d\u2019orella&#8230;<\/p>\n","protected":false},"excerpt":{"rendered":"<p>. D\u00daO QUI\u00c9REME MUCHO. Qui\u00e9reme mucho \u00e9s el duo format per la Yolanda Soriano i la Mayte Flores. Des que es van con\u00e8ixer, ara fa m\u00e9s de sis anys, van decidir explicar contes juntes all\u00e0 on les volgu\u00e8ssin escoltar: bars, centres c\u00edvics, biblioteques, places de pobles\u2026 &nbsp; Yolanda Soriano eladelluna@hotmail.com Mayte Flores mayte_flores@yahoo.es . HISTORIAS [&hellip;]<\/p>\n","protected":false},"author":1,"featured_media":0,"parent":0,"menu_order":0,"comment_status":"open","ping_status":"open","template":"","meta":[],"_links":{"self":[{"href":"https:\/\/www.muntdemots.org\/2011\/wp-json\/wp\/v2\/pages\/3570"}],"collection":[{"href":"https:\/\/www.muntdemots.org\/2011\/wp-json\/wp\/v2\/pages"}],"about":[{"href":"https:\/\/www.muntdemots.org\/2011\/wp-json\/wp\/v2\/types\/page"}],"author":[{"embeddable":true,"href":"https:\/\/www.muntdemots.org\/2011\/wp-json\/wp\/v2\/users\/1"}],"replies":[{"embeddable":true,"href":"https:\/\/www.muntdemots.org\/2011\/wp-json\/wp\/v2\/comments?post=3570"}],"version-history":[{"count":9,"href":"https:\/\/www.muntdemots.org\/2011\/wp-json\/wp\/v2\/pages\/3570\/revisions"}],"predecessor-version":[{"id":3573,"href":"https:\/\/www.muntdemots.org\/2011\/wp-json\/wp\/v2\/pages\/3570\/revisions\/3573"}],"wp:attachment":[{"href":"https:\/\/www.muntdemots.org\/2011\/wp-json\/wp\/v2\/media?parent=3570"}],"curies":[{"name":"wp","href":"https:\/\/api.w.org\/{rel}","templated":true}]}}