{"id":3560,"date":"2011-09-19T16:18:19","date_gmt":"2011-09-19T16:18:19","guid":{"rendered":"http:\/\/www.muntdemots.org\/?page_id=3560"},"modified":"2011-09-22T15:22:04","modified_gmt":"2011-09-22T15:22:04","slug":"merche-ochoa","status":"publish","type":"page","link":"https:\/\/www.muntdemots.org\/2011\/merche-ochoa\/","title":{"rendered":"Merche Ochoa"},"content":{"rendered":"<p><span style=\"color: #ffffff;\">.<\/span><\/p>\n<p><strong><a href=\"https:\/\/www.muntdemots.org\/2011\/wp-content\/uploads\/2011\/09\/MERCHE-2.jpg\"><img decoding=\"async\" loading=\"lazy\" class=\"alignleft size-medium wp-image-3923\" title=\"MERCHE 2\" src=\"https:\/\/www.muntdemots.org\/2011\/wp-content\/uploads\/2011\/09\/MERCHE-2-300x300.jpg\" alt=\"\" width=\"233\" height=\"233\" srcset=\"https:\/\/www.muntdemots.org\/2011\/wp-content\/uploads\/2011\/09\/MERCHE-2-300x300.jpg 300w, https:\/\/www.muntdemots.org\/2011\/wp-content\/uploads\/2011\/09\/MERCHE-2-150x150.jpg 150w, https:\/\/www.muntdemots.org\/2011\/wp-content\/uploads\/2011\/09\/MERCHE-2-1024x1024.jpg 1024w\" sizes=\"(max-width: 233px) 100vw, 233px\" \/><\/a>MERCHE OCHOA<\/strong><br \/>\n<strong>Mertxe 8\u00aa<\/strong><span style=\"color: #ffffff;\">.<\/span><\/p>\n<p>Quan era petita sempre mirava sota el llit abans d&#8217;anar a dormir, per  si els monstres. Dormia amb la llum encesa perqu\u00e8 tenia por de la  foscor.<br \/>\nLa meva germana gran, tancava el llum per\u00f2 a canvi m\u2019explicava hist\u00f2ries.<br \/>\nVaig cr\u00e9ixer, vaig estudiar teatre, em vaig fer directora, pallassa i  famosa pedagoga. Per\u00f2 pel cam\u00ed vaig seguir creuant\u2010me amb conta contes,  narradors, encantadors de paraules, i ho vaig provar!!! Ara explico  descobrint la meva veu, una mica <em>teatrera<\/em>, una xic entremaliada i bastant pallassa.Com jo.<\/p>\n<p><span style=\"color: #ffffff;\">.<\/span><\/p>\n<p><strong>DE FADES, FETILLERES I HEROINES<\/strong><br \/>\n<span style=\"color: #ffffff;\">.<\/span><\/p>\n<p>Un recorregut per l\u2019Historia amb perspectiva femenina, comen\u00e7ant per Eva fins als nostres dies. El cam\u00ed darrere les empremtes de dones que trepitgen fort , descalces, amb xancles, esportives o tacons.<br \/>\nContes m\u00e0gics, perversos, po\u00e8tics, quotidians, que ens parlen i ens expliquen de Fades, Fetilleres i Hero\u00efnes de tots els temps, aix\u00f2 si, amb molt d\u2019Humor.<\/p>\n","protected":false},"excerpt":{"rendered":"<p>. MERCHE OCHOA Mertxe 8\u00aa. Quan era petita sempre mirava sota el llit abans d&#8217;anar a dormir, per si els monstres. Dormia amb la llum encesa perqu\u00e8 tenia por de la foscor. La meva germana gran, tancava el llum per\u00f2 a canvi m\u2019explicava hist\u00f2ries. Vaig cr\u00e9ixer, vaig estudiar teatre, em vaig fer directora, pallassa i [&hellip;]<\/p>\n","protected":false},"author":1,"featured_media":0,"parent":0,"menu_order":0,"comment_status":"open","ping_status":"open","template":"","meta":[],"_links":{"self":[{"href":"https:\/\/www.muntdemots.org\/2011\/wp-json\/wp\/v2\/pages\/3560"}],"collection":[{"href":"https:\/\/www.muntdemots.org\/2011\/wp-json\/wp\/v2\/pages"}],"about":[{"href":"https:\/\/www.muntdemots.org\/2011\/wp-json\/wp\/v2\/types\/page"}],"author":[{"embeddable":true,"href":"https:\/\/www.muntdemots.org\/2011\/wp-json\/wp\/v2\/users\/1"}],"replies":[{"embeddable":true,"href":"https:\/\/www.muntdemots.org\/2011\/wp-json\/wp\/v2\/comments?post=3560"}],"version-history":[{"count":8,"href":"https:\/\/www.muntdemots.org\/2011\/wp-json\/wp\/v2\/pages\/3560\/revisions"}],"predecessor-version":[{"id":3928,"href":"https:\/\/www.muntdemots.org\/2011\/wp-json\/wp\/v2\/pages\/3560\/revisions\/3928"}],"wp:attachment":[{"href":"https:\/\/www.muntdemots.org\/2011\/wp-json\/wp\/v2\/media?parent=3560"}],"curies":[{"name":"wp","href":"https:\/\/api.w.org\/{rel}","templated":true}]}}