{"id":3524,"date":"2011-09-19T15:08:58","date_gmt":"2011-09-19T15:08:58","guid":{"rendered":"http:\/\/www.muntdemots.org\/?page_id=3524"},"modified":"2011-09-30T18:15:46","modified_gmt":"2011-09-30T18:15:46","slug":"cuentos-americatalanos-en-el-tantarantana","status":"publish","type":"page","link":"https:\/\/www.muntdemots.org\/2011\/cuentos-americatalanos-en-el-tantarantana\/","title":{"rendered":"Cuentos Americatalanos en el Tantarantana"},"content":{"rendered":"<p><span style=\"color: #ffffff;\">.<\/span><\/p>\n<p><strong><em>CUENTOS AMERICATALANOS EN EL TANTARANTANA<\/em><br \/>\n<span style=\"color: #ffffff;\">.<\/span><\/strong><\/p>\n<p>Un encontre amb l\u2019art dels i les contacontes d\u2019Am\u00e8rica i de Catalunya. Un espectacle en qu\u00e8 la paraula viva, desprove\u00efda d\u2019artificis, proposa la creaci\u00f3 de diferents mons, nascuts a partir de la literatura i la imaginaci\u00f3 pr\u00f2pia de dos llocs distants per\u00f2 no tant diferents, units aquests cop per la creaci\u00f3.<\/p>\n<p>Els narradors i narradores d\u2019aquest espectacle compartiran les seves hist\u00f2ries, les seves visions del m\u00f3n amb un p\u00fablic disposat a viatjar&#8230;<\/p>\n<p>A c\u00e0rrec de:<\/p>\n<p><strong>Arnau Vilardeb\u00f3<\/strong> (Catalunya), <strong>Isabela M\u00e9ndez<\/strong> (Vene\u00e7uela), <strong>Martha Escudero<\/strong> (M\u00e8xic), <strong>M\u00f2nica Torra <\/strong>(Catalunya) i <strong>Willo<\/strong> (Col\u00f2mbia).<\/p>\n","protected":false},"excerpt":{"rendered":"<p>. CUENTOS AMERICATALANOS EN EL TANTARANTANA . Un encontre amb l\u2019art dels i les contacontes d\u2019Am\u00e8rica i de Catalunya. Un espectacle en qu\u00e8 la paraula viva, desprove\u00efda d\u2019artificis, proposa la creaci\u00f3 de diferents mons, nascuts a partir de la literatura i la imaginaci\u00f3 pr\u00f2pia de dos llocs distants per\u00f2 no tant diferents, units aquests cop [&hellip;]<\/p>\n","protected":false},"author":1,"featured_media":0,"parent":0,"menu_order":0,"comment_status":"open","ping_status":"open","template":"","meta":[],"_links":{"self":[{"href":"https:\/\/www.muntdemots.org\/2011\/wp-json\/wp\/v2\/pages\/3524"}],"collection":[{"href":"https:\/\/www.muntdemots.org\/2011\/wp-json\/wp\/v2\/pages"}],"about":[{"href":"https:\/\/www.muntdemots.org\/2011\/wp-json\/wp\/v2\/types\/page"}],"author":[{"embeddable":true,"href":"https:\/\/www.muntdemots.org\/2011\/wp-json\/wp\/v2\/users\/1"}],"replies":[{"embeddable":true,"href":"https:\/\/www.muntdemots.org\/2011\/wp-json\/wp\/v2\/comments?post=3524"}],"version-history":[{"count":4,"href":"https:\/\/www.muntdemots.org\/2011\/wp-json\/wp\/v2\/pages\/3524\/revisions"}],"predecessor-version":[{"id":3527,"href":"https:\/\/www.muntdemots.org\/2011\/wp-json\/wp\/v2\/pages\/3524\/revisions\/3527"}],"wp:attachment":[{"href":"https:\/\/www.muntdemots.org\/2011\/wp-json\/wp\/v2\/media?parent=3524"}],"curies":[{"name":"wp","href":"https:\/\/api.w.org\/{rel}","templated":true}]}}