{"id":3506,"date":"2011-09-19T14:58:09","date_gmt":"2011-09-19T14:58:09","guid":{"rendered":"http:\/\/www.muntdemots.org\/?page_id=3506"},"modified":"2011-09-29T09:06:40","modified_gmt":"2011-09-29T09:06:40","slug":"cristina-verbena","status":"publish","type":"page","link":"https:\/\/www.muntdemots.org\/2011\/cristina-verbena\/","title":{"rendered":"Cristina Verbena"},"content":{"rendered":"<p><span style=\"color: #ffffff;\">.<\/span><\/p>\n<p><strong><a href=\"https:\/\/www.muntdemots.org\/2011\/wp-content\/uploads\/2011\/09\/CRISTINA-VERBENA-4.jpg\"><img decoding=\"async\" loading=\"lazy\" class=\"alignleft size-medium wp-image-3824\" title=\"CRISTINA VERBENA 4\" src=\"https:\/\/www.muntdemots.org\/2011\/wp-content\/uploads\/2011\/09\/CRISTINA-VERBENA-4-225x300.jpg\" alt=\"\" width=\"193\" height=\"257\" srcset=\"https:\/\/www.muntdemots.org\/2011\/wp-content\/uploads\/2011\/09\/CRISTINA-VERBENA-4-225x300.jpg 225w, https:\/\/www.muntdemots.org\/2011\/wp-content\/uploads\/2011\/09\/CRISTINA-VERBENA-4-768x1024.jpg 768w, https:\/\/www.muntdemots.org\/2011\/wp-content\/uploads\/2011\/09\/CRISTINA-VERBENA-4.jpg 1200w\" sizes=\"(max-width: 193px) 100vw, 193px\" \/><\/a>CRISTINA VERBENA<\/strong><br \/>\n<span style=\"color: #ffffff;\">.<\/span><\/p>\n<p>Des del 2000 participa en la programaci\u00f3 habitual de les biblioteques  i centres culturals d\u2019Arag\u00f3, T\u00edas (Lanzarote), Guadalajara, Madrid,  Oviedo&#8230; \u00c9s programadora del <em>Saber leer<\/em> de la DGA. Tamb\u00e9 ha actuat a l\u2019EXPO-Zaragoza, 2008; el <em>Festival Madrid de cuento<\/em>; \u00a0la<em> Ruta de los Pueblos Blancos<\/em>; el <em>Belisario Teatro<\/em>, de Buenos Aires; la marat\u00f3 de les Palmas de Gran Canaria; al <em>Circuito de Bibliotecas<\/em> de Teruel; a les <em>Campa\u00f1as culturales<\/em> de la D.G.A.; al <em>Marat\u00f3n viajero<\/em> de Guadalajara; al festival de Huesca\u2026<\/p>\n<p><span style=\"color: #ffffff;\">.<\/span><\/p>\n<p><strong>HISTORIAS QUE TE BAILAN<\/strong><br \/>\n<span style=\"color: #ffffff;\">.<\/span><\/p>\n<p>Can\u00e7ons que porten hist\u00f2ries i paraules que llisquen des d\u2019una melodia: jazz, blues, rock, taranta\u2026 Una dona arrossega un vers, una altra el balla al mig del carrer. Cicatrius musicals, tap\u00eds de veus que ens mostren trossos de vida que, tant sols perqu\u00e8 tu els escoltes, comencen el seu ball.<br \/>\nQui sap si t\u2019animar\u00e0s a sortir a la pista.<\/p>\n","protected":false},"excerpt":{"rendered":"<p>. CRISTINA VERBENA . Des del 2000 participa en la programaci\u00f3 habitual de les biblioteques i centres culturals d\u2019Arag\u00f3, T\u00edas (Lanzarote), Guadalajara, Madrid, Oviedo&#8230; \u00c9s programadora del Saber leer de la DGA. Tamb\u00e9 ha actuat a l\u2019EXPO-Zaragoza, 2008; el Festival Madrid de cuento; \u00a0la Ruta de los Pueblos Blancos; el Belisario Teatro, de Buenos Aires; [&hellip;]<\/p>\n","protected":false},"author":1,"featured_media":0,"parent":0,"menu_order":0,"comment_status":"open","ping_status":"closed","template":"","meta":[],"_links":{"self":[{"href":"https:\/\/www.muntdemots.org\/2011\/wp-json\/wp\/v2\/pages\/3506"}],"collection":[{"href":"https:\/\/www.muntdemots.org\/2011\/wp-json\/wp\/v2\/pages"}],"about":[{"href":"https:\/\/www.muntdemots.org\/2011\/wp-json\/wp\/v2\/types\/page"}],"author":[{"embeddable":true,"href":"https:\/\/www.muntdemots.org\/2011\/wp-json\/wp\/v2\/users\/1"}],"replies":[{"embeddable":true,"href":"https:\/\/www.muntdemots.org\/2011\/wp-json\/wp\/v2\/comments?post=3506"}],"version-history":[{"count":11,"href":"https:\/\/www.muntdemots.org\/2011\/wp-json\/wp\/v2\/pages\/3506\/revisions"}],"predecessor-version":[{"id":3510,"href":"https:\/\/www.muntdemots.org\/2011\/wp-json\/wp\/v2\/pages\/3506\/revisions\/3510"}],"wp:attachment":[{"href":"https:\/\/www.muntdemots.org\/2011\/wp-json\/wp\/v2\/media?parent=3506"}],"curies":[{"name":"wp","href":"https:\/\/api.w.org\/{rel}","templated":true}]}}