{"id":3499,"date":"2011-09-19T14:52:22","date_gmt":"2011-09-19T14:52:22","guid":{"rendered":"http:\/\/www.muntdemots.org\/?page_id=3499"},"modified":"2011-09-22T15:43:09","modified_gmt":"2011-09-22T15:43:09","slug":"narrin-narran","status":"publish","type":"page","link":"https:\/\/www.muntdemots.org\/2011\/narrin-narran\/","title":{"rendered":"Narrin Narran"},"content":{"rendered":"<p><span style=\"color: #ffffff;\">.<\/span><\/p>\n<p><strong><a href=\"https:\/\/www.muntdemots.org\/2011\/wp-content\/uploads\/2011\/09\/NARRIN-1.jpg\"><img decoding=\"async\" loading=\"lazy\" class=\"alignleft size-medium wp-image-3948\" title=\"NARRIN 1\" src=\"https:\/\/www.muntdemots.org\/2011\/wp-content\/uploads\/2011\/09\/NARRIN-1-300x216.jpg\" alt=\"\" width=\"270\" height=\"194\" srcset=\"https:\/\/www.muntdemots.org\/2011\/wp-content\/uploads\/2011\/09\/NARRIN-1-300x216.jpg 300w, https:\/\/www.muntdemots.org\/2011\/wp-content\/uploads\/2011\/09\/NARRIN-1.jpg 368w\" sizes=\"(max-width: 270px) 100vw, 270px\" \/><\/a>NARRIN NARRAN<\/strong><\/p>\n<p>Som un grup de narradores: Elisabet, Lola, Joana, Josefina i Yoly,  que ens reunim un dijous al mes per explicar \u2013 i explicar-nos &#8211; contes,  per tal de gaudir i arribar a la gent, amb el plaer poder\u00f3s de la  paraula, per\u00f2 tamb\u00e9 del cos, de la mirada, dels silencis&#8230; Comuniquem  hist\u00f2ries que fan riure, que fan por, que fan pensar i entendre una mica  m\u00e9s la complexitat del esser hum\u00e0.<\/p>\n<p><span style=\"color: #ffffff;\">.<\/span><\/p>\n<p><strong>EMBOLIC DE CONTES<\/strong><br \/>\n<span style=\"color: #ffffff;\">.<\/span><\/p>\n<p>Tot un reguitzell d&#8217;hist\u00f2ries diverses, divertides, sorprenents, agosarades i tendres que, a trav\u00e9s de les nostres veus sempre emocionades i emocionants i des dels nostres cors, desitgen arribar a la gent que ens escolta&#8230;<\/p>\n","protected":false},"excerpt":{"rendered":"<p>. NARRIN NARRAN Som un grup de narradores: Elisabet, Lola, Joana, Josefina i Yoly, que ens reunim un dijous al mes per explicar \u2013 i explicar-nos &#8211; contes, per tal de gaudir i arribar a la gent, amb el plaer poder\u00f3s de la paraula, per\u00f2 tamb\u00e9 del cos, de la mirada, dels silencis&#8230; Comuniquem hist\u00f2ries [&hellip;]<\/p>\n","protected":false},"author":1,"featured_media":0,"parent":0,"menu_order":0,"comment_status":"open","ping_status":"open","template":"","meta":[],"_links":{"self":[{"href":"https:\/\/www.muntdemots.org\/2011\/wp-json\/wp\/v2\/pages\/3499"}],"collection":[{"href":"https:\/\/www.muntdemots.org\/2011\/wp-json\/wp\/v2\/pages"}],"about":[{"href":"https:\/\/www.muntdemots.org\/2011\/wp-json\/wp\/v2\/types\/page"}],"author":[{"embeddable":true,"href":"https:\/\/www.muntdemots.org\/2011\/wp-json\/wp\/v2\/users\/1"}],"replies":[{"embeddable":true,"href":"https:\/\/www.muntdemots.org\/2011\/wp-json\/wp\/v2\/comments?post=3499"}],"version-history":[{"count":9,"href":"https:\/\/www.muntdemots.org\/2011\/wp-json\/wp\/v2\/pages\/3499\/revisions"}],"predecessor-version":[{"id":3503,"href":"https:\/\/www.muntdemots.org\/2011\/wp-json\/wp\/v2\/pages\/3499\/revisions\/3503"}],"wp:attachment":[{"href":"https:\/\/www.muntdemots.org\/2011\/wp-json\/wp\/v2\/media?parent=3499"}],"curies":[{"name":"wp","href":"https:\/\/api.w.org\/{rel}","templated":true}]}}