{"id":3489,"date":"2011-09-19T14:43:16","date_gmt":"2011-09-19T14:43:16","guid":{"rendered":"http:\/\/www.muntdemots.org\/?page_id=3489"},"modified":"2011-10-05T16:29:11","modified_gmt":"2011-10-05T16:29:11","slug":"daniel-pratt","status":"publish","type":"page","link":"https:\/\/www.muntdemots.org\/2011\/daniel-pratt\/","title":{"rendered":"Daniel Pratt"},"content":{"rendered":"<p><span style=\"color: #ffffff;\">.<\/span><\/p>\n<p><strong><a href=\"https:\/\/www.muntdemots.org\/2011\/wp-content\/uploads\/2011\/09\/dpratt.jpg\"><img decoding=\"async\" loading=\"lazy\" class=\"alignleft size-medium wp-image-4470\" title=\"dpratt\" src=\"https:\/\/www.muntdemots.org\/2011\/wp-content\/uploads\/2011\/09\/dpratt-300x214.jpg\" alt=\"\" width=\"206\" height=\"148\" srcset=\"https:\/\/www.muntdemots.org\/2011\/wp-content\/uploads\/2011\/09\/dpratt-300x214.jpg 300w, https:\/\/www.muntdemots.org\/2011\/wp-content\/uploads\/2011\/09\/dpratt.jpg 454w\" sizes=\"(max-width: 206px) 100vw, 206px\" \/><\/a><a href=\"http:\/\/www.afinidades.org\" target=\"_blank\">DANIEL PRATT<br \/>\n<\/a><\/strong><a href=\"http:\/\/www.afinidades.org\" target=\"_blank\">http:\/\/www.afinidades.org<\/a><br \/>\n<span style=\"color: #ffffff;\">.<\/span><\/p>\n<p>Creador de la revista digital panfletonegro.com, autor, programador i entusiasta de les xarxes socials.<\/p>\n<p>&nbsp;<\/p>\n<p>&nbsp;<\/p>\n<p><span style=\"color: #ffffff;\">.<\/span><\/p>\n<p><strong>INTERNET PARA CUENTACUENTOS<\/strong><br \/>\n<strong>T\u00e8cniques de promoci\u00f3 art\u00edstica a les xarxes socials<\/strong><br \/>\n<span style=\"color: #ffffff;\">.<\/span><\/p>\n<p>En aquesta sessi\u00f3 compartirem les experi\u00e8ncies i les t\u00e0ctiques que fem servir els petits autors i artistes per ser trobats i llegits a Internet.<br \/>\nEntre tots revisarem algunes de les eines que ens poden servir per incrementar la nostra exposici\u00f3 a les xarxes socials, per fabricar autoritat i pres\u00e8ncia, involucrar i retenir als visitants i per millorar el nostre <em>ranking<\/em> a Google.<\/p>\n","protected":false},"excerpt":{"rendered":"<p>. DANIEL PRATT http:\/\/www.afinidades.org . Creador de la revista digital panfletonegro.com, autor, programador i entusiasta de les xarxes socials. &nbsp; &nbsp; . INTERNET PARA CUENTACUENTOS T\u00e8cniques de promoci\u00f3 art\u00edstica a les xarxes socials . En aquesta sessi\u00f3 compartirem les experi\u00e8ncies i les t\u00e0ctiques que fem servir els petits autors i artistes per ser trobats i [&hellip;]<\/p>\n","protected":false},"author":1,"featured_media":0,"parent":0,"menu_order":0,"comment_status":"open","ping_status":"open","template":"","meta":[],"_links":{"self":[{"href":"https:\/\/www.muntdemots.org\/2011\/wp-json\/wp\/v2\/pages\/3489"}],"collection":[{"href":"https:\/\/www.muntdemots.org\/2011\/wp-json\/wp\/v2\/pages"}],"about":[{"href":"https:\/\/www.muntdemots.org\/2011\/wp-json\/wp\/v2\/types\/page"}],"author":[{"embeddable":true,"href":"https:\/\/www.muntdemots.org\/2011\/wp-json\/wp\/v2\/users\/1"}],"replies":[{"embeddable":true,"href":"https:\/\/www.muntdemots.org\/2011\/wp-json\/wp\/v2\/comments?post=3489"}],"version-history":[{"count":13,"href":"https:\/\/www.muntdemots.org\/2011\/wp-json\/wp\/v2\/pages\/3489\/revisions"}],"predecessor-version":[{"id":3492,"href":"https:\/\/www.muntdemots.org\/2011\/wp-json\/wp\/v2\/pages\/3489\/revisions\/3492"}],"wp:attachment":[{"href":"https:\/\/www.muntdemots.org\/2011\/wp-json\/wp\/v2\/media?parent=3489"}],"curies":[{"name":"wp","href":"https:\/\/api.w.org\/{rel}","templated":true}]}}