{"id":3481,"date":"2011-09-19T14:36:43","date_gmt":"2011-09-19T14:36:43","guid":{"rendered":"http:\/\/www.muntdemots.org\/?page_id=3481"},"modified":"2011-10-05T16:46:32","modified_gmt":"2011-10-05T16:46:32","slug":"raquel-de-manuel-mur","status":"publish","type":"page","link":"https:\/\/www.muntdemots.org\/2011\/raquel-de-manuel-mur\/","title":{"rendered":"Raquel de Manuel Mur"},"content":{"rendered":"<p><span style=\"color: #ffffff;\">.<\/span><\/p>\n<p><strong><a href=\"https:\/\/www.muntdemots.org\/2011\/wp-content\/uploads\/2011\/09\/RAUQEL-DE-MANUEL.jpg\"><img decoding=\"async\" loading=\"lazy\" class=\"size-full wp-image-4406 alignleft\" title=\"RAUQEL DE MANUEL\" src=\"https:\/\/www.muntdemots.org\/2011\/wp-content\/uploads\/2011\/09\/RAUQEL-DE-MANUEL.jpg\" alt=\"\" width=\"236\" height=\"177\" \/><\/a><a href=\"http:\/\/raqueldemanuelmur.blogspot.com\/\" target=\"_blank\">RAQUEL DE MANUEL MUR<\/a><br \/>\n<\/strong><a href=\"http:\/\/raqueldemanuelmur.blogspot.com\/\" target=\"_blank\">http:\/\/raqueldemanuelmur.blogspot.com\/<span style=\"color: #ffffff;\">.<\/span><\/a><br \/>\nNarradora oral, monitora de lleure i estudiant de psicologia. M&#8217;he  format en el m\u00f3n del teatre i la dansa i tinc m\u00e9s de 3 anys  d&#8217;experi\u00e8ncia en l&#8217;\u00e0mbit de l&#8217;educaci\u00f3 en el lleure amb nens i joves. En  els \u00faltims dos anys he explicat contes per a adults i nens en diferents  espais de la prov\u00edncia de Barcelona, aix\u00ed com en el I Festival de  narraci\u00f3 oral de Barcelona 2010, Munt de Mots, en la II trobada de  narradors orals de Barcelona, <em>Atrapa la Paraula<\/em>. En aquests  \u00faltims mesos, de gener a juliol de 2011, he estat narradora oral de  l&#8217;espai \u201cSac de rondalles\u201d i \u201cLletra petita\u201d de les Biblioteques de la  Diputaci\u00f3 de Barcelona.<\/p>\n<p><span style=\"color: #ffffff;\">.<\/span><\/p>\n<p><strong>RODANT PEL M\u00d3N<\/strong><br \/>\n<span style=\"color: #ffffff;\">.<\/span><\/p>\n<p>Contes que tenen com a protagonistes a nens i nenes de diferents indrets del planeta, destinats a treballar el valor de la difer\u00e8ncia, el respecte i la interculturalitat. En la sessi\u00f3 es treballar\u00e0 amb un mapa mundi com a suport educatiu.<\/p>\n<p>Autors dels contes: Blanca \u00c1lvarez, M. Eulalia Valeri i altres autors per concretar, donat que es poden emprar llibres que es trobin disponibles a la biblioteca i aix\u00ed fomentar la seva lectura.<\/p>\n","protected":false},"excerpt":{"rendered":"<p>. RAQUEL DE MANUEL MUR http:\/\/raqueldemanuelmur.blogspot.com\/. Narradora oral, monitora de lleure i estudiant de psicologia. M&#8217;he format en el m\u00f3n del teatre i la dansa i tinc m\u00e9s de 3 anys d&#8217;experi\u00e8ncia en l&#8217;\u00e0mbit de l&#8217;educaci\u00f3 en el lleure amb nens i joves. En els \u00faltims dos anys he explicat contes per a adults i [&hellip;]<\/p>\n","protected":false},"author":1,"featured_media":0,"parent":0,"menu_order":0,"comment_status":"open","ping_status":"open","template":"","meta":[],"_links":{"self":[{"href":"https:\/\/www.muntdemots.org\/2011\/wp-json\/wp\/v2\/pages\/3481"}],"collection":[{"href":"https:\/\/www.muntdemots.org\/2011\/wp-json\/wp\/v2\/pages"}],"about":[{"href":"https:\/\/www.muntdemots.org\/2011\/wp-json\/wp\/v2\/types\/page"}],"author":[{"embeddable":true,"href":"https:\/\/www.muntdemots.org\/2011\/wp-json\/wp\/v2\/users\/1"}],"replies":[{"embeddable":true,"href":"https:\/\/www.muntdemots.org\/2011\/wp-json\/wp\/v2\/comments?post=3481"}],"version-history":[{"count":16,"href":"https:\/\/www.muntdemots.org\/2011\/wp-json\/wp\/v2\/pages\/3481\/revisions"}],"predecessor-version":[{"id":4034,"href":"https:\/\/www.muntdemots.org\/2011\/wp-json\/wp\/v2\/pages\/3481\/revisions\/4034"}],"wp:attachment":[{"href":"https:\/\/www.muntdemots.org\/2011\/wp-json\/wp\/v2\/media?parent=3481"}],"curies":[{"name":"wp","href":"https:\/\/api.w.org\/{rel}","templated":true}]}}