{"id":3474,"date":"2011-09-19T14:25:43","date_gmt":"2011-09-19T14:25:43","guid":{"rendered":"http:\/\/www.muntdemots.org\/?page_id=3474"},"modified":"2011-09-22T14:30:23","modified_gmt":"2011-09-22T14:30:23","slug":"gina-clotet","status":"publish","type":"page","link":"https:\/\/www.muntdemots.org\/2011\/gina-clotet\/","title":{"rendered":"Gina Clotet"},"content":{"rendered":"<p><span style=\"color: #ffffff;\">.<\/span><\/p>\n<p><strong><a href=\"http:\/\/ginaclotet.blogspot.com\" target=\"_blank\"><\/a><a href=\"https:\/\/www.muntdemots.org\/2011\/wp-content\/uploads\/2011\/09\/GINA-CLOTET-1.jpg\"><img decoding=\"async\" loading=\"lazy\" class=\"alignleft size-medium wp-image-3858\" title=\"GINA CLOTET 1\" src=\"https:\/\/www.muntdemots.org\/2011\/wp-content\/uploads\/2011\/09\/GINA-CLOTET-1-300x272.jpg\" alt=\"\" width=\"229\" height=\"207\" srcset=\"https:\/\/www.muntdemots.org\/2011\/wp-content\/uploads\/2011\/09\/GINA-CLOTET-1-300x272.jpg 300w, https:\/\/www.muntdemots.org\/2011\/wp-content\/uploads\/2011\/09\/GINA-CLOTET-1-1024x928.jpg 1024w\" sizes=\"(max-width: 229px) 100vw, 229px\" \/><\/a>GINA CLOTET<\/strong><br \/>\n<span style=\"color: #ffffff;\">.<\/span><\/p>\n<p>Creu en el poder de les hist\u00f2ries per emocionar, entretenir, mostrar  altres realitats socials, potenciar la imaginaci\u00f3&#8230; i per aix\u00f2 les  explica als m\u00e9s petits amb el suport d\u2019objectes, titelles, ombres o  nom\u00e9s amb la paraula i els silencis.<br \/>\nEs dedica professionalment a la narraci\u00f3 oral des de l\u2019any 2005.<\/p>\n<p><span style=\"color: #ffffff;\">.<\/span><\/p>\n<p><strong>CONTES SENSE L\u00cdMITS<\/strong><br \/>\n<span style=\"color: #ffffff;\">.<\/span><\/p>\n<p>En Gerard sempre arrossega el seu cass\u00f3 al seu darrera. Li va caure damunt un dia&#8230; no se sap ben b\u00e9 per qu\u00e8. De llavors en\u00e7\u00e0, el ca\u00e7\u00f3 s\u2019encalla pertot arreu i l\u2019impedeix avan\u00e7ar. La pu\u00e7a Leoc\u00e0dia se sent molt petita en un m\u00f3n gegant per\u00f2 amb paci\u00e8ncia i dedicaci\u00f3 aconseguir\u00e0 agafar les regnes del seu petit m\u00f3n.<\/p>\n","protected":false},"excerpt":{"rendered":"<p>. GINA CLOTET . Creu en el poder de les hist\u00f2ries per emocionar, entretenir, mostrar altres realitats socials, potenciar la imaginaci\u00f3&#8230; i per aix\u00f2 les explica als m\u00e9s petits amb el suport d\u2019objectes, titelles, ombres o nom\u00e9s amb la paraula i els silencis. Es dedica professionalment a la narraci\u00f3 oral des de l\u2019any 2005. . [&hellip;]<\/p>\n","protected":false},"author":1,"featured_media":0,"parent":0,"menu_order":0,"comment_status":"open","ping_status":"open","template":"","meta":[],"_links":{"self":[{"href":"https:\/\/www.muntdemots.org\/2011\/wp-json\/wp\/v2\/pages\/3474"}],"collection":[{"href":"https:\/\/www.muntdemots.org\/2011\/wp-json\/wp\/v2\/pages"}],"about":[{"href":"https:\/\/www.muntdemots.org\/2011\/wp-json\/wp\/v2\/types\/page"}],"author":[{"embeddable":true,"href":"https:\/\/www.muntdemots.org\/2011\/wp-json\/wp\/v2\/users\/1"}],"replies":[{"embeddable":true,"href":"https:\/\/www.muntdemots.org\/2011\/wp-json\/wp\/v2\/comments?post=3474"}],"version-history":[{"count":6,"href":"https:\/\/www.muntdemots.org\/2011\/wp-json\/wp\/v2\/pages\/3474\/revisions"}],"predecessor-version":[{"id":3860,"href":"https:\/\/www.muntdemots.org\/2011\/wp-json\/wp\/v2\/pages\/3474\/revisions\/3860"}],"wp:attachment":[{"href":"https:\/\/www.muntdemots.org\/2011\/wp-json\/wp\/v2\/media?parent=3474"}],"curies":[{"name":"wp","href":"https:\/\/api.w.org\/{rel}","templated":true}]}}