{"id":3467,"date":"2011-09-19T14:19:30","date_gmt":"2011-09-19T14:19:30","guid":{"rendered":"http:\/\/www.muntdemots.org\/?page_id=3467"},"modified":"2011-10-16T22:24:44","modified_gmt":"2011-10-16T22:24:44","slug":"monica-martinez-paz","status":"publish","type":"page","link":"https:\/\/www.muntdemots.org\/2011\/monica-martinez-paz\/","title":{"rendered":"M\u00f3nica Mart\u00ednez Paz"},"content":{"rendered":"<p><span style=\"color: #ffffff;\">.<\/span><\/p>\n<p><a href=\"http:\/\/www.monicamartinezpaz.com\" target=\"_blank\"><strong> <\/strong><\/a><strong><a href=\"https:\/\/www.muntdemots.org\/2011\/wp-content\/uploads\/2011\/09\/MONICA-2.jpeg\"><img decoding=\"async\" loading=\"lazy\" class=\"alignleft size-medium wp-image-3954\" title=\"MONICA 2\" src=\"https:\/\/www.muntdemots.org\/2011\/wp-content\/uploads\/2011\/09\/MONICA-2-300x225.jpg\" alt=\"\" width=\"245\" height=\"184\" srcset=\"https:\/\/www.muntdemots.org\/2011\/wp-content\/uploads\/2011\/09\/MONICA-2-300x225.jpg 300w, https:\/\/www.muntdemots.org\/2011\/wp-content\/uploads\/2011\/09\/MONICA-2.jpeg 1024w\" sizes=\"(max-width: 245px) 100vw, 245px\" \/><\/a><a href=\"http:\/\/www.monicamartinezpaz.com\" target=\"_blank\"><span style=\"color: #000000;\">M\u00d3NICA MART\u00cdNEZ PAZ<\/span><\/a><br \/>\n<\/strong><a href=\"http:\/\/www.monicamartinepaz.com\" target=\"_blank\">http:\/\/www.monicamartinezpaz.com<\/a><span style=\"color: #ffffff;\"><strong><br \/>\n<\/strong><\/span><\/p>\n<p>Va n\u00e9ixer a Maracay (Vene\u00e7uela). \u00c9s llicenciada en Pedagogia per la  Universitat de Barcelona (2005) i Narradora Oral des del 1998. L\u2019any  2002 integra el grup <em>Un Mundet de Contes<\/em>. \u00c9s professora del  programa de formaci\u00f3 de narradors\/es orals Atrapa la Paraula, per a  Biblioteques de Barcelona. Integra el trio de <em>Narraci\u00f3n Oral Juntos pero no Revueltos<\/em>. Resideix a Barcelona des del 2001.<\/p>\n<p><span style=\"color: #ffffff;\"><strong>.<br \/>\n<\/strong><\/span><\/p>\n<p><span style=\"color: #ffffff;\"> <\/span><strong>STORYTELLING A LA TEVA FEINA: L&#8217;ART DE CONNECTAR AMB L&#8217;AUDI\u00c8NCIA<\/strong><\/p>\n<p><span style=\"color: #ffffff;\">.<\/span><\/p>\n<p>Aquest taller est\u00e0 dirigit a tothom que vulgui millorar les seves habilitats comunicatives usant la narraci\u00f3 oral esc\u00e8nica.<br \/>\nVols captivar a la teva audi\u00e8ncia? Sabies que els contes poden utilitzar-se a la feina per aconseguir una comunicaci\u00f3 efectiva?<br \/>\nPren el control de les teves paraules, no deixis que el vent se les emporti!<\/p>\n<p>&nbsp;<\/p>\n","protected":false},"excerpt":{"rendered":"<p>. M\u00d3NICA MART\u00cdNEZ PAZ http:\/\/www.monicamartinezpaz.com Va n\u00e9ixer a Maracay (Vene\u00e7uela). \u00c9s llicenciada en Pedagogia per la Universitat de Barcelona (2005) i Narradora Oral des del 1998. L\u2019any 2002 integra el grup Un Mundet de Contes. \u00c9s professora del programa de formaci\u00f3 de narradors\/es orals Atrapa la Paraula, per a Biblioteques de Barcelona. Integra el trio [&hellip;]<\/p>\n","protected":false},"author":1,"featured_media":0,"parent":0,"menu_order":0,"comment_status":"open","ping_status":"open","template":"","meta":[],"_links":{"self":[{"href":"https:\/\/www.muntdemots.org\/2011\/wp-json\/wp\/v2\/pages\/3467"}],"collection":[{"href":"https:\/\/www.muntdemots.org\/2011\/wp-json\/wp\/v2\/pages"}],"about":[{"href":"https:\/\/www.muntdemots.org\/2011\/wp-json\/wp\/v2\/types\/page"}],"author":[{"embeddable":true,"href":"https:\/\/www.muntdemots.org\/2011\/wp-json\/wp\/v2\/users\/1"}],"replies":[{"embeddable":true,"href":"https:\/\/www.muntdemots.org\/2011\/wp-json\/wp\/v2\/comments?post=3467"}],"version-history":[{"count":16,"href":"https:\/\/www.muntdemots.org\/2011\/wp-json\/wp\/v2\/pages\/3467\/revisions"}],"predecessor-version":[{"id":3471,"href":"https:\/\/www.muntdemots.org\/2011\/wp-json\/wp\/v2\/pages\/3467\/revisions\/3471"}],"wp:attachment":[{"href":"https:\/\/www.muntdemots.org\/2011\/wp-json\/wp\/v2\/media?parent=3467"}],"curies":[{"name":"wp","href":"https:\/\/api.w.org\/{rel}","templated":true}]}}