{"id":3462,"date":"2011-09-19T11:41:33","date_gmt":"2011-09-19T11:41:33","guid":{"rendered":"http:\/\/www.muntdemots.org\/?page_id=3462"},"modified":"2011-09-30T18:33:10","modified_gmt":"2011-09-30T18:33:10","slug":"anin","status":"publish","type":"page","link":"https:\/\/www.muntdemots.org\/2011\/anin\/","title":{"rendered":"ANIN"},"content":{"rendered":"<p><span style=\"color: #ffffff;\">.<\/span><\/p>\n<p><strong><a href=\"http:\/\/www.anincat.org\" target=\"_blank\"><a href=\"https:\/\/www.muntdemots.org\/2011\/wp-content\/uploads\/2010\/09\/LOGO-ANIN-IMPRENTA.jpg\"><img decoding=\"async\" loading=\"lazy\" class=\"alignleft size-medium wp-image-241\" title=\"LOGO ANIN IMPRENTA\" src=\"https:\/\/www.muntdemots.org\/2011\/wp-content\/uploads\/2010\/09\/LOGO-ANIN-IMPRENTA-296x300.jpg\" alt=\"\" width=\"201\" height=\"203\" srcset=\"https:\/\/www.muntdemots.org\/2011\/wp-content\/uploads\/2010\/09\/LOGO-ANIN-IMPRENTA-296x300.jpg 296w, https:\/\/www.muntdemots.org\/2011\/wp-content\/uploads\/2010\/09\/LOGO-ANIN-IMPRENTA-150x150.jpg 150w, https:\/\/www.muntdemots.org\/2011\/wp-content\/uploads\/2010\/09\/LOGO-ANIN-IMPRENTA.jpg 592w\" sizes=\"(max-width: 201px) 100vw, 201px\" \/><\/a>ANIN<\/a><\/strong><\/p>\n<p>L\u2019Associaci\u00f3 de Narradors i Narradores va ser fundada l&#8217;any 1998 per  tal de treballar per la divulgaci\u00f3, consolidaci\u00f3 i millora de la  narraci\u00f3 oral. Al llarg del temps, ha portat a terme nombrosos actes i  manifestacions p\u00fabliques per a la promoci\u00f3 d&#8217;aquests objectius.  Actualment t\u00e9 uns 80 membres associats, entre els quals hi ha narradors  professionals, estudiosos de la narraci\u00f3, i amants d&#8217;aquest art.<\/p>\n<p><span style=\"color: #ffffff;\">.<\/span><\/p>\n<p><strong>CONTES DELS GRIMM PER L&#8217;ANIN (P\u00daBLIC INFANTIL)<\/strong><\/p>\n<p><span style=\"color: #ffffff;\">.<\/span><\/p>\n<p>Sessions de contes per a p\u00fablic infantil i familiar, a c\u00e0rrec de diferents narradores i narradors d\u2019ANIN que participen al projecte Grimm.<br \/>\nAquest projecte \u00e9s una iniciativa internacional de narradors europeus celebrar l\u2019any 2012 el bicentenari de la primera publicaci\u00f3 dels <em>Contes per la inf\u00e0ncia i la llar<\/em> de Jacob i Wilhelm Grimm (1812).<\/p>\n<p><span style=\"color: #ffffff;\">.<\/span><\/p>\n<p><strong>CONTES DELS GRIMM PER L&#8217;ANIN (P\u00daBLIC ADULT)<br \/>\n<span style=\"color: #ffffff;\">.<\/span><\/strong><\/p>\n<p>Sessions de contes a c\u00e0rrec de diferents narradores i narradors d\u2019ANIN que participen al projecte Grimm.<br \/>\nAquest projecte \u00e9s una iniciativa internacional de narradors europeus celebrar l\u2019any 2012 el bicentenari de la primera publicaci\u00f3 dels <em>Contes per la inf\u00e0ncia i la llar<\/em> de Jacob i Wilhelm Grimm (1812).<\/p>\n<p><span style=\"color: #ffffff;\"><\/span><\/p>\n","protected":false},"excerpt":{"rendered":"<p>. ANIN L\u2019Associaci\u00f3 de Narradors i Narradores va ser fundada l&#8217;any 1998 per tal de treballar per la divulgaci\u00f3, consolidaci\u00f3 i millora de la narraci\u00f3 oral. Al llarg del temps, ha portat a terme nombrosos actes i manifestacions p\u00fabliques per a la promoci\u00f3 d&#8217;aquests objectius. Actualment t\u00e9 uns 80 membres associats, entre els quals hi [&hellip;]<\/p>\n","protected":false},"author":1,"featured_media":0,"parent":0,"menu_order":0,"comment_status":"open","ping_status":"open","template":"","meta":[],"_links":{"self":[{"href":"https:\/\/www.muntdemots.org\/2011\/wp-json\/wp\/v2\/pages\/3462"}],"collection":[{"href":"https:\/\/www.muntdemots.org\/2011\/wp-json\/wp\/v2\/pages"}],"about":[{"href":"https:\/\/www.muntdemots.org\/2011\/wp-json\/wp\/v2\/types\/page"}],"author":[{"embeddable":true,"href":"https:\/\/www.muntdemots.org\/2011\/wp-json\/wp\/v2\/users\/1"}],"replies":[{"embeddable":true,"href":"https:\/\/www.muntdemots.org\/2011\/wp-json\/wp\/v2\/comments?post=3462"}],"version-history":[{"count":7,"href":"https:\/\/www.muntdemots.org\/2011\/wp-json\/wp\/v2\/pages\/3462\/revisions"}],"predecessor-version":[{"id":3553,"href":"https:\/\/www.muntdemots.org\/2011\/wp-json\/wp\/v2\/pages\/3462\/revisions\/3553"}],"wp:attachment":[{"href":"https:\/\/www.muntdemots.org\/2011\/wp-json\/wp\/v2\/media?parent=3462"}],"curies":[{"name":"wp","href":"https:\/\/api.w.org\/{rel}","templated":true}]}}