{"id":3435,"date":"2011-09-19T11:06:07","date_gmt":"2011-09-19T11:06:07","guid":{"rendered":"http:\/\/www.muntdemots.org\/?page_id=3435"},"modified":"2011-09-19T11:12:58","modified_gmt":"2011-09-19T11:12:58","slug":"caixa-d%e2%80%99eines-del-teatro-de-los-sentidos","status":"publish","type":"page","link":"https:\/\/www.muntdemots.org\/2011\/caixa-d%e2%80%99eines-del-teatro-de-los-sentidos\/","title":{"rendered":"Caixa d\u2019Eines del Teatro de los Sentidos"},"content":{"rendered":"<p><span style=\"color: #ffffff;\">.<\/span><\/p>\n<p><strong>CUENTOS DEL BOSQUE<\/strong><br \/>\n<span style=\"color: #ffffff;\">.<\/span><\/p>\n<p>Les actrius i els actors de la Caixa d\u2019Eines s\u00f3n tamb\u00e9 excel\u00b7lents Contacontes. La prova d\u2019aix\u00f2 ser\u00e0 aquesta sessi\u00f3 d\u2019hist\u00f2ries contades al mateix bosc que, de tant apar\u00e8ixer als contes ha acabat apareixent aqu\u00ed, a Barcelona, on est\u00e0 el Polvor\u00ed de Montju\u00efc. I en aquest bosc succeeixen moltes coses&#8230;<\/p>\n<p><span style=\"color: #ffffff;\">.<\/span><\/p>\n<p><strong>CAIXA D&#8217;EINES DEL TEATRO DE LOS SENTIDOS<\/strong><br \/>\n<span style=\"color: #ffffff;\">.<\/span><\/p>\n<p>La Caixa d\u2019Eines \u00e9s, des de fa 20 anys, un espai de creaci\u00f3, producci\u00f3 i formaci\u00f3 que reuneix joves creadors d\u2019arreu d\u2019Europa.<\/p>\n","protected":false},"excerpt":{"rendered":"<p>. CUENTOS DEL BOSQUE . Les actrius i els actors de la Caixa d\u2019Eines s\u00f3n tamb\u00e9 excel\u00b7lents Contacontes. La prova d\u2019aix\u00f2 ser\u00e0 aquesta sessi\u00f3 d\u2019hist\u00f2ries contades al mateix bosc que, de tant apar\u00e8ixer als contes ha acabat apareixent aqu\u00ed, a Barcelona, on est\u00e0 el Polvor\u00ed de Montju\u00efc. I en aquest bosc succeeixen moltes coses&#8230; . [&hellip;]<\/p>\n","protected":false},"author":1,"featured_media":0,"parent":0,"menu_order":0,"comment_status":"open","ping_status":"open","template":"","meta":[],"_links":{"self":[{"href":"https:\/\/www.muntdemots.org\/2011\/wp-json\/wp\/v2\/pages\/3435"}],"collection":[{"href":"https:\/\/www.muntdemots.org\/2011\/wp-json\/wp\/v2\/pages"}],"about":[{"href":"https:\/\/www.muntdemots.org\/2011\/wp-json\/wp\/v2\/types\/page"}],"author":[{"embeddable":true,"href":"https:\/\/www.muntdemots.org\/2011\/wp-json\/wp\/v2\/users\/1"}],"replies":[{"embeddable":true,"href":"https:\/\/www.muntdemots.org\/2011\/wp-json\/wp\/v2\/comments?post=3435"}],"version-history":[{"count":3,"href":"https:\/\/www.muntdemots.org\/2011\/wp-json\/wp\/v2\/pages\/3435\/revisions"}],"predecessor-version":[{"id":3438,"href":"https:\/\/www.muntdemots.org\/2011\/wp-json\/wp\/v2\/pages\/3435\/revisions\/3438"}],"wp:attachment":[{"href":"https:\/\/www.muntdemots.org\/2011\/wp-json\/wp\/v2\/media?parent=3435"}],"curies":[{"name":"wp","href":"https:\/\/api.w.org\/{rel}","templated":true}]}}