{"id":3425,"date":"2011-09-19T10:47:42","date_gmt":"2011-09-19T10:47:42","guid":{"rendered":"http:\/\/www.muntdemots.org\/?page_id=3425"},"modified":"2011-09-22T15:19:31","modified_gmt":"2011-09-22T15:19:31","slug":"maria-dolors-gali","status":"publish","type":"page","link":"https:\/\/www.muntdemots.org\/2011\/maria-dolors-gali\/","title":{"rendered":"Maria Dolors Gal\u00ed"},"content":{"rendered":"<p><span style=\"color: #ffffff;\">.<\/span><\/p>\n<p><span style=\"color: #ffffff;\"> <\/span><\/p>\n<p><strong><a href=\"https:\/\/www.muntdemots.org\/2011\/wp-content\/uploads\/2011\/09\/LOLA-6.jpg\"><img decoding=\"async\" loading=\"lazy\" class=\"alignleft size-medium wp-image-3921\" title=\"LOLA 6\" src=\"https:\/\/www.muntdemots.org\/2011\/wp-content\/uploads\/2011\/09\/LOLA-6-200x300.jpg\" alt=\"\" width=\"200\" height=\"300\" srcset=\"https:\/\/www.muntdemots.org\/2011\/wp-content\/uploads\/2011\/09\/LOLA-6-200x300.jpg 200w, https:\/\/www.muntdemots.org\/2011\/wp-content\/uploads\/2011\/09\/LOLA-6.jpg 343w\" sizes=\"(max-width: 200px) 100vw, 200px\" \/><\/a>MARIA DOLORS GAL\u00cd<\/strong><br \/>\n<strong>Lola la Encandora<br \/>\n<span style=\"color: #ffffff;\">.<\/span><\/strong><\/p>\n<p>\u00c9s  una barcelonina vital i amb empenta que va n\u00e9ixer en una fam\u00edlia   apassionada pels contes aix\u00ed que va caixer al caliu de totes aquelles   hist\u00f2ries que escoltava i que ella mateixa explicava. Per\u00f2 amb el pas   dels anys va comen\u00e7ar a trobar a faltar aquella felicitat que donava i   rebia quan contava aquells contes de la seva inf\u00e0ncia, aix\u00f2 la va portar   a participar als talles de narraci\u00f3 oral <em>Atrapa la paraula<\/em> de   la Xarxa de Biblioteques de Barcelona. Des del 2008 que torna a  contar,  explicant els seus contes a tothom, a tot arreu i a tota  hora&#8230; fins i  tot a les cues del mercat.<\/p>\n<p><span style=\"color: #ffffff;\">.<\/span><\/p>\n<p><strong>CONTES PETONERS<br \/>\n<span style=\"color: #ffffff;\">.<\/span><\/strong><\/p>\n<p>Un pessic de Pols de Silenci i unes gotes d\u2019Imaginaci\u00f3 \u00e9s l\u2019\u00fanic que us far\u00e0 falta per trobar tots els colors que tenen els petons, tastar tots els gustos que poden tenir, per participar i descobrir qu\u00e8 s\u2019amaga dins la caixa dels petons&#8230; i fins i tot somiar una melodia plena de la m\u00e0gia dels petons.<\/p>\n<p><span style=\"color: #ffffff;\">.<\/span><\/p>\n<p><strong>PICANTS, DOL\u00c7OS I SALATS<\/strong><br \/>\n<span style=\"color: #ffffff;\">.<\/span><\/p>\n<p>diuen que el llibre dels gustos no est\u00e0 escrit, tant cert com que cada persona \u00e9s un m\u00f3n i que aquests contes que escoltareu s\u00f3n deliciosos per a qualsevol paladar. Els trobareu misteriosos, divertits, \u00e0cids, sorprenents, agosarats&#8230; per\u00f2 tots deixen un bon regust en boca i ganes de repetir.<\/p>\n","protected":false},"excerpt":{"rendered":"<p>. MARIA DOLORS GAL\u00cd Lola la Encandora . \u00c9s una barcelonina vital i amb empenta que va n\u00e9ixer en una fam\u00edlia apassionada pels contes aix\u00ed que va caixer al caliu de totes aquelles hist\u00f2ries que escoltava i que ella mateixa explicava. Per\u00f2 amb el pas dels anys va comen\u00e7ar a trobar a faltar aquella felicitat [&hellip;]<\/p>\n","protected":false},"author":1,"featured_media":0,"parent":0,"menu_order":0,"comment_status":"open","ping_status":"open","template":"","meta":[],"_links":{"self":[{"href":"https:\/\/www.muntdemots.org\/2011\/wp-json\/wp\/v2\/pages\/3425"}],"collection":[{"href":"https:\/\/www.muntdemots.org\/2011\/wp-json\/wp\/v2\/pages"}],"about":[{"href":"https:\/\/www.muntdemots.org\/2011\/wp-json\/wp\/v2\/types\/page"}],"author":[{"embeddable":true,"href":"https:\/\/www.muntdemots.org\/2011\/wp-json\/wp\/v2\/users\/1"}],"replies":[{"embeddable":true,"href":"https:\/\/www.muntdemots.org\/2011\/wp-json\/wp\/v2\/comments?post=3425"}],"version-history":[{"count":9,"href":"https:\/\/www.muntdemots.org\/2011\/wp-json\/wp\/v2\/pages\/3425\/revisions"}],"predecessor-version":[{"id":3428,"href":"https:\/\/www.muntdemots.org\/2011\/wp-json\/wp\/v2\/pages\/3425\/revisions\/3428"}],"wp:attachment":[{"href":"https:\/\/www.muntdemots.org\/2011\/wp-json\/wp\/v2\/media?parent=3425"}],"curies":[{"name":"wp","href":"https:\/\/api.w.org\/{rel}","templated":true}]}}