{"id":3419,"date":"2011-09-19T10:39:35","date_gmt":"2011-09-19T10:39:35","guid":{"rendered":"http:\/\/www.muntdemots.org\/?page_id=3419"},"modified":"2011-09-19T10:45:21","modified_gmt":"2011-09-19T10:45:21","slug":"trobada-de-narradores-i-narradors","status":"publish","type":"page","link":"https:\/\/www.muntdemots.org\/2011\/trobada-de-narradores-i-narradors\/","title":{"rendered":"Trobada de Narradores i Narradors"},"content":{"rendered":"<p><span style=\"color: #ffffff;\">.<\/span><\/p>\n<p>Un espai per a con\u00e8ixer-nos, recon\u00e8ixer-nos i posar-nos al dia dels sobre els vaivens de l\u2019ofici, sobre l\u2019art de narrar, per\u00f2 tamb\u00e9 sobre els projectes que han de venir&#8230;<br \/>\nNo \u00e9s una reuni\u00f3 formal per estar seriosos (d\u2019aquestes ja n\u2019hi haur\u00e0!). \u00c9s el moment per conversar en grup, compartir secrets en privat, o per insuflar \u00e0nim a les masses.<br \/>\nEn fi, una trobada per seguir junts.<\/p>\n","protected":false},"excerpt":{"rendered":"<p>. Un espai per a con\u00e8ixer-nos, recon\u00e8ixer-nos i posar-nos al dia dels sobre els vaivens de l\u2019ofici, sobre l\u2019art de narrar, per\u00f2 tamb\u00e9 sobre els projectes que han de venir&#8230; No \u00e9s una reuni\u00f3 formal per estar seriosos (d\u2019aquestes ja n\u2019hi haur\u00e0!). \u00c9s el moment per conversar en grup, compartir secrets en privat, o per [&hellip;]<\/p>\n","protected":false},"author":1,"featured_media":0,"parent":0,"menu_order":0,"comment_status":"open","ping_status":"open","template":"","meta":[],"_links":{"self":[{"href":"https:\/\/www.muntdemots.org\/2011\/wp-json\/wp\/v2\/pages\/3419"}],"collection":[{"href":"https:\/\/www.muntdemots.org\/2011\/wp-json\/wp\/v2\/pages"}],"about":[{"href":"https:\/\/www.muntdemots.org\/2011\/wp-json\/wp\/v2\/types\/page"}],"author":[{"embeddable":true,"href":"https:\/\/www.muntdemots.org\/2011\/wp-json\/wp\/v2\/users\/1"}],"replies":[{"embeddable":true,"href":"https:\/\/www.muntdemots.org\/2011\/wp-json\/wp\/v2\/comments?post=3419"}],"version-history":[{"count":3,"href":"https:\/\/www.muntdemots.org\/2011\/wp-json\/wp\/v2\/pages\/3419\/revisions"}],"predecessor-version":[{"id":3422,"href":"https:\/\/www.muntdemots.org\/2011\/wp-json\/wp\/v2\/pages\/3419\/revisions\/3422"}],"wp:attachment":[{"href":"https:\/\/www.muntdemots.org\/2011\/wp-json\/wp\/v2\/media?parent=3419"}],"curies":[{"name":"wp","href":"https:\/\/api.w.org\/{rel}","templated":true}]}}