{"id":3389,"date":"2011-09-19T09:57:43","date_gmt":"2011-09-19T09:57:43","guid":{"rendered":"http:\/\/www.muntdemots.org\/?page_id=3389"},"modified":"2011-10-05T16:33:18","modified_gmt":"2011-10-05T16:33:18","slug":"arnau-vilardebo","status":"publish","type":"page","link":"https:\/\/www.muntdemots.org\/2011\/arnau-vilardebo\/","title":{"rendered":"Arnau Vilardeb\u00f2"},"content":{"rendered":"<p><span style=\"color: #ffffff;\"><a href=\"https:\/\/www.muntdemots.org\/2011\/wp-content\/uploads\/2011\/09\/ARNAU-2.jpg\"><img decoding=\"async\" loading=\"lazy\" class=\"alignleft size-medium wp-image-3574\" title=\"ARNAU 2\" src=\"https:\/\/www.muntdemots.org\/2011\/wp-content\/uploads\/2011\/09\/ARNAU-2-300x168.jpg\" alt=\"\" width=\"283\" height=\"158\" srcset=\"https:\/\/www.muntdemots.org\/2011\/wp-content\/uploads\/2011\/09\/ARNAU-2-300x168.jpg 300w, https:\/\/www.muntdemots.org\/2011\/wp-content\/uploads\/2011\/09\/ARNAU-2-1024x576.jpg 1024w, https:\/\/www.muntdemots.org\/2011\/wp-content\/uploads\/2011\/09\/ARNAU-2.jpg 1280w\" sizes=\"(max-width: 283px) 100vw, 283px\" \/><\/a><\/span><a href=\"http:\/\/arnauvilardebo.com\/\" target=\"_blank\"><strong>ARNAU VILARDEB\u00d2<\/strong><\/a><br \/>\n<a href=\"http:\/\/arnauvilardebo.com\/\" target=\"_blank\">http:\/\/arnauvilardebo.com\/<\/a><\/p>\n<p>Despr\u00e8s de molts anys de fer teatre, cinema i televisi\u00f3 com actor i  organitzador, va trobar el seu propi estil en la narraci\u00f3 oral en  descobrir el m\u00e9s divertit i profund tractat de psicologia humana: la  mitologia grega. <em>Taure, Cosmologia, Neixen d\u00e9us, Aquari, 88 infinits, Divines seduccions, S\u00edsif<\/em>,  s\u00f3n alguns del t\u00edtols que ha passejat, en diversos idiomes, per tota  mena de festivals a Europa (Fran\u00e7a, Alemanya, Anglaterra) i Am\u00e8rica  Llatina (Col\u00f2mbia, Equador, Per\u00fa, Cuba&#8230;)<\/p>\n<p><span style=\"color: #ffffff;\">.<\/span><\/p>\n<p><strong>DIVINES SEDUCCIONS (88 INFINITS)<\/strong><br \/>\n<span style=\"color: #ffffff;\">.<\/span><\/p>\n<p>Un espectacle seri\u00f3s d&#8217;humor sobre les formes, els mites i la saviesa amagada a les constel\u00b7lacions del cel. Coneixes la mitologia del teu signe zodiacal?<br \/>\nVine a gaudir de la m\u00e9s divertida i profunda enciclop\u00e8dia de psicologia humana: la mitologia grega.<\/p>\n<p><span style=\"color: #ffffff;\">.<\/span><\/p>\n<p><strong>CUENTOS AMERICATALANOS EN EL TANTARANTANA<br \/>\n<span style=\"color: #ffffff;\">.<\/span><\/strong><\/p>\n<p>Un encontre amb l\u2019art dels i les contacontes d\u2019Am\u00e8rica i de  Catalunya. Un espectacle en qu\u00e8 la paraula viva, desprove\u00efda  d\u2019artificis, proposa la creaci\u00f3 de diferents mons, nascuts a partir de  la literatura i la imaginaci\u00f3 pr\u00f2pia de dos llocs distants per\u00f2 no tant  diferents, units aquests cop per la creaci\u00f3.<\/p>\n<p>Els narradors i narradores d\u2019aquest espectacle compartiran les seves  hist\u00f2ries, les seves visions del m\u00f3n amb un p\u00fablic disposat a viatjar&#8230;<\/p>\n<p>A c\u00e0rrec de:<\/p>\n<p><strong>Arnau Vilardeb\u00f3<\/strong> (Catalunya), <strong>Isabela M\u00e9ndez<\/strong> (Vene\u00e7uela), <strong>Martha Escudero<\/strong> (M\u00e8xic), <strong>M\u00f2nica Torra <\/strong>(Catalunya) i <strong>Willo<\/strong> (Col\u00f2mbia).<\/p>\n<p><span style=\"color: #ffffff;\">.<\/span><\/p>\n<p>&nbsp;<\/p>\n","protected":false},"excerpt":{"rendered":"<p>ARNAU VILARDEB\u00d2 http:\/\/arnauvilardebo.com\/ Despr\u00e8s de molts anys de fer teatre, cinema i televisi\u00f3 com actor i organitzador, va trobar el seu propi estil en la narraci\u00f3 oral en descobrir el m\u00e9s divertit i profund tractat de psicologia humana: la mitologia grega. Taure, Cosmologia, Neixen d\u00e9us, Aquari, 88 infinits, Divines seduccions, S\u00edsif, s\u00f3n alguns del t\u00edtols [&hellip;]<\/p>\n","protected":false},"author":1,"featured_media":0,"parent":0,"menu_order":0,"comment_status":"open","ping_status":"open","template":"","meta":[],"_links":{"self":[{"href":"https:\/\/www.muntdemots.org\/2011\/wp-json\/wp\/v2\/pages\/3389"}],"collection":[{"href":"https:\/\/www.muntdemots.org\/2011\/wp-json\/wp\/v2\/pages"}],"about":[{"href":"https:\/\/www.muntdemots.org\/2011\/wp-json\/wp\/v2\/types\/page"}],"author":[{"embeddable":true,"href":"https:\/\/www.muntdemots.org\/2011\/wp-json\/wp\/v2\/users\/1"}],"replies":[{"embeddable":true,"href":"https:\/\/www.muntdemots.org\/2011\/wp-json\/wp\/v2\/comments?post=3389"}],"version-history":[{"count":12,"href":"https:\/\/www.muntdemots.org\/2011\/wp-json\/wp\/v2\/pages\/3389\/revisions"}],"predecessor-version":[{"id":3393,"href":"https:\/\/www.muntdemots.org\/2011\/wp-json\/wp\/v2\/pages\/3389\/revisions\/3393"}],"wp:attachment":[{"href":"https:\/\/www.muntdemots.org\/2011\/wp-json\/wp\/v2\/media?parent=3389"}],"curies":[{"name":"wp","href":"https:\/\/api.w.org\/{rel}","templated":true}]}}