{"id":3382,"date":"2011-09-19T09:50:56","date_gmt":"2011-09-19T09:50:56","guid":{"rendered":"http:\/\/www.muntdemots.org\/?page_id=3382"},"modified":"2011-09-22T14:47:47","modified_gmt":"2011-09-22T14:47:47","slug":"jose-manuel-garzon","status":"publish","type":"page","link":"https:\/\/www.muntdemots.org\/2011\/jose-manuel-garzon\/","title":{"rendered":"Jos\u00e9 Manuel Garz\u00f3n"},"content":{"rendered":"<p><span style=\"color: #ffffff;\">.<\/span><\/p>\n<p><strong><a href=\"https:\/\/www.muntdemots.org\/2011\/wp-content\/uploads\/2011\/09\/Garz\u00f3n-3.jpg\"><img decoding=\"async\" loading=\"lazy\" class=\"alignleft size-medium wp-image-3883\" title=\"Garz\u00f3n 3\" src=\"https:\/\/www.muntdemots.org\/2011\/wp-content\/uploads\/2011\/09\/Garz\u00f3n-3-225x300.jpg\" alt=\"\" width=\"225\" height=\"300\" srcset=\"https:\/\/www.muntdemots.org\/2011\/wp-content\/uploads\/2011\/09\/Garz\u00f3n-3-225x300.jpg 225w, https:\/\/www.muntdemots.org\/2011\/wp-content\/uploads\/2011\/09\/Garz\u00f3n-3.jpg 300w\" sizes=\"(max-width: 225px) 100vw, 225px\" \/><\/a><\/strong><\/p>\n<p>&nbsp;<\/p>\n<p><strong>JOS\u00c9 MANUEL GARZ\u00d3N<\/strong><span style=\"color: #ffffff;\">.<\/span><\/p>\n<p>Actor, director, narrador oral, amb m\u00e9s de vint anys de carrera professional. Des de 1983 pertany a la <em>Compa\u00f1\u00eda de Teatro La Car\u00e1tula, <\/em>una  de las m\u00e9s prestigioses del panorama teatral espanyol, amb la que ha  recorregut teatres de tota la geografia espanyola aix\u00ed com Fran\u00e7a,  Anglaterra, It\u00e0lia, Vene\u00e7uela, Col\u00f2mbia, M\u00e8xic, Cuba o els Estats Units.  Actualment, dirigeix l\u2019<em>Aula de Teatro de la Universidad Miguel Hern\u00e1ndez<\/em>, a Elx, i la <em>Compa\u00f1\u00eda de Teatro Musical de Espa\u00f1a.<\/em><\/p>\n<p><em><span style=\"color: #ffffff;\">.<\/span><br \/>\n<\/em><\/p>\n<p><span style=\"color: #ffffff;\">.<\/span><\/p>\n<p><strong>A QUIEN CORRESPONDA<\/strong><br \/>\n<span style=\"color: #ffffff;\">.<\/span><\/p>\n<p>Contes contemporanis d\u2019autors espanyols com Juan Jos\u00e9 Mill\u00e1s, Quim Monz\u00f3 o Francisco Garc\u00eda Pav\u00f3n, i americans com Eduardo Galeano, Gabriel Garc\u00eda M\u00e1rquez i Mario Benedetti, a m\u00e9s de prestar atenci\u00f3 especial a la tradici\u00f3 popular de la literatura espanyola dels segles XVI, XVII, i XVIII.<\/p>\n","protected":false},"excerpt":{"rendered":"<p>. &nbsp; JOS\u00c9 MANUEL GARZ\u00d3N. Actor, director, narrador oral, amb m\u00e9s de vint anys de carrera professional. Des de 1983 pertany a la Compa\u00f1\u00eda de Teatro La Car\u00e1tula, una de las m\u00e9s prestigioses del panorama teatral espanyol, amb la que ha recorregut teatres de tota la geografia espanyola aix\u00ed com Fran\u00e7a, Anglaterra, It\u00e0lia, Vene\u00e7uela, Col\u00f2mbia, [&hellip;]<\/p>\n","protected":false},"author":1,"featured_media":0,"parent":0,"menu_order":0,"comment_status":"open","ping_status":"open","template":"","meta":[],"_links":{"self":[{"href":"https:\/\/www.muntdemots.org\/2011\/wp-json\/wp\/v2\/pages\/3382"}],"collection":[{"href":"https:\/\/www.muntdemots.org\/2011\/wp-json\/wp\/v2\/pages"}],"about":[{"href":"https:\/\/www.muntdemots.org\/2011\/wp-json\/wp\/v2\/types\/page"}],"author":[{"embeddable":true,"href":"https:\/\/www.muntdemots.org\/2011\/wp-json\/wp\/v2\/users\/1"}],"replies":[{"embeddable":true,"href":"https:\/\/www.muntdemots.org\/2011\/wp-json\/wp\/v2\/comments?post=3382"}],"version-history":[{"count":7,"href":"https:\/\/www.muntdemots.org\/2011\/wp-json\/wp\/v2\/pages\/3382\/revisions"}],"predecessor-version":[{"id":3887,"href":"https:\/\/www.muntdemots.org\/2011\/wp-json\/wp\/v2\/pages\/3382\/revisions\/3887"}],"wp:attachment":[{"href":"https:\/\/www.muntdemots.org\/2011\/wp-json\/wp\/v2\/media?parent=3382"}],"curies":[{"name":"wp","href":"https:\/\/api.w.org\/{rel}","templated":true}]}}