{"id":3375,"date":"2011-09-19T09:43:42","date_gmt":"2011-09-19T09:43:42","guid":{"rendered":"http:\/\/www.muntdemots.org\/?page_id=3375"},"modified":"2011-10-03T17:35:37","modified_gmt":"2011-10-03T17:35:37","slug":"matinals-infantils-del-c-a-t","status":"publish","type":"page","link":"https:\/\/www.muntdemots.org\/2011\/matinals-infantils-del-c-a-t\/","title":{"rendered":"Matinals Infantils del C.A.T."},"content":{"rendered":"<p><span style=\"color: #ffffff;\">.<\/span><\/p>\n<p>Les Matinals Infantils del C.A.T. es fan cada any de gener a mar\u00e7 dins del Festival Tradicion\u00e0rius. Aquesta vegada una Matinal especial amb <strong>BESTIARI<\/strong>:<\/p>\n<p><span style=\"color: #ffffff;\">.<\/span><\/p>\n<p><a href=\"https:\/\/www.muntdemots.org\/2011\/wp-content\/uploads\/2011\/09\/CECILIA-BELLORIN-2.jpg\"><img decoding=\"async\" loading=\"lazy\" class=\"size-medium wp-image-4367 alignleft\" title=\"CECILIA BELLORIN 2\" src=\"https:\/\/www.muntdemots.org\/2011\/wp-content\/uploads\/2011\/09\/CECILIA-BELLORIN-2-300x145.jpg\" alt=\"\" width=\"230\" height=\"111\" srcset=\"https:\/\/www.muntdemots.org\/2011\/wp-content\/uploads\/2011\/09\/CECILIA-BELLORIN-2-300x145.jpg 300w, https:\/\/www.muntdemots.org\/2011\/wp-content\/uploads\/2011\/09\/CECILIA-BELLORIN-2.jpg 320w\" sizes=\"(max-width: 230px) 100vw, 230px\" \/><\/a>La <strong>Cecilia Bellor\u00edn<\/strong> ens explicar\u00e0 les desventures del poll i la pu\u00e7a que es volen casar. A Catalunya diu que hi conviden el mosquit i el grill, a Vene\u00e7uela <em>zamuros<\/em> i <em>mapurites<\/em> i a M\u00e8xic <em>gorgojos<\/em> i <em>changuitos<\/em>.<\/p>\n<p>&nbsp;<\/p>\n<p>&nbsp;<\/p>\n<p><span style=\"color: #ffffff;\">.<\/span><\/p>\n<p><strong><strong><a href=\"https:\/\/www.muntdemots.org\/2011\/wp-content\/uploads\/2011\/09\/ara_va_de_bo.jpg\"><img decoding=\"async\" loading=\"lazy\" class=\"size-full wp-image-4368 alignleft\" title=\"ara_va_de_bo\" src=\"https:\/\/www.muntdemots.org\/2011\/wp-content\/uploads\/2011\/09\/ara_va_de_bo.jpg\" alt=\"\" width=\"205\" height=\"199\" \/><\/a><\/strong>Ara Va de Bo<\/strong> ens donar\u00e0 a con\u00e8ixer l\u2019origen de la cuca de llum amb un conte que t\u00e9 can\u00e7ons de Josep Maria Andreu i dibuixos de Fina Rif\u00e0.<\/p>\n<p><strong> <\/strong><\/p>\n<p>&nbsp;<\/p>\n<p><span style=\"color: #ffffff;\">.<\/span><\/p>\n<p>&nbsp;<\/p>\n<p>&nbsp;<\/p>\n<p>&nbsp;<\/p>\n<p>&nbsp;<\/p>\n<p><span style=\"color: #ffffff;\">.<\/span><\/p>\n<p><strong><a href=\"https:\/\/www.muntdemots.org\/2011\/wp-content\/uploads\/2011\/09\/LA-BICICLETA-EN-MATINALS-TRADICIONARIUS.jpg\"><img decoding=\"async\" loading=\"lazy\" class=\"alignleft size-medium wp-image-4369\" title=\"LA BICICLETA EN MATINALS TRADICIONARIUS\" src=\"https:\/\/www.muntdemots.org\/2011\/wp-content\/uploads\/2011\/09\/LA-BICICLETA-EN-MATINALS-TRADICIONARIUS-300x225.jpg\" alt=\"\" width=\"237\" height=\"178\" srcset=\"https:\/\/www.muntdemots.org\/2011\/wp-content\/uploads\/2011\/09\/LA-BICICLETA-EN-MATINALS-TRADICIONARIUS-300x225.jpg 300w, https:\/\/www.muntdemots.org\/2011\/wp-content\/uploads\/2011\/09\/LA-BICICLETA-EN-MATINALS-TRADICIONARIUS.jpg 500w\" sizes=\"(max-width: 237px) 100vw, 237px\" \/><\/a>La Bicicle<\/strong><strong>t<\/strong><strong>a<\/strong> cantar\u00e0 les hist\u00f2ries d\u2019una guineu i contar\u00e0 all\u00f2 que s\u2019esdevingu\u00e9 a un elefant de l\u2019\u00cdndia. Contes i can\u00e7ons amb un toc gastron\u00f2mic del Professor Pag\u00e8s.<\/p>\n<p style=\"text-align: center;\"><span style=\"color: #ffffff;\">.<\/span><\/p>\n<p style=\"text-align: center;\">&nbsp;<\/p>\n<p style=\"text-align: center;\"><span style=\"color: #ffffff;\">.<\/span><\/p>\n<p>&nbsp;<\/p>\n","protected":false},"excerpt":{"rendered":"<p>. Les Matinals Infantils del C.A.T. es fan cada any de gener a mar\u00e7 dins del Festival Tradicion\u00e0rius. Aquesta vegada una Matinal especial amb BESTIARI: . La Cecilia Bellor\u00edn ens explicar\u00e0 les desventures del poll i la pu\u00e7a que es volen casar. A Catalunya diu que hi conviden el mosquit i el grill, a Vene\u00e7uela [&hellip;]<\/p>\n","protected":false},"author":1,"featured_media":0,"parent":0,"menu_order":0,"comment_status":"open","ping_status":"open","template":"","meta":[],"_links":{"self":[{"href":"https:\/\/www.muntdemots.org\/2011\/wp-json\/wp\/v2\/pages\/3375"}],"collection":[{"href":"https:\/\/www.muntdemots.org\/2011\/wp-json\/wp\/v2\/pages"}],"about":[{"href":"https:\/\/www.muntdemots.org\/2011\/wp-json\/wp\/v2\/types\/page"}],"author":[{"embeddable":true,"href":"https:\/\/www.muntdemots.org\/2011\/wp-json\/wp\/v2\/users\/1"}],"replies":[{"embeddable":true,"href":"https:\/\/www.muntdemots.org\/2011\/wp-json\/wp\/v2\/comments?post=3375"}],"version-history":[{"count":14,"href":"https:\/\/www.muntdemots.org\/2011\/wp-json\/wp\/v2\/pages\/3375\/revisions"}],"predecessor-version":[{"id":3377,"href":"https:\/\/www.muntdemots.org\/2011\/wp-json\/wp\/v2\/pages\/3375\/revisions\/3377"}],"wp:attachment":[{"href":"https:\/\/www.muntdemots.org\/2011\/wp-json\/wp\/v2\/media?parent=3375"}],"curies":[{"name":"wp","href":"https:\/\/api.w.org\/{rel}","templated":true}]}}