{"id":3369,"date":"2011-09-19T09:37:12","date_gmt":"2011-09-19T09:37:12","guid":{"rendered":"http:\/\/www.muntdemots.org\/?page_id=3369"},"modified":"2011-09-27T12:28:39","modified_gmt":"2011-09-27T12:28:39","slug":"linsabel-noguera","status":"publish","type":"page","link":"https:\/\/www.muntdemots.org\/2011\/linsabel-noguera\/","title":{"rendered":"Linsabel Noguera"},"content":{"rendered":"<p><span style=\"color: #ffffff;\">.<\/span><\/p>\n<p><a href=\"http:\/\/www.laranaencantanda.com\" target=\"_blank\"><strong><\/strong><\/a><strong><a href=\"https:\/\/www.muntdemots.org\/2011\/wp-content\/uploads\/2011\/09\/LINSABEL-NOGUERA-2.jpg\"><img decoding=\"async\" loading=\"lazy\" class=\"alignleft size-medium wp-image-3894\" title=\"LINSABEL NOGUERA 2\" src=\"https:\/\/www.muntdemots.org\/2011\/wp-content\/uploads\/2011\/09\/LINSABEL-NOGUERA-2-300x225.jpg\" alt=\"\" width=\"278\" height=\"209\" srcset=\"https:\/\/www.muntdemots.org\/2011\/wp-content\/uploads\/2011\/09\/LINSABEL-NOGUERA-2-300x225.jpg 300w, https:\/\/www.muntdemots.org\/2011\/wp-content\/uploads\/2011\/09\/LINSABEL-NOGUERA-2.jpg 720w\" sizes=\"(max-width: 278px) 100vw, 278px\" \/><\/a>LINSABEL NOGUERA<\/strong><br \/>\nValencia, Vene\u00e7uela, 1968. Llicenciada en Comunicaci\u00f3 social, actriu,  narradora oral, promotora de lectura i mare. Actualment est\u00e0 realitzant  la seva tesi sobre literatura infantil i juvenil pel M\u00e0ster de la UAB i  dicta c\u00e0tedra de Pedagogia de l\u2019expressi\u00f3 dram\u00e0tica en la Universidad  Cat\u00f3lica Andr\u00e9s Bello. Al 2010 va ser invitada pel <em>Lidice Memorial<\/em> de Praga per dictar tallers d\u2019art per a infants. \u00c9s <em>Premio Nacional del Libro 2008 \u2013 2009, CENAL<\/em>.<\/p>\n<p><span style=\"color: #ffffff;\">.<\/span><\/p>\n<p><strong>AS DE CORAZONES<\/strong><br \/>\n<span style=\"color: #ffffff;\">.<\/span><\/p>\n<p>Contes d\u2019amor per a nens i nenes enamorats. Les hist\u00f2ries d\u2019aquest espectacle parlen del cor, quan el cor \u00e9s petit per\u00f2 sent moltes coses, grans coses. Quan s\u2019estima, el millor \u00e9s ensenyar totes les cartes (totes s\u00f3n cartes d\u2019amor! Tr\u00e8vols, diamants\u2026).\u00a0 Al pit es guarda la m\u00e9s important, la carta que amaguem per una sola persona: l\u2019As de Cors\u2026<\/p>\n<p><span style=\"color: #ffffff;\">.<\/span><\/p>\n<p><strong>TODO UN MUNDO EN LA BOCA<\/strong><br \/>\n<span style=\"color: #ffffff;\">.<\/span><\/p>\n<p>Est\u00e0 parada la taula: contes tradicionals d\u2019\u00c0frica, Xina, Am\u00e8rica Llatina i Europa. Per deixar a la boca el sabor d\u2019una deliciosa degustaci\u00f3 d\u2019oralitat.<br \/>\nI de postres, can\u00e7ons!<br \/>\nPer delectar als petits gurmets de la paraula.<\/p>\n<p><span style=\"color: #ffffff;\">.<\/span><\/p>\n<p><strong>XERRADA: CUENTOS PARA LECTORES QUE NO SABEN LEER<\/strong><br \/>\n<strong>La narraci\u00f3n oral en el parvulario y el desarrollo de competencias lectoras<br \/>\n<span style=\"color: #ffffff;\">.<\/span><\/strong><\/p>\n<p>A partir de l\u2019experi\u00e8ncia del taller de creativitat i promoci\u00f3 de la lectura, <em>Leo, juego i creo <\/em>explorem el desenvolupament d\u2019habilitats per a l\u2019elaboraci\u00f3 narrativa i la comprensi\u00f3 prelectura en el cicle d\u2019educaci\u00f3 inicial, en el qu\u00e8 la narraci\u00f3 \u00e9s el principal recurs d\u2019apropament i est\u00edmul per a incentivar els processos de pensament creatiu vinculats a la lectura.<\/p>\n<p><span style=\"color: #ffffff;\"><strong>.<\/strong><\/span><\/p>\n<p><strong>BR\u00daIXOLA PER A CONTACONTES: EL MAPA EMOCIONAL<br \/>\n<span style=\"color: #ffffff;\">.<\/span><\/strong><\/p>\n<p>Al teixir els sentiments de les hist\u00f2ries, ens desfragmentem en m\u00faltiples emocions personals m\u00e9s les de tants personatges que portem pel cam\u00ed.<br \/>\nCom podem mantenir el centre per transmetre el que realment volem? Un taller per potenciar el nostre <em>chi<\/em>&#8230; i el dels contes.<\/p>\n","protected":false},"excerpt":{"rendered":"<p>. LINSABEL NOGUERA Valencia, Vene\u00e7uela, 1968. Llicenciada en Comunicaci\u00f3 social, actriu, narradora oral, promotora de lectura i mare. Actualment est\u00e0 realitzant la seva tesi sobre literatura infantil i juvenil pel M\u00e0ster de la UAB i dicta c\u00e0tedra de Pedagogia de l\u2019expressi\u00f3 dram\u00e0tica en la Universidad Cat\u00f3lica Andr\u00e9s Bello. Al 2010 va ser invitada pel Lidice [&hellip;]<\/p>\n","protected":false},"author":1,"featured_media":0,"parent":0,"menu_order":0,"comment_status":"open","ping_status":"open","template":"","meta":[],"_links":{"self":[{"href":"https:\/\/www.muntdemots.org\/2011\/wp-json\/wp\/v2\/pages\/3369"}],"collection":[{"href":"https:\/\/www.muntdemots.org\/2011\/wp-json\/wp\/v2\/pages"}],"about":[{"href":"https:\/\/www.muntdemots.org\/2011\/wp-json\/wp\/v2\/types\/page"}],"author":[{"embeddable":true,"href":"https:\/\/www.muntdemots.org\/2011\/wp-json\/wp\/v2\/users\/1"}],"replies":[{"embeddable":true,"href":"https:\/\/www.muntdemots.org\/2011\/wp-json\/wp\/v2\/comments?post=3369"}],"version-history":[{"count":15,"href":"https:\/\/www.muntdemots.org\/2011\/wp-json\/wp\/v2\/pages\/3369\/revisions"}],"predecessor-version":[{"id":3372,"href":"https:\/\/www.muntdemots.org\/2011\/wp-json\/wp\/v2\/pages\/3369\/revisions\/3372"}],"wp:attachment":[{"href":"https:\/\/www.muntdemots.org\/2011\/wp-json\/wp\/v2\/media?parent=3369"}],"curies":[{"name":"wp","href":"https:\/\/api.w.org\/{rel}","templated":true}]}}