{"id":3365,"date":"2011-09-19T09:34:26","date_gmt":"2011-09-19T09:34:26","guid":{"rendered":"http:\/\/www.muntdemots.org\/?page_id=3365"},"modified":"2011-09-30T18:50:19","modified_gmt":"2011-09-30T18:50:19","slug":"carmen-gonzalez","status":"publish","type":"page","link":"https:\/\/www.muntdemots.org\/2011\/carmen-gonzalez\/","title":{"rendered":"Carmen Gonz\u00e1lez"},"content":{"rendered":"<p><span style=\"color: #ffffff;\">.<\/span><\/p>\n<p><strong><a href=\"https:\/\/www.muntdemots.org\/2011\/wp-content\/uploads\/2011\/09\/Carmen-glez-narradora-oral_1.jpg\"><img decoding=\"async\" loading=\"lazy\" class=\"alignleft size-medium wp-image-3813\" title=\"Carmen-glez-narradora-oral_1\" src=\"https:\/\/www.muntdemots.org\/2011\/wp-content\/uploads\/2011\/09\/Carmen-glez-narradora-oral_1-300x225.jpg\" alt=\"\" width=\"216\" height=\"162\" srcset=\"https:\/\/www.muntdemots.org\/2011\/wp-content\/uploads\/2011\/09\/Carmen-glez-narradora-oral_1-300x225.jpg 300w, https:\/\/www.muntdemots.org\/2011\/wp-content\/uploads\/2011\/09\/Carmen-glez-narradora-oral_1.jpg 1024w\" sizes=\"(max-width: 216px) 100vw, 216px\" \/><\/a>CARMEN GONZ\u00c1LEZ<br \/>\n<span style=\"color: #ffffff;\">.<\/span><\/strong><\/p>\n<p>Nascuda a Barcelona, Carmen explica contes des de 2006 a  biblioteques, centres c\u00edvics, caf\u00e8s-teatre, bars, escoles, maratons,  trobades de narraci\u00f3 oral, fires, festivals&#8230; esdeveniments privats i  p\u00fablics i all\u00e0 on hi hagi orelles disposades a escoltar.<\/p>\n<p><span style=\"color: #ffffff;\">.<\/span><\/p>\n<p><strong>LA PELL DELS ALTRES<\/strong><br \/>\n<span style=\"color: #ffffff;\">.<\/span><\/p>\n<p>Qu\u00e8 passaria si un dia t\u2019aixequessis convertida en una extraterrestre?<br \/>\nO si t\u2019haguessin crescut dos nassos?<br \/>\nSeria divertit ser diferent?<\/p>\n","protected":false},"excerpt":{"rendered":"<p>. CARMEN GONZ\u00c1LEZ . Nascuda a Barcelona, Carmen explica contes des de 2006 a biblioteques, centres c\u00edvics, caf\u00e8s-teatre, bars, escoles, maratons, trobades de narraci\u00f3 oral, fires, festivals&#8230; esdeveniments privats i p\u00fablics i all\u00e0 on hi hagi orelles disposades a escoltar. . LA PELL DELS ALTRES . Qu\u00e8 passaria si un dia t\u2019aixequessis convertida en una [&hellip;]<\/p>\n","protected":false},"author":1,"featured_media":0,"parent":0,"menu_order":0,"comment_status":"open","ping_status":"open","template":"","meta":[],"_links":{"self":[{"href":"https:\/\/www.muntdemots.org\/2011\/wp-json\/wp\/v2\/pages\/3365"}],"collection":[{"href":"https:\/\/www.muntdemots.org\/2011\/wp-json\/wp\/v2\/pages"}],"about":[{"href":"https:\/\/www.muntdemots.org\/2011\/wp-json\/wp\/v2\/types\/page"}],"author":[{"embeddable":true,"href":"https:\/\/www.muntdemots.org\/2011\/wp-json\/wp\/v2\/users\/1"}],"replies":[{"embeddable":true,"href":"https:\/\/www.muntdemots.org\/2011\/wp-json\/wp\/v2\/comments?post=3365"}],"version-history":[{"count":10,"href":"https:\/\/www.muntdemots.org\/2011\/wp-json\/wp\/v2\/pages\/3365\/revisions"}],"predecessor-version":[{"id":3452,"href":"https:\/\/www.muntdemots.org\/2011\/wp-json\/wp\/v2\/pages\/3365\/revisions\/3452"}],"wp:attachment":[{"href":"https:\/\/www.muntdemots.org\/2011\/wp-json\/wp\/v2\/media?parent=3365"}],"curies":[{"name":"wp","href":"https:\/\/api.w.org\/{rel}","templated":true}]}}