{"id":3352,"date":"2011-09-16T18:53:58","date_gmt":"2011-09-16T18:53:58","guid":{"rendered":"http:\/\/www.muntdemots.org\/?page_id=3352"},"modified":"2011-10-05T16:40:50","modified_gmt":"2011-10-05T16:40:50","slug":"joan-boher","status":"publish","type":"page","link":"https:\/\/www.muntdemots.org\/2011\/joan-boher\/","title":{"rendered":"Joan Boher"},"content":{"rendered":"<p><span style=\"color: #ffffff;\">.<\/span><\/p>\n<p><strong><a href=\"https:\/\/www.muntdemots.org\/2011\/wp-content\/uploads\/2011\/09\/JOAN-BOHER-1.jpg\"><img decoding=\"async\" loading=\"lazy\" class=\"alignleft size-medium wp-image-3872\" title=\"JOAN BOHER 1\" src=\"https:\/\/www.muntdemots.org\/2011\/wp-content\/uploads\/2011\/09\/JOAN-BOHER-1-300x159.jpg\" alt=\"\" width=\"276\" height=\"145\" \/><\/a><a href=\"http:\/\/www.joanboher.cat\/\" target=\"_blank\">JOAN BOHER<\/a><br \/>\n<\/strong><a href=\"http:\/\/www.joanboher.cat\/\" target=\"_blank\">http:\/\/www.joanboher.cat\/<\/a><br \/>\nLlicenciat en Filologia per la Universitat de Girona, treballa  activament en el camp de la ficci\u00f3 com a narrador, escriptor, guionista i  dramaturg. Amb m\u00e9s de 10 anys de dedicaci\u00f3 professional dins la  narraci\u00f3 oral, ha treballat a biblioteques, escoles i editorials. \u00c9s  membre fundador de l\u2019Associaci\u00f3 de Narradors Professionals. Com a  escriptor, ha\u00a0 publicat diversos relats infantils i per adults.<\/p>\n<p><span style=\"color: #ffffff;\">.<\/span><\/p>\n<p><strong>CONTES PETITS PER A NENS GRANS<span style=\"color: #ffffff;\"><br \/>\n.<\/span><\/strong><br \/>\nDivertid\u00edssima sessi\u00f3 de contes per a adults que proposa una revisi\u00f3 dels contes que han marcat la nostra inf\u00e0ncia: Un Pr\u00edncep Blau que troba una Belladorment&#8230; peculiar. L\u2019extraordinari cas de l\u2019allargament de penis d\u2019en Patufet. I tota la veritat sobre l\u2019ex-delinq\u00fcent Maria Llu\u00efsa P\u00e9rez, m\u00e9s coneguda com a Blancaneus. En fi, una sessi\u00f3&#8230;entranyable. Si no veniu a veure &#8220;Contes petits per a nens grans&#8221; \u00e9s que potser&#8230;ja sou grans.<\/p>\n","protected":false},"excerpt":{"rendered":"<p>. JOAN BOHER http:\/\/www.joanboher.cat\/ Llicenciat en Filologia per la Universitat de Girona, treballa activament en el camp de la ficci\u00f3 com a narrador, escriptor, guionista i dramaturg. Amb m\u00e9s de 10 anys de dedicaci\u00f3 professional dins la narraci\u00f3 oral, ha treballat a biblioteques, escoles i editorials. \u00c9s membre fundador de l\u2019Associaci\u00f3 de Narradors Professionals. Com [&hellip;]<\/p>\n","protected":false},"author":1,"featured_media":0,"parent":0,"menu_order":0,"comment_status":"open","ping_status":"open","template":"","meta":[],"_links":{"self":[{"href":"https:\/\/www.muntdemots.org\/2011\/wp-json\/wp\/v2\/pages\/3352"}],"collection":[{"href":"https:\/\/www.muntdemots.org\/2011\/wp-json\/wp\/v2\/pages"}],"about":[{"href":"https:\/\/www.muntdemots.org\/2011\/wp-json\/wp\/v2\/types\/page"}],"author":[{"embeddable":true,"href":"https:\/\/www.muntdemots.org\/2011\/wp-json\/wp\/v2\/users\/1"}],"replies":[{"embeddable":true,"href":"https:\/\/www.muntdemots.org\/2011\/wp-json\/wp\/v2\/comments?post=3352"}],"version-history":[{"count":10,"href":"https:\/\/www.muntdemots.org\/2011\/wp-json\/wp\/v2\/pages\/3352\/revisions"}],"predecessor-version":[{"id":3356,"href":"https:\/\/www.muntdemots.org\/2011\/wp-json\/wp\/v2\/pages\/3352\/revisions\/3356"}],"wp:attachment":[{"href":"https:\/\/www.muntdemots.org\/2011\/wp-json\/wp\/v2\/media?parent=3352"}],"curies":[{"name":"wp","href":"https:\/\/api.w.org\/{rel}","templated":true}]}}