{"id":3326,"date":"2011-09-16T18:17:23","date_gmt":"2011-09-16T18:17:23","guid":{"rendered":"http:\/\/www.muntdemots.org\/?page_id=3326"},"modified":"2011-10-03T18:15:34","modified_gmt":"2011-10-03T18:15:34","slug":"juan-pablo-fuentes","status":"publish","type":"page","link":"https:\/\/www.muntdemots.org\/2011\/juan-pablo-fuentes\/","title":{"rendered":"Juan Pablo Fuentes"},"content":{"rendered":"<p><span style=\"color: #ffffff;\">.<\/span><\/p>\n<p><strong><a href=\"http:\/\/www.juanpablofuentes.es\/\" target=\"_blank\"><\/a><a href=\"https:\/\/www.muntdemots.org\/2011\/wp-content\/uploads\/2011\/09\/JUAN-PABLO-FUENTES-1.jpg\"><img decoding=\"async\" loading=\"lazy\" class=\"alignleft size-medium wp-image-4223\" title=\"JUAN PABLO FUENTES 1\" src=\"https:\/\/www.muntdemots.org\/2011\/wp-content\/uploads\/2011\/09\/JUAN-PABLO-FUENTES-1-300x225.jpg\" alt=\"\" width=\"249\" height=\"187\" srcset=\"https:\/\/www.muntdemots.org\/2011\/wp-content\/uploads\/2011\/09\/JUAN-PABLO-FUENTES-1-300x225.jpg 300w, https:\/\/www.muntdemots.org\/2011\/wp-content\/uploads\/2011\/09\/JUAN-PABLO-FUENTES-1.jpg 1024w\" sizes=\"(max-width: 249px) 100vw, 249px\" \/><\/a>JUAN PABLO FUENTES<br \/>\n<\/strong><a href=\"http:\/\/www.juanpablofuentes.es\/\" target=\"_blank\">http:\/\/www.juanpablofuentes.es\/<\/a><\/p>\n<p>Formado en la casa Lugaritz de San Sebasti\u00e1n y en la escuela de teatro  La otra orilla de Barcelona, cre\u00f3 la compa\u00f1\u00eda P\u2019alante, actuando en  diversos locales de teatro de Barcelona, Madrid y Guatemala. Con la  compa\u00f1\u00eda Nou Titot mont\u00f3 tres farsas rusas de Chejov y otras obras  c\u00f3micas. Ha actuado en diversas obras de teatro y es colaborador  habitual de diferentes compa\u00f1\u00edas de Zarzuela realizando papeles c\u00f3micos.  Forma parte de los grupos Bocabadats y Tot\u2019s a l\u2019Agora.<\/p>\n<p><strong><span style=\"color: #ffffff;\">.<\/span><br \/>\n<\/strong><\/p>\n<p><strong>TALLER: PRES\u00c8NCIA DIGITAL<\/strong><\/p>\n<p>Taller dirigit a narradores i narradors orals per aprendre a gestionar la seva pres\u00e8ncia a Internet i aconseguir visibilitat del seu perfil professional.<\/p>\n","protected":false},"excerpt":{"rendered":"<p>. JUAN PABLO FUENTES http:\/\/www.juanpablofuentes.es\/ Formado en la casa Lugaritz de San Sebasti\u00e1n y en la escuela de teatro La otra orilla de Barcelona, cre\u00f3 la compa\u00f1\u00eda P\u2019alante, actuando en diversos locales de teatro de Barcelona, Madrid y Guatemala. Con la compa\u00f1\u00eda Nou Titot mont\u00f3 tres farsas rusas de Chejov y otras obras c\u00f3micas. Ha [&hellip;]<\/p>\n","protected":false},"author":1,"featured_media":0,"parent":0,"menu_order":0,"comment_status":"open","ping_status":"open","template":"","meta":[],"_links":{"self":[{"href":"https:\/\/www.muntdemots.org\/2011\/wp-json\/wp\/v2\/pages\/3326"}],"collection":[{"href":"https:\/\/www.muntdemots.org\/2011\/wp-json\/wp\/v2\/pages"}],"about":[{"href":"https:\/\/www.muntdemots.org\/2011\/wp-json\/wp\/v2\/types\/page"}],"author":[{"embeddable":true,"href":"https:\/\/www.muntdemots.org\/2011\/wp-json\/wp\/v2\/users\/1"}],"replies":[{"embeddable":true,"href":"https:\/\/www.muntdemots.org\/2011\/wp-json\/wp\/v2\/comments?post=3326"}],"version-history":[{"count":14,"href":"https:\/\/www.muntdemots.org\/2011\/wp-json\/wp\/v2\/pages\/3326\/revisions"}],"predecessor-version":[{"id":3331,"href":"https:\/\/www.muntdemots.org\/2011\/wp-json\/wp\/v2\/pages\/3326\/revisions\/3331"}],"wp:attachment":[{"href":"https:\/\/www.muntdemots.org\/2011\/wp-json\/wp\/v2\/media?parent=3326"}],"curies":[{"name":"wp","href":"https:\/\/api.w.org\/{rel}","templated":true}]}}