{"id":3321,"date":"2011-09-16T18:12:13","date_gmt":"2011-09-16T18:12:13","guid":{"rendered":"http:\/\/www.muntdemots.org\/?page_id=3321"},"modified":"2011-10-03T17:58:34","modified_gmt":"2011-10-03T17:58:34","slug":"ruben-martinez-santana","status":"publish","type":"page","link":"https:\/\/www.muntdemots.org\/2011\/ruben-martinez-santana\/","title":{"rendered":"Rub\u00e9n Mart\u00ednez Santana"},"content":{"rendered":"<p><strong> <\/strong><span style=\"color: #ffffff;\"> <\/span><strong><a href=\"https:\/\/www.muntdemots.org\/2011\/wp-content\/uploads\/2011\/09\/RUBEN-MARTINEZ-SANTANA.jpg\"><img decoding=\"async\" loading=\"lazy\" class=\"alignleft size-medium wp-image-4386\" title=\"RUBEN MARTINEZ SANTANA\" src=\"https:\/\/www.muntdemots.org\/2011\/wp-content\/uploads\/2011\/09\/RUBEN-MARTINEZ-SANTANA-300x200.jpg\" alt=\"\" width=\"228\" height=\"152\" srcset=\"https:\/\/www.muntdemots.org\/2011\/wp-content\/uploads\/2011\/09\/RUBEN-MARTINEZ-SANTANA-300x200.jpg 300w, https:\/\/www.muntdemots.org\/2011\/wp-content\/uploads\/2011\/09\/RUBEN-MARTINEZ-SANTANA-1024x685.jpg 1024w\" sizes=\"(max-width: 228px) 100vw, 228px\" \/><\/a><a href=\"http:\/\/www.rubenmartinezsantana.com\" target=\"_blank\">RUB\u00c9N MART\u00cdNEZ SANTANA<br \/>\n<\/a><\/strong><a href=\"http:\/\/www.rubenmartinezsantana.com\/\">www.rubenmartinezsantana.com<\/a><a href=\"http:\/\/www.rubenmartinezsantana.com\" target=\"_blank\"><\/a><\/p>\n<p>Vene\u00e7ol\u00e0, periodista i compositor.<br \/>\nNarrador oral des de fa 27 anys.<br \/>\nT\u00e9 llibres de contes, poes\u00eda i teatre publicats.<\/p>\n<p>&nbsp;<\/p>\n<p>&nbsp;<\/p>\n<p>&nbsp;<\/p>\n<p>&nbsp;<\/p>\n<p><span style=\"color: #ffffff;\">.<\/span><\/p>\n<p><strong>TALLER: LABORATORI D\u2019EXPERIMENTACI\u00d3 DEL CONTE<\/strong><\/p>\n<p><strong> <\/strong><\/p>\n<p>Un espai per explorar les possibilitats de la narraci\u00f3 oral i la seva interrelaci\u00f3 amb d\u2019altres disciplines art\u00edstiques com la m\u00fasica, la poesia, l\u2019animaci\u00f3 d\u2019objectes o el teatre.<\/p>\n<p>Tamb\u00e9 investigarem les possibilitats de l\u2019extensi\u00f3 de les t\u00e8cniques pr\u00f2pies de la narraci\u00f3 oral, posant \u00e8mfasi en la veu, el seu control narratiu i els seus matisos, la conversa esc\u00e8nica&#8230; En fi, una bona oportunitat per anar un pas m\u00e9s enll\u00e0 en l\u2019art de contar contes.<\/p>\n<p><span style=\"color: #ffffff;\">.<\/span><\/p>\n<p><strong>EnCANTA CUENTOS<\/strong><br \/>\n<span style=\"color: #ffffff;\">.<\/span><\/p>\n<p>Es tracta de contes que, en molts casos, resulten ser la lletra de les can\u00e7ons composades per ser contades amb l\u2019acompanyament d\u2019instruments tan coneguts com el piano o el celo, i per altres tan fant\u00e0stics com la <em>Kora<\/em>, la <em>kalimba<\/em> o el <em>Cuatro<\/em>.<br \/>\nLa m\u00fasica esdev\u00e9 el pont per al que caminen les hist\u00f2ries, fent impossible saber on acaba una i comen\u00e7a l\u2019altre.<br \/>\nContes que s\u00f3n can\u00e7ons. Cants que s\u00f3n contes. Textos i m\u00fasiques en boca del seu autor. I en Rub\u00e9n, que no canta ni conta, far\u00e0 tot el contrari per convertir-se en un encantador de contes\u2026<br \/>\n<span style=\"color: #ffffff;\">.<\/span><br \/>\n<strong><br \/>\nAutor<\/strong>: Rub\u00e9n Mart\u00ednez Santana<strong><br \/>\nAntonia Parapar<\/strong>, <em>Cello<\/em><strong><br \/>\nErnesto Brice\u00f1o<\/strong>, Piano<strong><br \/>\nHelena Cabo<\/strong>, Voz<strong><br \/>\nIsabela M\u00e9ndez<\/strong>, Voz<strong><br \/>\nRub\u00e9n Mart\u00ednez Santana<\/strong>, Guitarra, Cuatro Venezolano, <em>Kalimba <\/em>(instrument Afric\u00e0)<strong><br \/>\nYerko Fuenzalida<\/strong>, <em>Kora<\/em> (arpa africana)<\/p>\n<p><span style=\"color: #ffffff;\">.<\/span><\/p>\n<p><strong>CUENTOD@OS<\/strong><br \/>\nCondu\u00eft per Rub\u00e9n Mart\u00ednez Santana<br \/>\n<span style=\"color: #ffffff;\">.<\/span><\/p>\n<p>Aquest espai, que enguany compleix els set anys, s\u2019obre i s\u2019ofereix per a qualsevol persona que vulgui compartir contes o, senzillament, venir a escoltar.<br \/>\nDurant l\u2019any, ens trobem cada darrer i primer dijous de mes per a compartir hist\u00f2ries. Especialment, aquestes cites s\u00f3n per donar a molts dels contacontes que s\u2019inicien les seves aventures pel m\u00f3n de la narraci\u00f3 oral un espai on practicar el seu ofici.<br \/>\nEn resum: si tens un conte per explicar o vols escoltar-ne, vine!<\/p>\n<p><span style=\"color: #ffffff;\"> <\/span><\/p>\n<p><strong><br \/>\n<\/strong><\/p>\n","protected":false},"excerpt":{"rendered":"<p>RUB\u00c9N MART\u00cdNEZ SANTANA www.rubenmartinezsantana.com Vene\u00e7ol\u00e0, periodista i compositor. Narrador oral des de fa 27 anys. T\u00e9 llibres de contes, poes\u00eda i teatre publicats. &nbsp; &nbsp; &nbsp; &nbsp; . TALLER: LABORATORI D\u2019EXPERIMENTACI\u00d3 DEL CONTE Un espai per explorar les possibilitats de la narraci\u00f3 oral i la seva interrelaci\u00f3 amb d\u2019altres disciplines art\u00edstiques com la m\u00fasica, la [&hellip;]<\/p>\n","protected":false},"author":1,"featured_media":0,"parent":0,"menu_order":0,"comment_status":"open","ping_status":"open","template":"","meta":[],"_links":{"self":[{"href":"https:\/\/www.muntdemots.org\/2011\/wp-json\/wp\/v2\/pages\/3321"}],"collection":[{"href":"https:\/\/www.muntdemots.org\/2011\/wp-json\/wp\/v2\/pages"}],"about":[{"href":"https:\/\/www.muntdemots.org\/2011\/wp-json\/wp\/v2\/types\/page"}],"author":[{"embeddable":true,"href":"https:\/\/www.muntdemots.org\/2011\/wp-json\/wp\/v2\/users\/1"}],"replies":[{"embeddable":true,"href":"https:\/\/www.muntdemots.org\/2011\/wp-json\/wp\/v2\/comments?post=3321"}],"version-history":[{"count":21,"href":"https:\/\/www.muntdemots.org\/2011\/wp-json\/wp\/v2\/pages\/3321\/revisions"}],"predecessor-version":[{"id":3324,"href":"https:\/\/www.muntdemots.org\/2011\/wp-json\/wp\/v2\/pages\/3321\/revisions\/3324"}],"wp:attachment":[{"href":"https:\/\/www.muntdemots.org\/2011\/wp-json\/wp\/v2\/media?parent=3321"}],"curies":[{"name":"wp","href":"https:\/\/api.w.org\/{rel}","templated":true}]}}