{"id":255,"date":"2010-09-06T16:02:52","date_gmt":"2010-09-06T16:02:52","guid":{"rendered":"http:\/\/www.muntdemots.org\/"},"modified":"2011-09-30T20:00:45","modified_gmt":"2011-09-30T20:00:45","slug":"credits","status":"publish","type":"page","link":"https:\/\/www.muntdemots.org\/2011\/credits\/","title":{"rendered":"Cr\u00e8dits"},"content":{"rendered":"<p><span style=\"text-decoration: underline;\"><strong>Organitzen<\/strong><\/span><\/p>\n<p>Associaci\u00f3 Munt de Paraules<br \/>\nCentre C\u00edvic Pati Llimona<br \/>\nXarxa de Centres C\u00edvics<br \/>\n<a href=\"http:\/\/www.naocat.com\" target=\"_blank\">Naocat.com<\/a><\/p>\n<p><span style=\"text-decoration: underline;\"><strong>Col\u00b7laboren<\/strong><\/span><\/p>\n<ul>\n<li>Biblioteques      de Barcelona<\/li>\n<li>Xarxa      de Centres C\u00edvics<\/li>\n<li>Fundaci\u00f3n      Romea \u2013 Teatre Romea<\/li>\n<li>Casa      Am\u00e8rica Catalunya<\/li>\n<li>Fundaci\u00f3n      La Caixa      \u2013Caixa Forum<\/li>\n<li>Institut      del Teatre<\/li>\n<li>Editorial      Ekar\u00e9 Europa<\/li>\n<li>Editorial      Libros del Zorro Rojo<\/li>\n<li>Editorial      Thule<\/li>\n<li>Museu      de la M\u00fasica<\/li>\n<li>Librer\u00eda      Santos Ochoa<\/li>\n<li>Harlem      Jazz Club<\/li>\n<li>Teatro      El Almazen<\/li>\n<li>L\u2019Astrolabi<\/li>\n<li>Espai      Al\u00e8<\/li>\n<li>Associaci\u00f3      de Narradores i Narradors- ANIN<\/li>\n<li>Red      Internacional de Cuentacuentos<\/li>\n<li>Teatro      de los Sentidos<\/li>\n<li>Catacultural<\/li>\n<\/ul>\n<p><strong><span style=\"text-decoration: underline;\">Director<\/span><\/strong><\/p>\n<p><a href=\"http:\/\/www.rubenmartinezsantana.com\" target=\"_blank\">Rub\u00e9n Mart\u00ednez Santana<\/a><\/p>\n<p><span style=\"text-decoration: underline;\"><strong>Coordinadores<\/strong><\/span><\/p>\n<p>Ant\u00f2nia Robles<\/p>\n<p>Eva Pe\u00f1a<\/p>\n<p>M\u00f3nica Mart\u00ednez Paz<\/p>\n<p><span style=\"text-decoration: underline;\"><strong>Comunicaci\u00f3<\/strong><\/span><\/p>\n<p>Oriol Toro<\/p>\n<p><span style=\"text-decoration: underline;\"><strong>Imatge i cartell<\/strong><\/span><\/p>\n<p>Alekos<\/p>\n<p><span style=\"text-decoration: underline;\"><strong>Disseny Gr\u00e0fic<\/strong><\/span><\/p>\n<p><a href=\"http:\/\/www.gradesbcn.com\/\" target=\"_blank\">Lys Moya<\/a><\/p>\n<p><span style=\"text-decoration: underline;\"><strong>Programaci\u00f3<\/strong><\/span><\/p>\n<p>Juan Pablo Fuentes (<a href=\"http:\/\/www.intelisen.com\">Intelisen<\/a>)<\/p>\n","protected":false},"excerpt":{"rendered":"<p>Organitzen Associaci\u00f3 Munt de Paraules Centre C\u00edvic Pati Llimona Xarxa de Centres C\u00edvics Naocat.com Col\u00b7laboren Biblioteques de Barcelona Xarxa de Centres C\u00edvics Fundaci\u00f3n Romea \u2013 Teatre Romea Casa Am\u00e8rica Catalunya Fundaci\u00f3n La Caixa \u2013Caixa Forum Institut del Teatre Editorial Ekar\u00e9 Europa Editorial Libros del Zorro Rojo Editorial Thule Museu de la M\u00fasica Librer\u00eda Santos Ochoa [&hellip;]<\/p>\n","protected":false},"author":1,"featured_media":0,"parent":0,"menu_order":0,"comment_status":"open","ping_status":"closed","template":"","meta":[],"_links":{"self":[{"href":"https:\/\/www.muntdemots.org\/2011\/wp-json\/wp\/v2\/pages\/255"}],"collection":[{"href":"https:\/\/www.muntdemots.org\/2011\/wp-json\/wp\/v2\/pages"}],"about":[{"href":"https:\/\/www.muntdemots.org\/2011\/wp-json\/wp\/v2\/types\/page"}],"author":[{"embeddable":true,"href":"https:\/\/www.muntdemots.org\/2011\/wp-json\/wp\/v2\/users\/1"}],"replies":[{"embeddable":true,"href":"https:\/\/www.muntdemots.org\/2011\/wp-json\/wp\/v2\/comments?post=255"}],"version-history":[{"count":17,"href":"https:\/\/www.muntdemots.org\/2011\/wp-json\/wp\/v2\/pages\/255\/revisions"}],"predecessor-version":[{"id":257,"href":"https:\/\/www.muntdemots.org\/2011\/wp-json\/wp\/v2\/pages\/255\/revisions\/257"}],"wp:attachment":[{"href":"https:\/\/www.muntdemots.org\/2011\/wp-json\/wp\/v2\/media?parent=255"}],"curies":[{"name":"wp","href":"https:\/\/api.w.org\/{rel}","templated":true}]}}