{"id":219,"date":"2010-09-06T14:51:49","date_gmt":"2010-09-06T14:51:49","guid":{"rendered":"http:\/\/www.muntdemots.org\/"},"modified":"2011-09-30T17:08:18","modified_gmt":"2011-09-30T17:08:18","slug":"programacio-tallers-conferencies-i-xerrades","status":"publish","type":"page","link":"https:\/\/www.muntdemots.org\/2011\/programacio-tallers-conferencies-i-xerrades\/","title":{"rendered":"Programaci\u00f3 Tallers, Confer\u00e8ncies i Xerrades"},"content":{"rendered":"<p><span style=\"color: #ffffff;\">.<\/span><\/p>\n<h2><strong><strong>Dissabte 15<\/strong><\/strong><\/h2>\n<p>Dissabte 15 i diumenge 16 d\u2019octubre<br \/>\nD&#8217;11:00 a 14:00 h. i de 16:00 a 19:00 h.<br \/>\nTALLER: <a href=\"..\/mirta-portillo\/\" target=\"_blank\"><strong>LA ADAPTACI\u00d3N DEL CUENTO<\/strong><\/a><br \/>\nMirta Portillo<br \/>\n<a href=\"http:\/\/www.bcn.cat\/bibbonpastor\" target=\"_blank\"> <\/a><a href=\"http:\/\/www.almazen.net\/\" target=\"_blank\">ALMAZEN<\/a><br \/>\nC. Guifr\u00e9, 9, T. 93 442 62 15. Barcelona<br \/>\nM: L2 Sant Antoni i L3 Catalunya<br \/>\nPreu: 130 \u20ac (places limitades)<a href=\"http:\/\/g.co\/maps\/xu7dm\" target=\"_blank\"><br \/>\n<\/a>Durada: 12 hores<br \/>\nPer a informaci\u00f3 i reserva de pla\u00e7a,\u00a0 a\/e: aula@almazen.net o truqueu al 664 27 75 79 a l&#8217;atenci\u00f3 Mar.<br \/>\n<a href=\"http:\/\/g.co\/maps\/dxdyz\" target=\"_blank\">\u00bfC\u00f3mo llegar?<\/a><\/p>\n<p><span style=\"color: #ffffff;\">.<\/span><\/p>\n<p>17:00 h.<br \/>\n<a href=\"..\/trobada-de-narradores-i-narradors\" target=\"_blank\"><strong>TROBADA DE NARRADORES I NARRADORS<\/strong><\/a><br \/>\n<a href=\"http:\/\/www.bcn.cat\/bibbonpastor\" target=\"_blank\"> <\/a><a href=\"http:\/\/www.bcn.cat\/centrecivicpatillimona\" target=\"_blank\">CENTRE C\u00cdVIC PATI LLIMONA<\/a><br \/>\nC. de Regomir, 3, T. 93 268 47 00. Barcelona<br \/>\nM: L3 Liceu i L4 Jaume I<br \/>\nActivitat gratu\u00efta<br \/>\n<a href=\"http:\/\/g.co\/maps\/xu7dm\" target=\"_blank\">\u00bfC\u00f3mo llegar?<\/a><\/p>\n<p><span style=\"color: #ffffff;\">.<\/span><\/p>\n<h2><strong><strong>Diumenge 16<\/strong><\/strong><\/h2>\n<p>D&#8217;10:00 a 14:00 h.<br \/>\nTALLER: <a href=\"https:\/\/www.muntdemots.org\/2011\/flavia-piazza\/\" target=\"_blank\"><strong>GESTI\u00d3N DE EMOCIONES PARA CUENTACUENTOS<\/strong><\/a><br \/>\nFlavia Piazza<br \/>\n<a href=\"http:\/\/www.bcn.cat\/bibbonpastor\" target=\"_blank\"> <\/a><a href=\"http:\/\/www.espaiale.cat\" target=\"_blank\">ESPAI AL\u00c8<\/a><br \/>\nPg. De Sant Joan, 196 1r-2a, T. 93 533 90 90. Barcelona<br \/>\nM: L4 Joanic i bus: 15, 20, 39, 45, 47 i 55<br \/>\nInscripcions a partir del 04 d&#8217;octubre.<br \/>\nPer a m\u00e9s informaci\u00f3 truqueu al 605 45 31 14, en horari de tardes.<br \/>\nPreu: 30 \u20ac (m\u00e0xim 15 persones)<br \/>\n<a href=\"http:\/\/g.co\/maps\/87cvx\" target=\"_blank\">\u00bfC\u00f3mo llegar?<\/a><\/p>\n<p><span style=\"color: #ffffff;\">.<\/span><\/p>\n<h2><strong><strong>Dilluns 17<\/strong><\/strong><\/h2>\n<p>Del 17 al 21 d&#8217;octubre.<br \/>\nD&#8217;11:00 a 13:00 h.<br \/>\nTALLER: <a href=\"..\/ruben-martinez-santana\/\" target=\"_blank\"><strong>LABORATORI D&#8217;EXPERIMENTACI\u00d3 DEL CONTE <\/strong><\/a><br \/>\nRub\u00e9n Mart\u00ednez Santana<br \/>\n<a href=\"http:\/\/www.bcn.cat\/bibbonpastor\" target=\"_blank\"> <\/a><a href=\"http:\/\/www.bcn.cat\/centrecivicpatillimona\" target=\"_blank\">CENTRE C\u00cdVIC PATI LLIMONA<\/a><br \/>\nC. de Regomir, 3, T. 93 268 47 00. Barcelona<br \/>\nM: L3 Liceu i L4 Jaume I<br \/>\nInscripcions a partir del 19 de setembre. <a href=\"http:\/\/www.bcn.cat\/centrecivicpatillimona\/pdf\/propostes%20tardor%202011.pdf\" target=\"_blank\">M\u00e9s informaci\u00f3<\/a><br \/>\nPreu: 28,73 \u20ac<br \/>\n<a href=\"http:\/\/g.co\/maps\/xu7dm\" target=\"_blank\">\u00bfC\u00f3mo llegar?<\/a><\/p>\n<p><span style=\"color: #ffffff;\">.<\/span><\/p>\n<p>D&#8217;18:00 a 20:30 h.<br \/>\nTALLER: <a href=\"..\/juan-pablo-fuentes\" target=\"_blank\"><strong>PRES\u00c8NCIA DIGITAL<\/strong><\/a><br \/>\nJuan Pablo Fuentes<br \/>\n<a href=\"http:\/\/www.bcn.cat\/bibbonpastor\" target=\"_blank\"> <\/a><a href=\"http:\/\/www.bcn.cat\/centrecivicpatillimona\" target=\"_blank\">CENTRE C\u00cdVIC PATI LLIMONA<\/a><br \/>\nC. de Regomir, 3, T. 93 268 47 00. Barcelona<br \/>\nM: L3 Liceu i L4 Jaume I.<br \/>\nInscripcions a partir del 19 de setembre. <a href=\"http:\/\/www.bcn.cat\/centrecivicpatillimona\/pdf\/propostes%20tardor%202011.pdf\" target=\"_blank\">M\u00e9s informaci\u00f3<\/a><br \/>\nPreu: 10 \u20ac<br \/>\n<a href=\"http:\/\/g.co\/maps\/xu7dm\" target=\"_blank\">\u00bfC\u00f3mo llegar?<\/a><\/p>\n<p><span style=\"color: #ffffff;\">.<\/span><\/p>\n<h2><strong><strong>Dimarts 18<\/strong><\/strong><\/h2>\n<p>D&#8217;18:00 a 20:30 h.<br \/>\nTALLER: <a href=\"..\/monica-martinez-paz\/\" target=\"_blank\"><strong>STORYTELLING A LA TEVA FEINA: L&#8217;ART DE CONNECTAR AMB L&#8217;AUDI\u00c8NCIA<\/strong><\/a><br \/>\nM\u00f3nica Mart\u00ednez Paz<br \/>\n<a href=\"http:\/\/www.bcn.cat\/bibbonpastor\" target=\"_blank\"> <\/a><a href=\"http:\/\/www.bcn.cat\/centrecivicpatillimona\" target=\"_blank\">CENTRE C\u00cdVIC PATI LLIMONA<\/a><br \/>\nC. de Regomir, 3, T. 93 268 47 00. Barcelona<br \/>\nM: L3 Liceu i L4 Jaume I.<br \/>\nInscripcions a partir del 19 de setembre. <a href=\"http:\/\/www.bcn.cat\/centrecivicpatillimona\/pdf\/propostes%20tardor%202011.pdf\" target=\"_blank\">M\u00e9s informaci\u00f3<\/a><br \/>\nPreu: 10 \u20ac<br \/>\n<a href=\"http:\/\/g.co\/maps\/xu7dm\" target=\"_blank\">\u00bfC\u00f3mo llegar?<\/a><\/p>\n<p><span style=\"color: #ffffff;\">.<\/span><\/p>\n<p>20:00 h.<br \/>\nXERRADA<br \/>\n<a href=\"https:\/\/www.muntdemots.org\/2011\/ines-grimland\" target=\"_blank\"><strong>GENTE DE PALABRA<\/strong><br \/>\n<\/a>In\u00e9s Grimland<br \/>\n<a href=\"http:\/\/www.bcn.cat\/bibbonpastor\" target=\"_blank\"> <\/a><a href=\"http:\/\/www.bcn.cat\/bibviladegracia\" target=\"_blank\">BIBLIOTECA VILA DE GR\u00c0CIA<br \/>\n<\/a> C. Torrent de l&#8217;Olla, 104, T. 93 284 77 90. Barcelona<br \/>\nM: L3 Diagonal i Fontana, L4 Joanic i bus: 39 i 114<br \/>\nActivitat gratu\u00efta<br \/>\n<a href=\"http:\/\/g.co\/maps\/gp3em\" target=\"_blank\">\u00bfC\u00f3mo llegar?<\/a><\/p>\n<p><span style=\"color: #ffffff;\">.<\/span><\/p>\n<p>19:00 h.<br \/>\nXERRADA<br \/>\n<strong><a href=\"..\/daniel-pratt\/\" target=\"_blank\">INTERNET PARA CUENTACUENTOS<\/a><\/strong><br \/>\nT\u00e8cniques de promoci\u00f3 art\u00edstica a les xarxes socials<a href=\"..\/maria-dolors-gali\/\" target=\"_blank\"><br \/>\n<\/a>Daniel Pratt<br \/>\n<a href=\"http:\/\/www.bcn.cat\/bibbonpastor\" target=\"_blank\"> <\/a><a href=\"http:\/\/www.bcn.cat\/bibjoanoliver\" target=\"_blank\">BIBLIOTECA SANT ANTONI-JOAN OLIVER<\/a><br \/>\nC. Comte Borrell, 44-46, T. 93 329 72 16. Barcelona<br \/>\nM: L3 Poble Sec, L2 Sant Antoni i bus: 20, 24, 37, 64 i 91<br \/>\nActivitat gratu\u00efta<br \/>\n<a href=\"http:\/\/g.co\/maps\/t7apm\" target=\"_blank\">\u00bfC\u00f3mo llegar?<\/a><\/p>\n<p><span style=\"color: #ffffff;\">.<\/span><\/p>\n<h2><strong><strong>Dimecres 19<\/strong><\/strong><\/h2>\n<p>D&#8217;18:00 a 20:30 h.<br \/>\nTALLER: <a href=\"..\/irma-borges\/\" target=\"_blank\"><strong>PO\u00c8TICA DE LES FORMES<\/strong><\/a><br \/>\nIrma Borges<br \/>\n<a href=\"http:\/\/www.bcn.cat\/bibbonpastor\" target=\"_blank\"> <\/a><a href=\"http:\/\/www.bcn.cat\/centrecivicpatillimona\/\" target=\"_blank\">CENTRE C\u00cdVIC PATI LLIMONA<\/a><br \/>\nC. de Regomir, 3, T. 93 268 47 00. Barcelona<br \/>\nM: L3 Liceu i L4 Jaume I.<br \/>\nInscripcions a partir del 19 de setembre. <a href=\"http:\/\/www.bcn.cat\/centrecivicpatillimona\/pdf\/propostes%20tardor%202011.pdf\" target=\"_blank\">M\u00e9s informaci\u00f3<\/a><br \/>\nPreu: 10 \u20ac<br \/>\n<a href=\"http:\/\/g.co\/maps\/xu7dm\" target=\"_blank\">\u00bfC\u00f3mo llegar?<\/a><\/p>\n<p><span style=\"color: #ffffff;\">.<\/span><\/p>\n<p>20:00 h.<br \/>\nXERRADA<br \/>\n<a href=\"..\/linsabel-noguera\" target=\"_blank\"><strong>CUENTOS PARA LECTORES QUE NO SABEN LEER<\/strong><\/a><br \/>\nLa narraci\u00f3n oral en el parvulario y el desarrollo de competencias lectoras<br \/>\nLinsabel Noguera<br \/>\n<a href=\"http:\/\/www.bcn.cat\/bibviladegracia\" target=\"_blank\">BIBLIOTECA VILA DE GR\u00c0CIA<br \/>\n<\/a> C. Torrent de l&#8217;Olla, 104, T. 93 284 77 90. Barcelona<br \/>\nM: L3 Diagonal i Fontana, L4 Joanic i bus: 39 i 114<br \/>\nActivitat gratu\u00efta<br \/>\n<a href=\"http:\/\/g.co\/maps\/gp3em\" target=\"_blank\">\u00bfC\u00f3mo llegar?<\/a><\/p>\n<p><span style=\"color: #ffffff;\">.<\/span><\/p>\n<h2><strong><strong>Dijous 20<\/strong><\/strong><\/h2>\n<p>D&#8217;18:00 a 20:30 h.<br \/>\nTALLER: <a href=\"..\/linsabel-noguera\/\" target=\"_blank\"><strong>BR\u00daIXOLA PER A CONTACONTES: EL MAPA EMOCIONAL<\/strong><\/a><br \/>\nLinsabel Noguera<br \/>\n<a href=\"http:\/\/www.bcn.cat\/bibbonpastor\" target=\"_blank\"> <\/a><a href=\"http:\/\/www.bcn.cat\/centrecivicpatillimona\" target=\"_blank\">CENTRE C\u00cdVIC PATI LLIMONA<\/a><br \/>\nC. de Regomir, 3, T. 93 268 47 00. Barcelona<br \/>\nM: L3 Liceu i L4 Jaume I.<br \/>\nInscripcions a partir del 19 de setembre. <a href=\"http:\/\/www.bcn.cat\/centrecivicpatillimona\/pdf\/propostes%20tardor%202011.pdf\" target=\"_blank\">M\u00e9s informaci\u00f3<\/a><br \/>\nPreu: 10 \u20ac<br \/>\n<a href=\"http:\/\/g.co\/maps\/xu7dm\" target=\"_blank\">\u00bfC\u00f3mo llegar?<\/a><\/p>\n<p><span style=\"color: #ffffff;\">.<\/span><\/p>\n<p>20:00 h.<br \/>\nXERRADA<br \/>\n<a href=\"..\/bernadeta-szwarc\/\" target=\"_blank\"><strong>CATALU\u00d1A CONTADA EN POLONIA<\/strong><br \/>\n<\/a>Bernadeta Szwarc<br \/>\n<a href=\"http:\/\/www.bcn.cat\/bibbonpastor\" target=\"_blank\"> <\/a><a href=\"http:\/\/www.bcn.cat\/bibviladegracia\" target=\"_blank\">BIBLIOTECA VILA DE GR\u00c0CIA<br \/>\n<\/a> C. Torrent de l&#8217;Olla, 104, T. 93 284 77 90. Barcelona<br \/>\nM: L3 Diagonal i Fontana, L4 Joanic i bus: 39 i 114<br \/>\nActivitat gratu\u00efta<br \/>\n<a href=\"http:\/\/g.co\/maps\/gp3em\" target=\"_blank\">\u00bfC\u00f3mo llegar?<\/a><\/p>\n<p><span style=\"color: #ffffff;\">.<\/span><\/p>\n<h2><strong><strong>Divendres 21<\/strong><\/strong><\/h2>\n<p>D&#8217;18:00 a 20:30 h.<br \/>\nTALLER: <a href=\"..\/ines-grimland\/\" target=\"_blank\"><strong>TU HISTORIA CUENTA<\/strong><\/a><strong><br \/>\n<\/strong>Resignificaci\u00f3 i revaloritzaci\u00f3 de les hist\u00f2ries personals<br \/>\nIn\u00e9s Grimland<br \/>\n<a href=\"http:\/\/www.bcn.cat\/bibbonpastor\" target=\"_blank\"> <\/a><a href=\"http:\/\/www.bcn.cat\/centrecivicpatillimona\" target=\"_blank\">CENTRE C\u00cdVIC PATI LLIMONA<\/a><br \/>\nC. de Regomir, 3, T. 93 268 47 00. Barcelona<br \/>\nM: L3 Liceu i L4 Jaume I.<br \/>\nInscripcions a partir del 19 de setembre. <a href=\"http:\/\/www.bcn.cat\/centrecivicpatillimona\/pdf\/propostes%20tardor%202011.pdf\" target=\"_blank\">M\u00e9s informaci\u00f3<\/a><br \/>\nPreu: 10 \u20ac<br \/>\n<a href=\"http:\/\/g.co\/maps\/xu7dm\" target=\"_blank\">\u00bfC\u00f3mo llegar?<\/a><\/p>\n<p><span style=\"color: #ffffff;\">.<\/span><\/p>\n<p>20:00 h.<br \/>\nXERRADA<br \/>\n<a href=\"..\/pep-bruno\/\" target=\"_blank\"><strong>AL MENOS 7 RAZONES PARA CONTAR 1 CUENTO<\/strong><\/a><br \/>\nPep Bruno<br \/>\n<a href=\"http:\/\/www.bcn.cat\/bibviladegracia\" target=\"_blank\">BIBLIOTECA VILA DE GR\u00c0CIA<br \/>\n<\/a> C. Torrent de l&#8217;Olla, 104, T. 93 284 77 90. Barcelona<br \/>\nM: L3 Diagonal i Fontana, L4 Joanic i bus: 39 i 114<br \/>\nActivitat gratu\u00efta<br \/>\n<a href=\"http:\/\/g.co\/maps\/gp3em\" target=\"_blank\">\u00bfC\u00f3mo llegar?<\/a><\/p>\n<p><span style=\"color: #ffffff;\">.<\/span><\/p>\n<h2><strong><strong>Dissabte 22<\/strong><\/strong><\/h2>\n<p>Dissabte 15 i diumenge 16 d\u2019octubre<br \/>\nD&#8217;11:00 A 14:00 h. i de 16:00 a 19:00 h.<br \/>\nTALLER<a href=\"..\/jose-campanari\/\" target=\"_blank\"><br \/>\n<strong>LABORATORIO &#8220;EL ANFITRI\u00d3N&#8221; TRABAJO DE EXPLORACI\u00d3N SOBRE LA FIGURA Y FUNCI\u00d3N DE LA PERSONA QUE CUENTA<\/strong> <\/a><br \/>\nJos\u00e9 Campanari<br \/>\n<strong><\/strong><a href=\"http:\/\/www.almazen.net\/\" target=\"_blank\">ALMAZEN<\/a><br \/>\nC. Guifr\u00e9, 9, T. 93 442 62 15. Barcelona<br \/>\nM: L2 Sant Antoni i L3 Catalunya<br \/>\nPreu: 150 \u20ac (places limitades)<a href=\"http:\/\/g.co\/maps\/xu7dm\" target=\"_blank\"><br \/>\n<\/a>Durada: 12 hores<br \/>\nPer a informaci\u00f3 i reserva de pla\u00e7a,\u00a0 a\/e: aula@almazen.net o truqueu al 664 27 75 79 a l&#8217;atenci\u00f3 Mar.<br \/>\n<a href=\"http:\/\/g.co\/maps\/dxdyz\" target=\"_blank\">\u00bfC\u00f3mo llegar?<\/a><\/p>\n<p><span style=\"color: #ffffff;\">.<\/span><\/p>\n<p>11:30 h.<br \/>\nXERRADA &#8211; TALLER<a href=\"..\/jose-campanari\/\" target=\"_blank\"><br \/>\n<\/a><a href=\"..\/charo-pita\/\" target=\"_blank\"><strong>F\u00d3RMULAS DE ENCUENTAMIENTO<\/strong><\/a><br \/>\nCharo Pita<br \/>\n<a href=\"http:\/\/www.bcn.cat\/bibjoanoliver\" target=\"_blank\">BIBLIOTECA SANT ANTONI-JOAN OLIVER<\/a><br \/>\nC. Comte Borrell, 44-46, T. 93 329 72 16. Barcelona<br \/>\nM: L3 Poble Sec, L2 Sant Antoni i bus: 20, 24, 37, 64 i 91<br \/>\nActivitat gratu\u00efta<br \/>\n<a href=\"http:\/\/g.co\/maps\/t7apm\" target=\"_blank\">\u00bfC\u00f3mo llegar?<\/a><strong><\/strong><\/p>\n","protected":false},"excerpt":{"rendered":"<p>. Dissabte 15 Dissabte 15 i diumenge 16 d\u2019octubre D&#8217;11:00 a 14:00 h. i de 16:00 a 19:00 h. TALLER: LA ADAPTACI\u00d3N DEL CUENTO Mirta Portillo ALMAZEN C. Guifr\u00e9, 9, T. 93 442 62 15. Barcelona M: L2 Sant Antoni i L3 Catalunya Preu: 130 \u20ac (places limitades) Durada: 12 hores Per a informaci\u00f3 i [&hellip;]<\/p>\n","protected":false},"author":1,"featured_media":0,"parent":0,"menu_order":0,"comment_status":"open","ping_status":"open","template":"","meta":[],"_links":{"self":[{"href":"https:\/\/www.muntdemots.org\/2011\/wp-json\/wp\/v2\/pages\/219"}],"collection":[{"href":"https:\/\/www.muntdemots.org\/2011\/wp-json\/wp\/v2\/pages"}],"about":[{"href":"https:\/\/www.muntdemots.org\/2011\/wp-json\/wp\/v2\/types\/page"}],"author":[{"embeddable":true,"href":"https:\/\/www.muntdemots.org\/2011\/wp-json\/wp\/v2\/users\/1"}],"replies":[{"embeddable":true,"href":"https:\/\/www.muntdemots.org\/2011\/wp-json\/wp\/v2\/comments?post=219"}],"version-history":[{"count":40,"href":"https:\/\/www.muntdemots.org\/2011\/wp-json\/wp\/v2\/pages\/219\/revisions"}],"predecessor-version":[{"id":222,"href":"https:\/\/www.muntdemots.org\/2011\/wp-json\/wp\/v2\/pages\/219\/revisions\/222"}],"wp:attachment":[{"href":"https:\/\/www.muntdemots.org\/2011\/wp-json\/wp\/v2\/media?parent=219"}],"curies":[{"name":"wp","href":"https:\/\/api.w.org\/{rel}","templated":true}]}}