{"id":21,"date":"2010-09-03T16:28:35","date_gmt":"2010-09-03T16:28:35","guid":{"rendered":"http:\/\/www.muntdemots.org\/"},"modified":"2011-10-18T23:31:20","modified_gmt":"2011-10-18T23:31:20","slug":"programacio","status":"publish","type":"page","link":"https:\/\/www.muntdemots.org\/2011\/programacio\/","title":{"rendered":"Programa i Cartell"},"content":{"rendered":"<p><span style=\"color: #ffffff;\">.<\/span><\/p>\n<p><span style=\"color: #ffffff;\"><a href=\"https:\/\/www.muntdemots.org\/2011\/wp-content\/uploads\/2011\/10\/Programa-corregido.pdf\" target=\"_blank\"><img decoding=\"async\" loading=\"lazy\" class=\"aligncenter size-medium wp-image-4533\" title=\"Programa de mano\" src=\"https:\/\/www.muntdemots.org\/2011\/wp-content\/uploads\/2010\/09\/Programa-de-mano-300x177.png\" alt=\"\" width=\"300\" height=\"177\" srcset=\"https:\/\/www.muntdemots.org\/2011\/wp-content\/uploads\/2010\/09\/Programa-de-mano-300x177.png 300w, https:\/\/www.muntdemots.org\/2011\/wp-content\/uploads\/2010\/09\/Programa-de-mano.png 432w\" sizes=\"(max-width: 300px) 100vw, 300px\" \/><\/a><\/span><strong><a href=\"https:\/\/www.muntdemots.org\/2011\/wp-content\/uploads\/2010\/09\/Mumo_1011_06.pdf\" target=\"_blank\"><\/a><\/strong><\/p>\n<p style=\"text-align: center;\"><a href=\"https:\/\/www.muntdemots.org\/2011\/wp-content\/uploads\/2011\/10\/Programa-corregido.pdf\" target=\"_blank\"><strong>Feu clic a la foto per descarregar el programa de m\u00e0 en PDF i corregit!<\/strong><\/a><\/p>\n<p style=\"text-align: center;\"><strong><a href=\"https:\/\/www.muntdemots.org\/2011\/fe-derrates\" target=\"_blank\">Aqu\u00ed pots veure la fe d&#8217;errates del programa de m\u00e0 impr\u00e8s<br \/>\n<\/a><\/strong><\/p>\n<p style=\"text-align: center;\">&nbsp;<\/p>\n<p style=\"text-align: center;\"><span style=\"color: #ffffff;\"><strong>.<br \/>\n<\/strong><\/span><\/p>\n<p style=\"text-align: center;\">&nbsp;<\/p>\n<p style=\"text-align: center;\"><strong><a href=\"https:\/\/www.muntdemots.org\/2011\/wp-content\/uploads\/2011\/10\/Cartell-Final.pdf\" target=\"_blank\"><img decoding=\"async\" loading=\"lazy\" class=\"aligncenter size-medium wp-image-4536\" title=\"Cartell\" src=\"https:\/\/www.muntdemots.org\/2011\/wp-content\/uploads\/2010\/09\/Cartell-121x300.png\" alt=\"\" width=\"121\" height=\"300\" srcset=\"https:\/\/www.muntdemots.org\/2011\/wp-content\/uploads\/2010\/09\/Cartell-121x300.png 121w, https:\/\/www.muntdemots.org\/2011\/wp-content\/uploads\/2010\/09\/Cartell.png 352w\" sizes=\"(max-width: 121px) 100vw, 121px\" \/><\/a><\/strong><\/p>\n<p style=\"text-align: center;\"><a href=\"https:\/\/www.muntdemots.org\/2011\/wp-content\/uploads\/2011\/10\/Cartell-Final.pdf\" target=\"_blank\"><strong>Feu clic a la foto per descarregar el cartell de Munt de Mots<\/strong><\/a><\/p>\n<p><span style=\"color: #ffffff;\">.<\/span><\/p>\n","protected":false},"excerpt":{"rendered":"<p>. Feu clic a la foto per descarregar el programa de m\u00e0 en PDF i corregit! Aqu\u00ed pots veure la fe d&#8217;errates del programa de m\u00e0 impr\u00e8s &nbsp; . &nbsp; Feu clic a la foto per descarregar el cartell de Munt de Mots .<\/p>\n","protected":false},"author":1,"featured_media":0,"parent":0,"menu_order":0,"comment_status":"open","ping_status":"open","template":"","meta":[],"_links":{"self":[{"href":"https:\/\/www.muntdemots.org\/2011\/wp-json\/wp\/v2\/pages\/21"}],"collection":[{"href":"https:\/\/www.muntdemots.org\/2011\/wp-json\/wp\/v2\/pages"}],"about":[{"href":"https:\/\/www.muntdemots.org\/2011\/wp-json\/wp\/v2\/types\/page"}],"author":[{"embeddable":true,"href":"https:\/\/www.muntdemots.org\/2011\/wp-json\/wp\/v2\/users\/1"}],"replies":[{"embeddable":true,"href":"https:\/\/www.muntdemots.org\/2011\/wp-json\/wp\/v2\/comments?post=21"}],"version-history":[{"count":32,"href":"https:\/\/www.muntdemots.org\/2011\/wp-json\/wp\/v2\/pages\/21\/revisions"}],"predecessor-version":[{"id":50,"href":"https:\/\/www.muntdemots.org\/2011\/wp-json\/wp\/v2\/pages\/21\/revisions\/50"}],"wp:attachment":[{"href":"https:\/\/www.muntdemots.org\/2011\/wp-json\/wp\/v2\/media?parent=21"}],"curies":[{"name":"wp","href":"https:\/\/api.w.org\/{rel}","templated":true}]}}