{"id":203,"date":"2010-09-06T14:39:40","date_gmt":"2010-09-06T14:39:40","guid":{"rendered":"http:\/\/www.muntdemots.org\/"},"modified":"2011-10-14T19:29:52","modified_gmt":"2011-10-14T19:29:52","slug":"programacio-infantil","status":"publish","type":"page","link":"https:\/\/www.muntdemots.org\/2011\/programacio-infantil\/","title":{"rendered":"Programaci\u00f3 infantil"},"content":{"rendered":"<h2><span style=\"color: #ffffff;\">.<\/span><\/h2>\n<h2><strong>Dissabte 15<span style=\"color: #ffffff;\"> <\/span><br \/>\n<\/strong><\/h2>\n<p>11:00 h.<br \/>\nESPECTACLE INFANTIL<br \/>\n<strong><a href=\"..\/imaginacontes\/\" target=\"_blank\">IMAGINACONTES<\/a><\/strong><br \/>\n<a href=\"http:\/\/www.bcn.cat\/bibbonpastor\" target=\"_blank\"> <\/a><a href=\"http:\/\/www.fundacio.lacaixa.es\/\" target=\"_blank\">CaixaForum<\/a><br \/>\nAv. de Ferrer i Gu\u00e0rdia, 6-8, T. 93 476 86 00. Barcelona<br \/>\nM: L3 Pla\u00e7a Espanya i bus: 13, 50, 61 i 193<br \/>\nActivitat gratu\u00efta<br \/>\n<a href=\"http:\/\/g.co\/maps\/yy4bh\" target=\"_blank\">\u00bfC\u00f3mo llegar?<\/a><\/p>\n<p><span style=\"color: #ffffff;\">.<\/span><\/p>\n<p>12:00 h.<br \/>\nESPECTACLE INFANTIL<br \/>\n<strong><a href=\"..\/linsabel-noguera\/\" target=\"_blank\">AS DE CORAZONES<\/a><\/strong><br \/>\n<a href=\"http:\/\/www.bcn.cat\/bibbonpastor\" target=\"_blank\"> <\/a><a href=\"http:\/\/www.santosochoa.es\/\" target=\"_blank\">LLIBRERIA SANTOS OCHOA<\/a><br \/>\nPg. de Fabra i Puig, 165, T. 93 352 71 87. Barcelona<br \/>\nM: L5 Virrei Amat, L1 Fabra i Puig i bus: 11, 34, 36, 74 i 122<br \/>\nActivitat gratu\u00efta<br \/>\n<a href=\"http:\/\/g.co\/maps\/qgbzz\" target=\"_blank\">\u00bfC\u00f3mo llegar?<\/a><\/p>\n<p><span style=\"color: #ffffff;\">.<\/span><\/p>\n<p>18:00 h.<br \/>\nESPECTACLE INFANTIL<br \/>\n<a href=\"..\/maria-dolors-gali\/\" target=\"_blank\"><strong>CONTES PETONERS<\/strong><br \/>\n<\/a>Lola la Encancadora<br \/>\n<a href=\"http:\/\/www.bcn.cat\/bibbonpastor\" target=\"_blank\"> <\/a><a href=\"http:\/\/www.fomentmartinenc.com\/\" target=\"_blank\">FOMENT MARTINENC<\/a><br \/>\nC. Proven\u00e7a, 591-593, T. 93 455 70 95. Barcelona<br \/>\nM: L5 i L2 Sagrada Familia, L4 Verdaguer\u00a0 i bus: 19, 33, 34, 43, 44 i 50<br \/>\nActivitat gratu\u00efta<br \/>\n<a href=\"http:\/\/g.co\/maps\/mxb3h\" target=\"_blank\">\u00bfC\u00f3mo llegar?<\/a><\/p>\n<p><span style=\"color: #ffffff;\">.<\/span><\/p>\n<p>18:00 h.<br \/>\nESPECTACLE INFANTIL<br \/>\n<a href=\"..\/caixa-d%E2%80%99eines-del-teatro-de-los-sentidos\" target=\"_blank\"><strong>CUENTOS DEL BOSQUE<\/strong><br \/>\n<\/a>Caixa d&#8217;Eines del Teatro de los Sentidos<br \/>\n<a href=\"http:\/\/www.bcn.cat\/bibbonpastor\" target=\"_blank\"> <\/a><a href=\"http:\/\/www.teatrodelossentidos.com\/\" target=\"_blank\">EL POLVOR\u00cd DE MONTJU\u00cfC. SEU DEL TEATRO DE LOS SENTIDOS<br \/>\n<\/a> C. Cam\u00ed del Polvor\u00ed s\/n, T. 93 316 11 11. Barcelona<br \/>\nM: L8 Mag\u00f2ria-La Campana i bus: 13 i 125<br \/>\n<a href=\"http:\/\/g.co\/maps\/yxpyb\" target=\"_blank\">\u00bfC\u00f3mo llegar?<\/a><\/p>\n<h2><span style=\"color: #ffffff;\">.<\/span><\/h2>\n<h2><strong>Diumenge 16<span style=\"color: #ffffff;\"> <\/span><\/strong><\/h2>\n<p>12:00 h.<br \/>\nESPECTACLE INFANTIL<br \/>\n<strong> <a href=\"..\/carmen-gonzalez\/\" target=\"_blank\">LA PELL DELS ALTRES<\/a><\/strong><br \/>\nCarmen Glez<br \/>\n<a href=\"http:\/\/www.bcn.cat\/bibbonpastor\" target=\"_blank\"> <\/a><a href=\"http:\/\/www.bcn.cat\/bibelcarmel\" target=\"_blank\">BIBLIOTECA EL CARMEL-JUAN MARS\u00c9<\/a><br \/>\nC. Murtra, 135-145, T. 93 407 28 70. Barcelona<br \/>\nM: L5 El Carmel i bus: 29, 86, 92 i 119<br \/>\nActivitat gratu\u00efta<br \/>\n<a href=\"http:\/\/g.co\/maps\/xczj4\" target=\"_blank\">\u00bfC\u00f3mo llegar?<\/a><\/p>\n<p><span style=\"color: #ffffff;\">.<\/span><\/p>\n<p>12:00 h.<br \/>\nESPECTACLE INFANTIL<br \/>\n<strong> <a href=\"..\/linsabel-noguera\/\" target=\"_blank\">TODO UN MUNDO EN LA BOCA<\/a><\/strong><br \/>\nLinsabel Noguera<br \/>\n<a href=\"http:\/\/www.bcn.cat\/bibbonpastor\" target=\"_blank\"> <\/a><a href=\"www.cotxeresborrell.net\" target=\"_blank\">CENTRE C\u00cdVIC COTXERES BORRELL<\/a><br \/>\nC. Viladomat, 2-8, T. 93 324 83 50. Barcelona<br \/>\nM: L3 Poble Sec i bus: 57, 61, 121 i 157<br \/>\nActivitat gratu\u00efta<br \/>\n<a href=\"http:\/\/g.co\/maps\/jfrcr\" target=\"_blank\">\u00bfC\u00f3mo llegar?<\/a><\/p>\n<p><span style=\"color: #ffffff;\">.<\/span><\/p>\n<p>12:00 h.<br \/>\nESPECTACLE INFANTIL<br \/>\n<strong> <a href=\"..\/matinals-infantils-del-c-a-t\/\" target=\"_blank\">MATINALS INFANTILS DEL C.A.T.<\/a><\/strong><br \/>\nCecilia Bellor\u00edn, Ara Va de Bo i La Bicicleta<br \/>\n<a href=\"http:\/\/www.tradicionarius.com\/\" target=\"_blank\">CENTRE ARTES\u00c0 TRADICIONARIUS<\/a><br \/>\nTravessia de Sant Antoni, 6-8, T. 93 218 44 85. Barcelona<br \/>\nM: L3 Fontana i bus: 22, 24, 28, 87 i 114<br \/>\nActivitat gratu\u00efta<br \/>\n<a href=\"http:\/\/g.co\/maps\/je6y4\" target=\"_blank\">\u00bfC\u00f3mo llegar?<\/a><\/p>\n<p><span style=\"color: #ffffff;\">&#8230;<\/span><\/p>\n<h2><strong>Dilluns 17<\/strong><\/h2>\n<p>18:00 h.<br \/>\nESPECTACLE INFANTIL<br \/>\n<strong> <a href=\"..\/a-world-of-animal\" target=\"_blank\">A WORLD OF ANIMAL<\/a><\/strong><br \/>\n<a href=\"http:\/\/www.bcn.cat\/bibbonpastor\" target=\"_blank\"> <\/a><a href=\"http:\/\/www.bcn.cat\/bibjoanoliver\" target=\"_blank\">BIBLIOTECA SANT ANTONI<\/a><br \/>\nCarrer Comte Borrell, 44-46, T. 93 329 72 16. Barcelona<br \/>\nM: L3 Poble Sec, L2 Sant Antoni i bus: 20, 24, 37, 64 i 91<br \/>\nActivitat gratu\u00efta<br \/>\n<a href=\"http:\/\/g.co\/maps\/nbjzf\" target=\"_blank\">\u00bfC\u00f3mo llegar?<\/a><span style=\"color: #ffffff;\"> <\/span><\/p>\n<p><span style=\"color: #ffffff;\">..<\/span><\/p>\n<h2><strong>Dimarts 18<\/strong><\/h2>\n<p>18:00 h.<br \/>\nESPECTACLE INFANTIL<br \/>\n<a href=\"..\/anin\" target=\"_blank\"><strong>CONTES DELS GRIMM PER L&#8217;ANIN<\/strong><br \/>\n<\/a>Narradors i narradores de l&#8217;ANIN<br \/>\n<a href=\"http:\/\/www.bcn.cat\/bibbonpastor\" target=\"_blank\"> <\/a><a href=\"http:\/\/www.bcn.cat\/casasagnier\" target=\"_blank\">C.C. CASA SAGNIER<br \/>\n<\/a> C. Brusi, 51-61, T. 93 414 01 95. Barcelona<br \/>\nM: L6 Sant Gervasi, L7 P\u00e0dua i bus: 16, 17, 58 i 64<br \/>\n<a href=\"http:\/\/g.co\/maps\/4cnas\" target=\"_blank\">\u00bfC\u00f3mo llegar?<\/a><\/p>\n<p><span style=\"color: #ffffff;\">.<\/span><\/p>\n<p>18:00 h.<br \/>\nESPECTACLE INFANTIL<br \/>\n<strong> <a href=\"..\/gina-clotet\/\" target=\"_blank\">CONTES SENSE L\u00cdMITS<\/a><br \/>\n<\/strong>Gina Clotet<br \/>\n<a href=\"http:\/\/www.bcn.cat\/bibbonpastor\" target=\"_blank\"> <\/a>SALA DE LECTURA DEL CLOT<br \/>\nC. Clot, 21-25, T. 93 246 39 28. Barcelona<br \/>\nM: L1 Clot i bus: 56, 60, 62, 92 i 192<br \/>\nActivitat gratu\u00efta<br \/>\n<a href=\"http:\/\/g.co\/maps\/9bkzq\" target=\"_blank\">\u00bfC\u00f3mo llegar?<\/a><\/p>\n<p><span style=\"color: #ffffff;\">.<\/span><\/p>\n<p>18:00 h.<br \/>\nESPECTACLE INFANTIL<br \/>\n<a href=\"..\/raquel-de-manuel-mur\" target=\"_blank\"><strong>RODANT PEL M\u00d3N<\/strong><br \/>\n<\/a>Raquel de Manuel Mur<br \/>\n<a href=\"http:\/\/www.bcn.cat\/bibbonpastor\" target=\"_blank\"> <\/a><a href=\"http:\/\/www.centreshg.net\/taxonera\" target=\"_blank\">C.C. LA TAXONERA<br \/>\n<\/a> C. d&#8217;Arenys, 75, T. 93 256 33 88. Barcelona<br \/>\nM: L5 El Coll &#8211; La Taxonera i bus: 17, 19, 27, 60 i 73<br \/>\nActivitat gratu\u00efta<br \/>\n<a href=\"http:\/\/g.co\/maps\/6ek6q\" target=\"_blank\">\u00bfC\u00f3mo llegar?<\/a><span style=\"color: #ffffff;\"> <\/span><\/p>\n<p><span style=\"color: #ffffff;\">..<\/span><\/p>\n<h2><strong>Dimecres 19<\/strong><\/h2>\n<p>18:00 h.<br \/>\nESPECTACLE INFANTIL<br \/>\n<strong><a href=\"..\/laura-garcia\/\" target=\"_blank\">ELS SECRETS DEL COL\u00b7LEGI D&#8217;AQU\u00cd AL COSTAT<br \/>\n(AMOR, BRUIXES I FOSCOR A L&#8217;HORA DEL PATI)<\/a><br \/>\n<\/strong>Laura Garc\u00eda<br \/>\n<a href=\"http:\/\/www.bcn.cat\/bibbonpastor\" target=\"_blank\"> <\/a>SALA DE LECTURA DEL CLOT<br \/>\nC. Clot, 21-25, T. 93 246 39 28. Barcelona<br \/>\nM: L1 Clot i bus: 56, 60, 62, 92 i 192<br \/>\nActivitat gratu\u00efta<br \/>\n<a href=\"http:\/\/g.co\/maps\/9bkzq\" target=\"_blank\">\u00bfC\u00f3mo llegar?<\/a><\/p>\n<p><span style=\"color: #ffffff;\">.<\/span><\/p>\n<p>18:00 h.<br \/>\nESPECTACLE INFANTIL<br \/>\n<a href=\"..\/mon-mas\/\" target=\"_blank\"><strong>QU\u00c8 EM PASSA?<\/strong><br \/>\n<\/a>Mon Mas<br \/>\n<a href=\"http:\/\/www.bcn.cat\/bibbonpastor\" target=\"_blank\"> <\/a><a href=\"www.bcn.cat\/bibbarceloneta\" target=\"_blank\">BIBLIOTECA BARCELONETA &#8211; LA FRATERNITAT<br \/>\n<\/a> C. Comte de Santa Clara, 8-10, T. 93 225 35 74. Barcelona<br \/>\nM: L4 Barceloneta i bus: 17, 36, 39, 45, 57, 59, 64 i 157<br \/>\nActivitat gratu\u00efta<br \/>\n<a href=\"http:\/\/g.co\/maps\/6fcv2\" target=\"_blank\">\u00bfC\u00f3mo llegar?<\/a><span style=\"color: #ffffff;\">.<\/span><\/p>\n<p><span style=\"color: #ffffff;\">.<\/span><\/p>\n<p>18:00 h.<br \/>\nESPECTACLE INFANTIL<a href=\"..\/anin\" target=\"_blank\"><strong> <\/strong><\/a><br \/>\n<a href=\"..\/albert-estengre\/\" target=\"_blank\"><strong>CONTES DEL MONTNEGRE M\u00c0GIC<\/strong><\/a><br \/>\nAlbert Estengre<br \/>\n<a href=\"http:\/\/www.bcn.cat\/bibbonpastor\" target=\"_blank\"> <\/a><a href=\"http:\/\/www.bcn.cat\/bibfortpienc\" target=\"_blank\">BIBLIOTECA FORT PIENC<br \/>\n<\/a> C. Ribes, 12-14, T. 93 265 24 35. Barcelona<br \/>\nM: L1 Arc de triomf i bus: 19, 51, 54 i 55<br \/>\nActividad gratu\u00efta<br \/>\n<a href=\"http:\/\/g.co\/maps\/32tbe\" target=\"_blank\">\u00bfC\u00f3mo llegar?<\/a><\/p>\n<p><span style=\"color: #ffffff;\">..<\/span><\/p>\n<h2><strong>Dijous 20<\/strong><\/h2>\n<p>17:30 h.<br \/>\nESPECTACLE INFANTIL<br \/>\n<a href=\"..\/maracala\/\" target=\"_blank\"><strong>FERUM DE CONTES<\/strong><\/a><strong><br \/>\n<\/strong>Maracal\u00e0<br \/>\n<a href=\"http:\/\/www.bcn.cat\/bibbonpastor\" target=\"_blank\"> <\/a><a href=\"www.bcn.cat\/centrecivicpatillimona\" target=\"_blank\">CENTRE C\u00cdVIC PATI LLIMONA<\/a><br \/>\nC. de Regomir, 3, T. 93 268 47 00. Barcelona<br \/>\nM: L3 Liceu i L4 Jaume I.<br \/>\nActivitat gratu\u00efta<br \/>\n<a href=\"http:\/\/g.co\/maps\/xu7dm\" target=\"_blank\">\u00bfC\u00f3mo llegar?<\/a><\/p>\n<p><span style=\"color: #ffffff;\">.<\/span><\/p>\n<p>18:00 h.<br \/>\nESPECTACLE INFANTIL<br \/>\n<a href=\"..\/anin\" target=\"_blank\"><strong>CONTES DELS GRIMM PER L&#8217;ANIN<\/strong><br \/>\n<\/a>Narradors i narradores de l&#8217;ANIN<br \/>\n<a href=\"http:\/\/www.bcn.cat\/bibbonpastor\" target=\"_blank\"> <\/a><a href=\"http:\/\/www.bcn.cat\/casasagnier\" target=\"_blank\">C.C. CASA SAGNIER<br \/>\n<\/a> C. Brusi, 51-61, T. 93 414 01 95. Barcelona<br \/>\nM: L6 Sant Gervasi, L7 P\u00e0dua i bus: 16, 17, 58 i 64<br \/>\n<a href=\"http:\/\/g.co\/maps\/4cnas\" target=\"_blank\">\u00bfC\u00f3mo llegar?<\/a><\/p>\n<p><span style=\"color: #ffffff;\">.<\/span><\/p>\n<p>18:00 h.<br \/>\nESPECTACLE INFANTIL<br \/>\n<strong> <a href=\"..\/beatriz-martin\/\" target=\"_blank\">EL RETALLADOR D&#8217;OMBRES I ALTRES OFICIS ESTRANYS<\/a><br \/>\n<\/strong>Beatriz Mart\u00edn<br \/>\n<a href=\"http:\/\/www.bcn.cat\/bibbonpastor\" target=\"_blank\"> <\/a>SALA DE LECTURA DEL CLOT<br \/>\nC. Clot, 21-25, T. 93 246 39 28. Barcelona<br \/>\nM: L1 Clot i bus: 56, 60, 62, 92 i 192<br \/>\nActivitat gratu\u00efta<br \/>\n<a href=\"http:\/\/g.co\/maps\/9bkzq\" target=\"_blank\">\u00bfC\u00f3mo llegar?<\/a><\/p>\n<p><span style=\"color: #ffffff;\">..<\/span><\/p>\n<h2><strong>Divendres 21<\/strong><\/h2>\n<p>17:30 h.<br \/>\nESPECTACLE INFANTIL<br \/>\n<a href=\"..\/pepa-lavilla\/\" target=\"_blank\"><strong>QUIN TERRABASTALL!!!<\/strong><br \/>\n<\/a>Pepa Lavilla<br \/>\n<a href=\"http:\/\/www.bcn.cat\/bibbonpastor\" target=\"_blank\"> <\/a><a href=\"www.centreshg.net\/matasiramis\" target=\"_blank\">CENTRE C\u00cdVIC MATAS I RAMIS<\/a><a href=\"www.bcn.cat\/bibbarceloneta\" target=\"_blank\"><br \/>\n<\/a> C. Feliu i Codina, 20, T. 93 407 23 56. Barcelona<br \/>\nM: L5 Horta i bus: 45, 71 i 185<br \/>\nActivitat gratu\u00efta<br \/>\n<a href=\"http:\/\/g.co\/maps\/btw7y\" target=\"_blank\">\u00bfC\u00f3mo llegar?<\/a><span style=\"color: #ffffff;\">.<\/span><\/p>\n<h2><span style=\"color: #ffffff;\">.<\/span><\/h2>\n<h2><strong>Dissabte 22<span style=\"color: #ffffff;\"> <\/span><\/strong><\/h2>\n<p>D&#8217;10:00 a 13:00 h.<br \/>\nESPECTACLE INFANTIL<br \/>\n<a href=\"..\/marato-de-contes-infantils\/\" target=\"_blank\"><strong>MARAT\u00d3 DE CONTES INFANTILS<\/strong><\/a><strong><br \/>\n<\/strong>Grupo Les Ant\u00f2nies (Torredembarra), Laura Rinc\u00f3n, Associaci\u00f3 Libre Obert (Barcelona) i Laura Garc\u00eda (Argentina)<br \/>\n<a href=\"http:\/\/www.bcn.cat\/bibbonpastor\" target=\"_blank\"> <\/a><a href=\"www.bcn.cat\/centrecivicpatillimona\" target=\"_blank\">CENTRE C\u00cdVIC PATI LLIMONA<\/a><br \/>\nC. de Regomir, 3, T. 93 268 47 00. Barcelona<br \/>\nM: L3 Liceu i L4 Jaume I.<br \/>\nActivitat gratu\u00efta<br \/>\n<a href=\"http:\/\/g.co\/maps\/xu7dm\" target=\"_blank\">\u00bfC\u00f3mo llegar?<\/a><\/p>\n<p><span style=\"color: #ffffff;\">.<\/span><\/p>\n<p>12:00 h.<br \/>\nESPECTACLE INFANTIL<br \/>\n<a href=\"..\/nuria-campuzano\/\" target=\"_blank\"><strong>EL GEGANT CASTANYER<\/strong><\/a><strong><br \/>\n<\/strong>N\u00faria Campuzano<br \/>\n<a href=\"http:\/\/www.bcn.cat\/bibbonpastor\" target=\"_blank\"> <\/a><strong>CASAL DE BARRI CONGR\u00c9S &#8211; INDIANS<\/strong><br \/>\nC. Manigua, 25-35, T. 93 351 39 53. Barcelona<br \/>\nM: L5 Congr\u00e9s, L4 Maragall i bus: 20, 31, 32, 47, 50, 61, 71 i 74.<br \/>\nActivitat gratu\u00efta<br \/>\n<a href=\"http:\/\/g.co\/maps\/w9zbs\" target=\"_blank\">\u00bfC\u00f3mo llegar?<\/a><\/p>\n<p><span style=\"color: #ffffff;\">.<\/span><\/p>\n<p>12:00 h.<br \/>\nESPECTACLE INFANTIL<br \/>\n<a href=\"..\/tanaka-teatre\/\" target=\"_blank\"><strong>CONTES DEL M\u00d3N DE ES GERMANES BALDUFA<\/strong><\/a><strong><br \/>\n<\/strong>Tanaka Teatre<br \/>\n<a href=\"http:\/\/www.bcn.cat\/bibbonpastor\" target=\"_blank\"> <\/a><a href=\"http:\/\/www.bcn.cat\/ccelsortidor\" target=\"_blank\"><strong>CENTRE C\u00cdVIC EL SORTIDOR<\/strong><\/a><br \/>\nPla\u00e7a del Sortidor, 12, T. 93 443 43 11. Barcelona<br \/>\nM: L3 Poble &#8211; Sec, L2 i L3 Paral\u00b7lel i bus: 20, 36, 55, 57, 64, 121 i 157.<br \/>\nActivitat gratu\u00efta<br \/>\n<a href=\"http:\/\/g.co\/maps\/q3p5a\" target=\"_blank\">\u00bfC\u00f3mo llegar?<\/a><\/p>\n<p><span style=\"color: #ffffff;\">.<\/span><\/p>\n<p>12:00 h.<br \/>\nESPECTACLE INFANTIL<br \/>\n<a href=\"..\/yinexis-delgado\/\" target=\"_blank\"><strong>LA VENDEDORA DE ASOMBROS<\/strong><\/a><strong><br \/>\n<\/strong>Yinexis Delgado<br \/>\n<a href=\"http:\/\/www.bcn.cat\/bibbonpastor\" target=\"_blank\"> <\/a><a href=\"http:\/\/www.bcn.cat\/ccelsortidor\" target=\"_blank\"><strong> <\/strong><\/a><a href=\"http:\/\/www.santosochoa.es\/\" target=\"_blank\">LLIBRERIA SANTOS OCHOA<\/a><br \/>\nPg. de Fabra i Puig, 165, T. 93 352 71 87. Barcelona<br \/>\nM: L5 Virrei Amat, L1 Fabra i Puig i bus: 11, 34, 36, 74 i 122<br \/>\nActivitat gratu\u00efta<br \/>\n<a href=\"http:\/\/g.co\/maps\/qgbzz\" target=\"_blank\">\u00bfC\u00f3mo llegar?<\/a><\/p>\n<p><span style=\"text-decoration: underline;\"> <\/span><\/p>\n<h2><strong> <\/strong><\/h2>\n","protected":false},"excerpt":{"rendered":"<p>. Dissabte 15 11:00 h. ESPECTACLE INFANTIL IMAGINACONTES CaixaForum Av. de Ferrer i Gu\u00e0rdia, 6-8, T. 93 476 86 00. Barcelona M: L3 Pla\u00e7a Espanya i bus: 13, 50, 61 i 193 Activitat gratu\u00efta \u00bfC\u00f3mo llegar? . 12:00 h. ESPECTACLE INFANTIL AS DE CORAZONES LLIBRERIA SANTOS OCHOA Pg. de Fabra i Puig, 165, T. 93 [&hellip;]<\/p>\n","protected":false},"author":1,"featured_media":0,"parent":0,"menu_order":0,"comment_status":"open","ping_status":"open","template":"","meta":[],"_links":{"self":[{"href":"https:\/\/www.muntdemots.org\/2011\/wp-json\/wp\/v2\/pages\/203"}],"collection":[{"href":"https:\/\/www.muntdemots.org\/2011\/wp-json\/wp\/v2\/pages"}],"about":[{"href":"https:\/\/www.muntdemots.org\/2011\/wp-json\/wp\/v2\/types\/page"}],"author":[{"embeddable":true,"href":"https:\/\/www.muntdemots.org\/2011\/wp-json\/wp\/v2\/users\/1"}],"replies":[{"embeddable":true,"href":"https:\/\/www.muntdemots.org\/2011\/wp-json\/wp\/v2\/comments?post=203"}],"version-history":[{"count":53,"href":"https:\/\/www.muntdemots.org\/2011\/wp-json\/wp\/v2\/pages\/203\/revisions"}],"predecessor-version":[{"id":207,"href":"https:\/\/www.muntdemots.org\/2011\/wp-json\/wp\/v2\/pages\/203\/revisions\/207"}],"wp:attachment":[{"href":"https:\/\/www.muntdemots.org\/2011\/wp-json\/wp\/v2\/media?parent=203"}],"curies":[{"name":"wp","href":"https:\/\/api.w.org\/{rel}","templated":true}]}}