{"id":1580,"date":"2010-09-27T16:48:17","date_gmt":"2010-09-27T16:48:17","guid":{"rendered":"http:\/\/www.muntdemots.org\/"},"modified":"2011-10-17T09:25:54","modified_gmt":"2011-10-17T09:25:54","slug":"gratuitoexcepto","status":"publish","type":"page","link":"https:\/\/www.muntdemots.org\/2011\/gratuitoexcepto\/","title":{"rendered":"Aquest Festival \u00e9s Gratu\u00eft! Excepte&#8230;"},"content":{"rendered":"<p>Assistir a les activitats que ofereix Munt de Mots \u00e9s gratis per al p\u00fablic!<br \/>\nEncara que hi ha excepcions \u2026<br \/>\nAquests s\u00f3n els locals on es cobrar\u00e0:<\/p>\n<p><span style=\"color: #ffffff;\">.<\/span><\/p>\n<p><strong><a href=\"http:\/\/www.bcn.cat\/centrecivicpatillimona\" target=\"_blank\">C.C. Pati Llimona<\/a><\/strong>. <strong>Tallers:<\/strong> 10\u20ac-28,73\u20ac (Inscripcions a partir del 19 de setembre, me\u0301s informacio\u0301 a la <a href=\"http:\/\/www.bcn.cat\/centrecivicpatillimona\" target=\"_blank\">Web del Centre C\u00edvic<\/a><strong><a href=\"http:\/\/www.bcn.cat\/centrecivicpatillimona\" target=\"_blank\"><br \/>\n<\/a><span style=\"color: #ffffff;\">.<\/span><\/strong><\/p>\n<p><strong><a href=\"http:\/\/www.tradicionarius.com\/\" target=\"_blank\">Centre Artesa\u0300 Tradiciona\u0300rius<\/a> Espectacles:<\/strong> 3\u20ac (-12 anys) i 5\u20ac (adults)<br \/>\n<span style=\"color: #ffffff;\">.<\/span><\/p>\n<p><strong><a href=\"http:\/\/www.almazen.net\/\" target=\"_blank\">El Almazen<\/a> Espectacles:<\/strong> 6\u20ac anticipada i 10\u20ac taquilla; <strong>Tallers:<\/strong> 130-150\u20ac\u00a0 (Per a informacio\u0301 i reserva de plac\u0327a, a\/e: aula@almazen.net o truqueu al 664 27 75 79 a l\u2019atencio\u0301 Mar)<br \/>\n<span style=\"color: #ffffff;\">.<\/span><\/p>\n<p><strong><a href=\"http:\/\/www.espaiale.cat\/\" target=\"_blank\">Espai Al\u00e8<\/a> Taller:<\/strong> 30\u20ac<br \/>\n<span style=\"color: #ffffff;\">.<\/span><\/p>\n<p><strong><a href=\"http:\/\/www.harlemjazzclub.es\/\" target=\"_blank\">Harlem Jazz Club<\/a> Espectacles:<\/strong> 6\u20ac<br \/>\n<span style=\"color: #ffffff;\">.<\/span><\/p>\n<p><strong><a href=\"http:\/\/www.lariereta.es\/\" target=\"_blank\">La Riereta Teatre<\/a> Espectacles: <\/strong>5\u20ac Atrapalo i 7\u20ac taquilla<br \/>\n<span style=\"color: #ffffff;\">.<\/span><\/p>\n<p><strong><a href=\"http:\/\/www.ruqueriaquerubi.blogspot.com\/\" target=\"_blank\">Ruqueria Querub\u00ed<\/a> Espectacles:<\/strong> 12\u20ac<br \/>\n<span style=\"color: #ffffff;\">.<\/span><\/p>\n<p><a href=\"http:\/\/www.tantarantana.com\/\" target=\"_blank\"><strong>Teatre Tantarantana<\/strong><\/a> <strong>Inauguraci\u00f3:<\/strong> Gratis <strong>Altres Espectacles:<\/strong> 9\u20ac (A la grilla de Munt de Mots surt a l&#8217;inrev\u00e9s us demanen disculpes per aquest error tipogr\u00e0fic)<br \/>\n<span style=\"color: #ffffff;\">.<\/span><\/p>\n<p><a href=\"http:\/\/www.almeriateatre.com\/\" target=\"_blank\"><strong>Teatre Almeria<\/strong><\/a> <strong>Espectacles:<\/strong> 9\u20ac<\/p>\n<p>&nbsp;<\/p>\n<p><strong>ATENCI\u00d3: L&#8217;aforament dels espais tancats \u00e9s limitat, per aix\u00f2,  recomanem trucar i\/o reservar les entrades abans dels espectacles,  sobretot dels gratu\u00efts. Moltes gr\u00e0cies.<\/strong><\/p>\n<p>&nbsp;<\/p>\n","protected":false},"excerpt":{"rendered":"<p>Assistir a les activitats que ofereix Munt de Mots \u00e9s gratis per al p\u00fablic! Encara que hi ha excepcions \u2026 Aquests s\u00f3n els locals on es cobrar\u00e0: . C.C. Pati Llimona. Tallers: 10\u20ac-28,73\u20ac (Inscripcions a partir del 19 de setembre, me\u0301s informacio\u0301 a la Web del Centre C\u00edvic . Centre Artesa\u0300 Tradiciona\u0300rius Espectacles: 3\u20ac (-12 [&hellip;]<\/p>\n","protected":false},"author":1,"featured_media":0,"parent":0,"menu_order":0,"comment_status":"open","ping_status":"open","template":"","meta":[],"_links":{"self":[{"href":"https:\/\/www.muntdemots.org\/2011\/wp-json\/wp\/v2\/pages\/1580"}],"collection":[{"href":"https:\/\/www.muntdemots.org\/2011\/wp-json\/wp\/v2\/pages"}],"about":[{"href":"https:\/\/www.muntdemots.org\/2011\/wp-json\/wp\/v2\/types\/page"}],"author":[{"embeddable":true,"href":"https:\/\/www.muntdemots.org\/2011\/wp-json\/wp\/v2\/users\/1"}],"replies":[{"embeddable":true,"href":"https:\/\/www.muntdemots.org\/2011\/wp-json\/wp\/v2\/comments?post=1580"}],"version-history":[{"count":20,"href":"https:\/\/www.muntdemots.org\/2011\/wp-json\/wp\/v2\/pages\/1580\/revisions"}],"predecessor-version":[{"id":1582,"href":"https:\/\/www.muntdemots.org\/2011\/wp-json\/wp\/v2\/pages\/1580\/revisions\/1582"}],"wp:attachment":[{"href":"https:\/\/www.muntdemots.org\/2011\/wp-json\/wp\/v2\/media?parent=1580"}],"curies":[{"name":"wp","href":"https:\/\/api.w.org\/{rel}","templated":true}]}}