{"id":11,"date":"2010-09-03T15:50:10","date_gmt":"2010-09-03T15:50:10","guid":{"rendered":"http:\/\/www.muntdemots.org\/"},"modified":"2011-10-03T18:07:12","modified_gmt":"2011-10-03T18:07:12","slug":"presentacio","status":"publish","type":"page","link":"https:\/\/www.muntdemots.org\/2011\/presentacio\/","title":{"rendered":"Presentaci\u00f3"},"content":{"rendered":"<p><span style=\"color: #ffffff;\">.<\/span><\/p>\n<p>Vet aqu\u00ed el II Festival de Narraci\u00f3 Oral de Barcelona, Munt de Mots 2011, despr\u00e9s de molt d\u2019esfor\u00e7 i gr\u00e0cies al suport de moltes persones i institucions.<br \/>\n<span style=\"color: #ffffff;\">.<\/span><\/p>\n<p>En aquesta segona edici\u00f3, en la qual es consoliden espais, ens hem abocat en la formaci\u00f3 (setze tallers i confer\u00e8ncies per aprofundir en l\u2019estudi d\u2019aquest art mil\u00b7lenari) i en la programaci\u00f3 d\u2019espectacles de contacontes en sales de teatre (lloc tan natural de la narraci\u00f3 oral com les biblioteques, els bars o les places). De fet, farem dues funcions de gala en les quals podrem gaudir del bon ofici d\u2019alguns dels millors contacontes en llengua castellana i catalana, al teatre Almer\u00eda i al teatreTantarantana, on tamb\u00e9 es dur\u00e0 a terme l\u2019inauguraci\u00f3 el dilluns 17 d\u2019octubre, amb entrada lliure.<br \/>\n<span style=\"color: #ffffff;\">.<\/span><\/p>\n<p>Ens visitaran narradores de Cuba, Vene\u00e7uela, Argentina i Pol\u00f2nia, que uniran les seves veus a m\u00e9s de cinquanta contacontes de Catalunya, una desena de contacontes americans \u2013residents aqu\u00ed\u2013 i sis convidats\/ades especials que vindran d\u2019altres contrades de l\u2019Estat Espanyol.<br \/>\n<span style=\"color: #ffffff;\">.<\/span><\/p>\n<p>Una activitat familiar a l\u2019aire lliure, Una Ciutadella de Contes, ens permetr\u00e0 gaudir durant tot un mat\u00ed d\u2019excel\u00b7lents narradors i narradores d\u2019aqu\u00ed i d\u2019all\u00e0, tots i totes narrant en catal\u00e0.<br \/>\n<span style=\"color: #ffffff;\">.<\/span><\/p>\n<p>Tot el m\u00f3n tindr\u00e0 cabuda en aquesta gran festa de la paraula dita, de la mirada compartida, en la qual ens trobarem per imaginar mons distints; condici\u00f3 essencial per millorar el nostre.<\/p>\n<p><span style=\"color: #ffffff;\">.<\/span><\/p>\n<p><span style=\"color: #ffffff;\">.<\/span><\/p>\n<p>Rub\u00e9n Mart\u00ednez Santana<br \/>\nDirector<\/p>\n<p><span style=\"color: #ffffff;\">.<\/span><\/p>\n<p><span style=\"color: #ffffff;\">.<\/span><\/p>\n<p><a href=\"https:\/\/www.muntdemots.org\/2011\/wp-content\/uploads\/2010\/09\/VOCES-DE-MUJER-ISA.jpg\"><img decoding=\"async\" loading=\"lazy\" class=\"aligncenter size-medium wp-image-4399\" title=\"VOCES DE MUJER ISA\" src=\"https:\/\/www.muntdemots.org\/2011\/wp-content\/uploads\/2010\/09\/VOCES-DE-MUJER-ISA-300x199.jpg\" alt=\"\" width=\"300\" height=\"199\" srcset=\"https:\/\/www.muntdemots.org\/2011\/wp-content\/uploads\/2010\/09\/VOCES-DE-MUJER-ISA-300x199.jpg 300w, https:\/\/www.muntdemots.org\/2011\/wp-content\/uploads\/2010\/09\/VOCES-DE-MUJER-ISA-1024x680.jpg 1024w, https:\/\/www.muntdemots.org\/2011\/wp-content\/uploads\/2010\/09\/VOCES-DE-MUJER-ISA.jpg 2048w\" sizes=\"(max-width: 300px) 100vw, 300px\" \/><\/a><\/p>\n<p><span style=\"color: #ffffff;\">.<\/span><\/p>\n<p>&nbsp;<\/p>\n<p>&nbsp;<\/p>\n","protected":false},"excerpt":{"rendered":"<p>. Vet aqu\u00ed el II Festival de Narraci\u00f3 Oral de Barcelona, Munt de Mots 2011, despr\u00e9s de molt d\u2019esfor\u00e7 i gr\u00e0cies al suport de moltes persones i institucions. . En aquesta segona edici\u00f3, en la qual es consoliden espais, ens hem abocat en la formaci\u00f3 (setze tallers i confer\u00e8ncies per aprofundir en l\u2019estudi d\u2019aquest art [&hellip;]<\/p>\n","protected":false},"author":1,"featured_media":0,"parent":0,"menu_order":0,"comment_status":"open","ping_status":"open","template":"","meta":[],"_links":{"self":[{"href":"https:\/\/www.muntdemots.org\/2011\/wp-json\/wp\/v2\/pages\/11"}],"collection":[{"href":"https:\/\/www.muntdemots.org\/2011\/wp-json\/wp\/v2\/pages"}],"about":[{"href":"https:\/\/www.muntdemots.org\/2011\/wp-json\/wp\/v2\/types\/page"}],"author":[{"embeddable":true,"href":"https:\/\/www.muntdemots.org\/2011\/wp-json\/wp\/v2\/users\/1"}],"replies":[{"embeddable":true,"href":"https:\/\/www.muntdemots.org\/2011\/wp-json\/wp\/v2\/comments?post=11"}],"version-history":[{"count":18,"href":"https:\/\/www.muntdemots.org\/2011\/wp-json\/wp\/v2\/pages\/11\/revisions"}],"predecessor-version":[{"id":13,"href":"https:\/\/www.muntdemots.org\/2011\/wp-json\/wp\/v2\/pages\/11\/revisions\/13"}],"wp:attachment":[{"href":"https:\/\/www.muntdemots.org\/2011\/wp-json\/wp\/v2\/media?parent=11"}],"curies":[{"name":"wp","href":"https:\/\/api.w.org\/{rel}","templated":true}]}}