{"id":8942,"date":"2018-09-17T09:23:33","date_gmt":"2018-09-17T09:23:33","guid":{"rendered":"http:\/\/www.muntdemots.org\/2018\/?page_id=8942"},"modified":"2019-09-27T07:32:42","modified_gmt":"2019-09-27T07:32:42","slug":"jam-de-contes","status":"publish","type":"page","link":"http:\/\/www.muntdemots.org\/2019\/jam-de-contes\/","title":{"rendered":"Jam de contes"},"content":{"rendered":"<div class=\"title\"><\/div>\n<div class=\"entry\">\n<div class=\"entry\">\n<div class=\"entry\">\n<div class=\"entry\">\n<div class=\"entry\">\n<div class=\"entry\">\n<div class=\"entry\">\n<div class=\"entry\">\n<p><a style=\"font-size: 1.6em; font-weight: 600;\" title=\"Permanent Link to Dimecres 23 d\u2019octubre\" href=\"http:\/\/www.muntdemots.org\/2019\/esdeveniments-2\/categories\/\" rel=\"bookmark\">Dimecres 23 d\u2019octubre<\/a><\/p>\n<div class=\"entry\">\n<h2>17:30 \u2013 20:30 \u2013 <a href=\"http:\/\/www.muntdemots.org\/2019\/events\/narrin-narran-2\/\">NARR\u00cdN NARRAN<\/a>\u00a0\u2013<\/h2>\n<h2>Condu\u00eft pel grup Narr\u00edn Narran (Catalunya)<\/h2>\n<p>Es tracta d\u2019un espai obert i ja consolidat en qu\u00e8, a m\u00e9s de narrar, els membres del grup conviden el p\u00fablic a explicar un conte. Enguany, per celebrar l\u2019aniversari del Festival, hi haur\u00e0 tamb\u00e9 una Jam Infantil!!!<br \/>\nInfantil +4 \/ Hora: 17:30 h<br \/>\nAdults \/ Hora: 19:30 h<br \/>\nCastell\u00e0 i catal\u00e0<br \/>\nESPAI ANTONI MIR\u00d3 PIRES<br \/>\n<strong>Activitat gratu\u00efta<\/strong><\/p>\n<p>\u2013\u00a0<a href=\"http:\/\/www.muntdemots.org\/2019\/locations\/espai-antoni-miro-pires\/\">Espai Antoni Mir\u00f3 Pires<\/a><\/p>\n<div class=\"title\">\n<h2><a title=\"Permanent Link to Dijous 24 d\u2019octubre\" href=\"http:\/\/www.muntdemots.org\/2019\/esdeveniments-2\/categories\/\" rel=\"bookmark\">Dijous 24 d\u2019octubre<\/a><\/h2>\n<\/div>\n<div class=\"entry\">\n<h2>20:00 \u2013 21:00 \u2013 <a href=\"http:\/\/www.muntdemots.org\/2019\/events\/contes-instantanis\/\">CONTES INSTANTANIS<\/a>\u00a0\u2013<\/h2>\n<p>Diversos escriptors i contacontes (Catalunya)<\/p>\n<p>De sobte, auda\u00e7os escriptors escriuran uns contes que altres intr\u00e8pids contacontes hauran d\u2019explicar al p\u00fablic assistent. Es tracta d\u2019un encontre amb el vert\u00edgen literari oral. Coordina: Juan Pablo Fuentes.<br \/>\nAdults\/ Castell\u00e0 i Catal\u00e0<br \/>\nHora: 20.00 h<br \/>\nESPAI VEINAL CALABRIA, 66<br \/>\n<strong>Activitat gratu\u00efta<\/strong><\/p>\n<p>\u2013\u00a0<a href=\"http:\/\/www.muntdemots.org\/2019\/locations\/espai-veinal-calabria-66\/\">Espai Ve\u00efnal Cal\u00e0bria 66<\/a><\/p>\n<div class=\"title\">\n<h2><a title=\"Permanent Link to Divendres 25 d\u2019octubre\" href=\"http:\/\/www.muntdemots.org\/2019\/esdeveniments-2\/categories\/\" rel=\"bookmark\">Divendres 25 d\u2019octubre<\/a><\/h2>\n<\/div>\n<div class=\"entry\">\n<h2>20:30 \u2013 21:30 \u2013 <a href=\"http:\/\/www.muntdemots.org\/2019\/events\/veus-al-roig\/\">VEUS AL ROIG<\/a>\u00a0\u2013<\/h2>\n<h2>ANIN (Catalunya)<\/h2>\n<p>Hist\u00f2ries, llegendes i contes que arribaran aquesta nit per ser explicats, com cada mes, en qu\u00e8 tres narradores o narradors mostren les seves hist\u00f2ries a l\u2019Ateneu Roig.<br \/>\nAdults \/ Catal\u00e0<br \/>\nHora: 20:30 h<br \/>\nATENEU ROIG<br \/>\n<strong>Activitat gratu\u00efta<\/strong><br \/>\nTaquilla inversa<br \/>\n(A la sortida col\u00b7labora amb l\u2019import que creguis convenient).<\/p>\n<p>\u2013\u00a0<a href=\"http:\/\/www.muntdemots.org\/2019\/locations\/ateneuroig\/\">Ateneu Roig<\/a><\/p>\n<h2>20:30 \u2013 22:00 \u2013 <a href=\"http:\/\/www.muntdemots.org\/2019\/events\/jam-de-contes-laboratori-creatiu-2\/\">JAM DE CONTES (LABORATORI CREATIU)<\/a>\u00a0\u2013<\/h2>\n<h2>Grup Jam de Cuentos<\/h2>\n<p>Espai obert a tothom qui vulgui experimentar amb la improvisaci\u00f3 de contes a partir de tres paraules escollides a l\u2019atzar. Un espai lliure per crear i riure.<br \/>\nAdults \/ Catal\u00e0 i castell\u00e0<br \/>\nHora: 20:30 h<br \/>\nATENEU ROSA DE FOC<br \/>\n<strong>Activitat gratu\u00efta<\/strong><\/p>\n<p>\u2013\u00a0<a href=\"http:\/\/www.muntdemots.org\/2019\/locations\/ateneu-rosa-foc\/\">Ateneu Rosa de Foc<\/a><\/p>\n<div class=\"title\">\n<h2><a title=\"Permanent Link to Dissabte 26 d\u2019octubre\" href=\"http:\/\/www.muntdemots.org\/2019\/esdeveniments-2\/categories\/\" rel=\"bookmark\">Dissabte 26 d\u2019octubre<\/a><\/h2>\n<\/div>\n<div class=\"entry\">\n<h2>19:00 \u2013 20:00 \u2013\u00a0<a href=\"http:\/\/www.muntdemots.org\/2019\/events\/cuentae-linguae-2\/\">CUENTAE LINGUAE<\/a>\u00a0\u2013<\/h2>\n<p>\u00c9s el nostre encontre anual amb els contes \u00aben versi\u00f3 original\u00bb (i per primera vegada en llat\u00ed!):<br \/>\nRam\u00f3n Torn\u00e9 (llat\u00ed), Carine Dubois (franc\u00e8s), M\u00f3nika Klose (alemany), Judith Navarro (teatre f\u00edsic i gestual), Dana M. Caza\u00f1a (dansa).\u2026 Vine a sorprendre\u2019t del que ets capa\u00e7 d\u2019entendre!<br \/>\nAdults \/ Diversos idiomes<br \/>\nHora: 19:00 h<br \/>\nCENTRE C\u00cdVIC PATI LLIMONA<br \/>\n<strong>Activitat gratu\u00efta<\/strong><\/p>\n<p>\u2013\u00a0<a href=\"http:\/\/www.muntdemots.org\/2019\/locations\/patillimona\/\">Centre C\u00edvic Pati Llimona<\/a><\/p>\n<\/div>\n<\/div>\n<\/div>\n<\/div>\n<\/div>\n<\/div>\n<\/div>\n<\/div>\n<\/div>\n<\/div>\n<\/div>\n<\/div>\n","protected":false},"excerpt":{"rendered":"<p>Dimecres 23 d\u2019octubre 17:30 \u2013 20:30 \u2013 NARR\u00cdN NARRAN\u00a0\u2013 Condu\u00eft pel grup Narr\u00edn Narran (Catalunya) Es tracta d\u2019un espai obert i ja consolidat en qu\u00e8, a m\u00e9s de narrar, els membres del grup conviden el p\u00fablic a explicar un conte. Enguany, per celebrar l\u2019aniversari del Festival, hi haur\u00e0 tamb\u00e9 una Jam Infantil!!! Infantil +4 \/ [&hellip;]<\/p>\n","protected":false},"author":1,"featured_media":0,"parent":0,"menu_order":0,"comment_status":"closed","ping_status":"closed","template":"","meta":{"_mi_skip_tracking":false},"yoast_head":"<!-- This site is optimized with the Yoast SEO plugin v20.5 - https:\/\/yoast.com\/wordpress\/plugins\/seo\/ -->\n<title>Jam de contes - Munt de Mots<\/title>\n<meta name=\"robots\" content=\"index, follow, max-snippet:-1, max-image-preview:large, max-video-preview:-1\" \/>\n<link rel=\"canonical\" href=\"http:\/\/www.muntdemots.org\/2019\/jam-de-contes\/\" \/>\n<meta property=\"og:locale\" content=\"ca_ES\" \/>\n<meta property=\"og:type\" content=\"article\" \/>\n<meta property=\"og:title\" content=\"Jam de contes - Munt de Mots\" \/>\n<meta property=\"og:description\" content=\"Dimecres 23 d\u2019octubre 17:30 \u2013 20:30 \u2013 NARR\u00cdN NARRAN\u00a0\u2013 Condu\u00eft pel grup Narr\u00edn Narran (Catalunya) Es tracta d\u2019un espai obert i ja consolidat en qu\u00e8, a m\u00e9s de narrar, els membres del grup conviden el p\u00fablic a explicar un conte. Enguany, per celebrar l\u2019aniversari del Festival, hi haur\u00e0 tamb\u00e9 una Jam Infantil!!! Infantil +4 \/ [&hellip;]\" \/>\n<meta property=\"og:url\" content=\"http:\/\/www.muntdemots.org\/2019\/jam-de-contes\/\" \/>\n<meta property=\"og:site_name\" content=\"Munt de Mots\" \/>\n<meta property=\"article:publisher\" content=\"https:\/\/www.facebook.com\/FestivalMuntdeMots\" \/>\n<meta property=\"article:modified_time\" content=\"2019-09-27T07:32:42+00:00\" \/>\n<meta name=\"twitter:card\" content=\"summary_large_image\" \/>\n<meta name=\"twitter:site\" content=\"@muntdemots\" \/>\n<meta name=\"twitter:label1\" content=\"Temps estimat de lectura\" \/>\n\t<meta name=\"twitter:data1\" content=\"2 minuts\" \/>\n<script type=\"application\/ld+json\" class=\"yoast-schema-graph\">{\"@context\":\"https:\/\/schema.org\",\"@graph\":[{\"@type\":\"WebPage\",\"@id\":\"http:\/\/www.muntdemots.org\/2019\/jam-de-contes\/\",\"url\":\"http:\/\/www.muntdemots.org\/2019\/jam-de-contes\/\",\"name\":\"Jam de contes - Munt de Mots\",\"isPartOf\":{\"@id\":\"http:\/\/www.muntdemots.org\/2019\/#website\"},\"datePublished\":\"2018-09-17T09:23:33+00:00\",\"dateModified\":\"2019-09-27T07:32:42+00:00\",\"breadcrumb\":{\"@id\":\"http:\/\/www.muntdemots.org\/2019\/jam-de-contes\/#breadcrumb\"},\"inLanguage\":\"ca\",\"potentialAction\":[{\"@type\":\"ReadAction\",\"target\":[\"http:\/\/www.muntdemots.org\/2019\/jam-de-contes\/\"]}]},{\"@type\":\"BreadcrumbList\",\"@id\":\"http:\/\/www.muntdemots.org\/2019\/jam-de-contes\/#breadcrumb\",\"itemListElement\":[{\"@type\":\"ListItem\",\"position\":1,\"name\":\"Inici\",\"item\":\"http:\/\/www.muntdemots.org\/2019\/\"},{\"@type\":\"ListItem\",\"position\":2,\"name\":\"Jam de contes\"}]},{\"@type\":\"WebSite\",\"@id\":\"http:\/\/www.muntdemots.org\/2019\/#website\",\"url\":\"http:\/\/www.muntdemots.org\/2019\/\",\"name\":\"Munt de Mots\",\"description\":\"\",\"potentialAction\":[{\"@type\":\"SearchAction\",\"target\":{\"@type\":\"EntryPoint\",\"urlTemplate\":\"http:\/\/www.muntdemots.org\/2019\/?s={search_term_string}\"},\"query-input\":\"required name=search_term_string\"}],\"inLanguage\":\"ca\"}]}<\/script>\n<!-- \/ Yoast SEO plugin. -->","yoast_head_json":{"title":"Jam de contes - Munt de Mots","robots":{"index":"index","follow":"follow","max-snippet":"max-snippet:-1","max-image-preview":"max-image-preview:large","max-video-preview":"max-video-preview:-1"},"canonical":"http:\/\/www.muntdemots.org\/2019\/jam-de-contes\/","og_locale":"ca_ES","og_type":"article","og_title":"Jam de contes - Munt de Mots","og_description":"Dimecres 23 d\u2019octubre 17:30 \u2013 20:30 \u2013 NARR\u00cdN NARRAN\u00a0\u2013 Condu\u00eft pel grup Narr\u00edn Narran (Catalunya) Es tracta d\u2019un espai obert i ja consolidat en qu\u00e8, a m\u00e9s de narrar, els membres del grup conviden el p\u00fablic a explicar un conte. Enguany, per celebrar l\u2019aniversari del Festival, hi haur\u00e0 tamb\u00e9 una Jam Infantil!!! Infantil +4 \/ [&hellip;]","og_url":"http:\/\/www.muntdemots.org\/2019\/jam-de-contes\/","og_site_name":"Munt de Mots","article_publisher":"https:\/\/www.facebook.com\/FestivalMuntdeMots","article_modified_time":"2019-09-27T07:32:42+00:00","twitter_card":"summary_large_image","twitter_site":"@muntdemots","twitter_misc":{"Temps estimat de lectura":"2 minuts"},"schema":{"@context":"https:\/\/schema.org","@graph":[{"@type":"WebPage","@id":"http:\/\/www.muntdemots.org\/2019\/jam-de-contes\/","url":"http:\/\/www.muntdemots.org\/2019\/jam-de-contes\/","name":"Jam de contes - Munt de Mots","isPartOf":{"@id":"http:\/\/www.muntdemots.org\/2019\/#website"},"datePublished":"2018-09-17T09:23:33+00:00","dateModified":"2019-09-27T07:32:42+00:00","breadcrumb":{"@id":"http:\/\/www.muntdemots.org\/2019\/jam-de-contes\/#breadcrumb"},"inLanguage":"ca","potentialAction":[{"@type":"ReadAction","target":["http:\/\/www.muntdemots.org\/2019\/jam-de-contes\/"]}]},{"@type":"BreadcrumbList","@id":"http:\/\/www.muntdemots.org\/2019\/jam-de-contes\/#breadcrumb","itemListElement":[{"@type":"ListItem","position":1,"name":"Inici","item":"http:\/\/www.muntdemots.org\/2019\/"},{"@type":"ListItem","position":2,"name":"Jam de contes"}]},{"@type":"WebSite","@id":"http:\/\/www.muntdemots.org\/2019\/#website","url":"http:\/\/www.muntdemots.org\/2019\/","name":"Munt de Mots","description":"","potentialAction":[{"@type":"SearchAction","target":{"@type":"EntryPoint","urlTemplate":"http:\/\/www.muntdemots.org\/2019\/?s={search_term_string}"},"query-input":"required name=search_term_string"}],"inLanguage":"ca"}]}},"_links":{"self":[{"href":"http:\/\/www.muntdemots.org\/2019\/wp-json\/wp\/v2\/pages\/8942"}],"collection":[{"href":"http:\/\/www.muntdemots.org\/2019\/wp-json\/wp\/v2\/pages"}],"about":[{"href":"http:\/\/www.muntdemots.org\/2019\/wp-json\/wp\/v2\/types\/page"}],"author":[{"embeddable":true,"href":"http:\/\/www.muntdemots.org\/2019\/wp-json\/wp\/v2\/users\/1"}],"replies":[{"embeddable":true,"href":"http:\/\/www.muntdemots.org\/2019\/wp-json\/wp\/v2\/comments?post=8942"}],"version-history":[{"count":4,"href":"http:\/\/www.muntdemots.org\/2019\/wp-json\/wp\/v2\/pages\/8942\/revisions"}],"predecessor-version":[{"id":9094,"href":"http:\/\/www.muntdemots.org\/2019\/wp-json\/wp\/v2\/pages\/8942\/revisions\/9094"}],"wp:attachment":[{"href":"http:\/\/www.muntdemots.org\/2019\/wp-json\/wp\/v2\/media?parent=8942"}],"curies":[{"name":"wp","href":"https:\/\/api.w.org\/{rel}","templated":true}]}}