{"id":8853,"date":"2018-09-13T10:56:43","date_gmt":"2018-09-13T10:56:43","guid":{"rendered":"http:\/\/www.muntdemots.org\/2018\/?page_id=8853"},"modified":"2018-09-19T07:38:57","modified_gmt":"2018-09-19T07:38:57","slug":"sabrina-kraus","status":"publish","type":"page","link":"http:\/\/www.muntdemots.org\/2018\/participants\/sabrina-kraus\/","title":{"rendered":"Sabrina Kraus"},"content":{"rendered":"<p><img decoding=\"async\" loading=\"lazy\" class=\"alignright size-medium wp-image-8815\" src=\"http:\/\/www.muntdemots.org\/2018\/wp-content\/uploads\/2018\/09\/Any-Store1-300x300.png\" alt=\"\" width=\"300\" height=\"300\" srcset=\"http:\/\/www.muntdemots.org\/2018\/wp-content\/uploads\/2018\/09\/Any-Store1-300x300.png 300w, http:\/\/www.muntdemots.org\/2018\/wp-content\/uploads\/2018\/09\/Any-Store1-150x150.png 150w, http:\/\/www.muntdemots.org\/2018\/wp-content\/uploads\/2018\/09\/Any-Store1-768x768.png 768w, http:\/\/www.muntdemots.org\/2018\/wp-content\/uploads\/2018\/09\/Any-Store1.png 800w\" sizes=\"(max-width: 300px) 100vw, 300px\" \/>He comen\u00e7at a ser m\u00e9s conscient sobre l&#8217;educaci\u00f3 i els missatges que volia transmetre als meus fills. I quin millor manera de lliurar un missatge que a trav\u00e9s d&#8217;un llibre il\u2022lustrat, explicant hist\u00f2ries reals sobre persones que van aconseguir alguna cosa especial en la seva vida. Amb el meu llibre no nom\u00e9s vull inspirar nenes i nens, sin\u00f3 tamb\u00e9 els seus pares. Com a mare crec que tenim un paper molt important i hem d&#8217;acompanyar i oferir suport als nostres fills, sigui quin sigui el seu somni.<\/p>\n","protected":false},"excerpt":{"rendered":"<p>He comen\u00e7at a ser m\u00e9s conscient sobre l&#8217;educaci\u00f3 i els missatges que volia transmetre als meus fills. I quin millor manera de lliurar un missatge que a trav\u00e9s d&#8217;un llibre il\u2022lustrat, explicant hist\u00f2ries reals sobre persones que van aconseguir alguna cosa especial en la seva vida. Amb el meu llibre no nom\u00e9s vull inspirar nenes [&hellip;]<\/p>\n","protected":false},"author":1,"featured_media":0,"parent":4,"menu_order":0,"comment_status":"closed","ping_status":"closed","template":"","meta":{"_mi_skip_tracking":false},"_links":{"self":[{"href":"http:\/\/www.muntdemots.org\/2018\/wp-json\/wp\/v2\/pages\/8853"}],"collection":[{"href":"http:\/\/www.muntdemots.org\/2018\/wp-json\/wp\/v2\/pages"}],"about":[{"href":"http:\/\/www.muntdemots.org\/2018\/wp-json\/wp\/v2\/types\/page"}],"author":[{"embeddable":true,"href":"http:\/\/www.muntdemots.org\/2018\/wp-json\/wp\/v2\/users\/1"}],"replies":[{"embeddable":true,"href":"http:\/\/www.muntdemots.org\/2018\/wp-json\/wp\/v2\/comments?post=8853"}],"version-history":[{"count":2,"href":"http:\/\/www.muntdemots.org\/2018\/wp-json\/wp\/v2\/pages\/8853\/revisions"}],"predecessor-version":[{"id":8973,"href":"http:\/\/www.muntdemots.org\/2018\/wp-json\/wp\/v2\/pages\/8853\/revisions\/8973"}],"up":[{"embeddable":true,"href":"http:\/\/www.muntdemots.org\/2018\/wp-json\/wp\/v2\/pages\/4"}],"wp:attachment":[{"href":"http:\/\/www.muntdemots.org\/2018\/wp-json\/wp\/v2\/media?parent=8853"}],"curies":[{"name":"wp","href":"https:\/\/api.w.org\/{rel}","templated":true}]}}