{"id":8851,"date":"2018-09-13T10:45:55","date_gmt":"2018-09-13T10:45:55","guid":{"rendered":"http:\/\/www.muntdemots.org\/2018\/?page_id=8851"},"modified":"2018-09-19T07:40:33","modified_gmt":"2018-09-19T07:40:33","slug":"narrin-narran","status":"publish","type":"page","link":"http:\/\/www.muntdemots.org\/2018\/participants\/narrin-narran\/","title":{"rendered":"Narr\u00edn Narr\u00e1n"},"content":{"rendered":"<p><img decoding=\"async\" loading=\"lazy\" class=\"alignright size-medium wp-image-8811\" src=\"http:\/\/www.muntdemots.org\/2018\/wp-content\/uploads\/2018\/09\/18-300x300.png\" alt=\"\" width=\"300\" height=\"300\" srcset=\"http:\/\/www.muntdemots.org\/2018\/wp-content\/uploads\/2018\/09\/18-300x300.png 300w, http:\/\/www.muntdemots.org\/2018\/wp-content\/uploads\/2018\/09\/18-150x150.png 150w, http:\/\/www.muntdemots.org\/2018\/wp-content\/uploads\/2018\/09\/18-768x768.png 768w, http:\/\/www.muntdemots.org\/2018\/wp-content\/uploads\/2018\/09\/18.png 800w\" sizes=\"(max-width: 300px) 100vw, 300px\" \/>Vine a explicar o a gaudir dels contes per a adults que farem entre tots!<br \/>\nSi una bona estona vols passar, vine a Narrin Narran a narrar o a escoltar.<br \/>\nNarr\u00edn Narran \u00e9s un grup d\u2019amigues que comparteixen la il\u2022lusi\u00f3 d\u2019explicar i contar hist\u00f2ries de tota mena. Us convidem a la Jam de Contes perqu\u00e8, a m\u00e9s d\u2019escoltar, us hi animeu a narrar.<\/p>\n","protected":false},"excerpt":{"rendered":"<p>Vine a explicar o a gaudir dels contes per a adults que farem entre tots! Si una bona estona vols passar, vine a Narrin Narran a narrar o a escoltar. Narr\u00edn Narran \u00e9s un grup d\u2019amigues que comparteixen la il\u2022lusi\u00f3 d\u2019explicar i contar hist\u00f2ries de tota mena. Us convidem a la Jam de Contes perqu\u00e8, [&hellip;]<\/p>\n","protected":false},"author":1,"featured_media":0,"parent":4,"menu_order":0,"comment_status":"closed","ping_status":"closed","template":"","meta":{"_mi_skip_tracking":false},"_links":{"self":[{"href":"http:\/\/www.muntdemots.org\/2018\/wp-json\/wp\/v2\/pages\/8851"}],"collection":[{"href":"http:\/\/www.muntdemots.org\/2018\/wp-json\/wp\/v2\/pages"}],"about":[{"href":"http:\/\/www.muntdemots.org\/2018\/wp-json\/wp\/v2\/types\/page"}],"author":[{"embeddable":true,"href":"http:\/\/www.muntdemots.org\/2018\/wp-json\/wp\/v2\/users\/1"}],"replies":[{"embeddable":true,"href":"http:\/\/www.muntdemots.org\/2018\/wp-json\/wp\/v2\/comments?post=8851"}],"version-history":[{"count":2,"href":"http:\/\/www.muntdemots.org\/2018\/wp-json\/wp\/v2\/pages\/8851\/revisions"}],"predecessor-version":[{"id":8976,"href":"http:\/\/www.muntdemots.org\/2018\/wp-json\/wp\/v2\/pages\/8851\/revisions\/8976"}],"up":[{"embeddable":true,"href":"http:\/\/www.muntdemots.org\/2018\/wp-json\/wp\/v2\/pages\/4"}],"wp:attachment":[{"href":"http:\/\/www.muntdemots.org\/2018\/wp-json\/wp\/v2\/media?parent=8851"}],"curies":[{"name":"wp","href":"https:\/\/api.w.org\/{rel}","templated":true}]}}