{"id":8849,"date":"2018-09-13T10:42:28","date_gmt":"2018-09-13T10:42:28","guid":{"rendered":"http:\/\/www.muntdemots.org\/2018\/?page_id=8849"},"modified":"2018-09-19T07:38:35","modified_gmt":"2018-09-19T07:38:35","slug":"camerata-internacional-de-barcelona","status":"publish","type":"page","link":"http:\/\/www.muntdemots.org\/2018\/participants\/camerata-internacional-de-barcelona\/","title":{"rendered":"Camerata internacional de Barcelona"},"content":{"rendered":"<p><img decoding=\"async\" loading=\"lazy\" class=\"alignright size-medium wp-image-8810\" src=\"http:\/\/www.muntdemots.org\/2018\/wp-content\/uploads\/2018\/09\/17-300x300.png\" alt=\"\" width=\"300\" height=\"300\" srcset=\"http:\/\/www.muntdemots.org\/2018\/wp-content\/uploads\/2018\/09\/17-300x300.png 300w, http:\/\/www.muntdemots.org\/2018\/wp-content\/uploads\/2018\/09\/17-150x150.png 150w, http:\/\/www.muntdemots.org\/2018\/wp-content\/uploads\/2018\/09\/17-768x768.png 768w, http:\/\/www.muntdemots.org\/2018\/wp-content\/uploads\/2018\/09\/17.png 800w\" sizes=\"(max-width: 300px) 100vw, 300px\" \/>La Camerata Internacional de Barcelona CIB \u00e9s una orquestra creada de fa poc, inaugurada el 27 de juny de 2018 despr\u00e9s d\u2019un concert a la Cripta de la Sagrada Fam\u00edlia. Aquesta important bas\u00edlica inclou tamb\u00e9 en el seu panorama art\u00edstic cultural els m\u00fasics que la integren i hi mostra un s\u00f2lid suport en tant que ha convertit la Cripta en seu principal de la prometedora agrupaci\u00f3. L\u2019esmentat projecte t\u00e9 les portes totalment obertes a executants de qualsevol nacionalitat.<\/p>\n","protected":false},"excerpt":{"rendered":"<p>La Camerata Internacional de Barcelona CIB \u00e9s una orquestra creada de fa poc, inaugurada el 27 de juny de 2018 despr\u00e9s d\u2019un concert a la Cripta de la Sagrada Fam\u00edlia. Aquesta important bas\u00edlica inclou tamb\u00e9 en el seu panorama art\u00edstic cultural els m\u00fasics que la integren i hi mostra un s\u00f2lid suport en tant que [&hellip;]<\/p>\n","protected":false},"author":1,"featured_media":0,"parent":4,"menu_order":0,"comment_status":"closed","ping_status":"closed","template":"","meta":{"_mi_skip_tracking":false},"_links":{"self":[{"href":"http:\/\/www.muntdemots.org\/2018\/wp-json\/wp\/v2\/pages\/8849"}],"collection":[{"href":"http:\/\/www.muntdemots.org\/2018\/wp-json\/wp\/v2\/pages"}],"about":[{"href":"http:\/\/www.muntdemots.org\/2018\/wp-json\/wp\/v2\/types\/page"}],"author":[{"embeddable":true,"href":"http:\/\/www.muntdemots.org\/2018\/wp-json\/wp\/v2\/users\/1"}],"replies":[{"embeddable":true,"href":"http:\/\/www.muntdemots.org\/2018\/wp-json\/wp\/v2\/comments?post=8849"}],"version-history":[{"count":2,"href":"http:\/\/www.muntdemots.org\/2018\/wp-json\/wp\/v2\/pages\/8849\/revisions"}],"predecessor-version":[{"id":8972,"href":"http:\/\/www.muntdemots.org\/2018\/wp-json\/wp\/v2\/pages\/8849\/revisions\/8972"}],"up":[{"embeddable":true,"href":"http:\/\/www.muntdemots.org\/2018\/wp-json\/wp\/v2\/pages\/4"}],"wp:attachment":[{"href":"http:\/\/www.muntdemots.org\/2018\/wp-json\/wp\/v2\/media?parent=8849"}],"curies":[{"name":"wp","href":"https:\/\/api.w.org\/{rel}","templated":true}]}}