{"id":8847,"date":"2018-09-13T10:33:42","date_gmt":"2018-09-13T10:33:42","guid":{"rendered":"http:\/\/www.muntdemots.org\/2018\/?page_id=8847"},"modified":"2018-09-19T07:31:17","modified_gmt":"2018-09-19T07:31:17","slug":"joan-de-boer","status":"publish","type":"page","link":"http:\/\/www.muntdemots.org\/2018\/participants\/joan-de-boer\/","title":{"rendered":"Joan de Boer"},"content":{"rendered":"<p><img decoding=\"async\" loading=\"lazy\" class=\"alignright size-medium wp-image-8808\" src=\"http:\/\/www.muntdemots.org\/2018\/wp-content\/uploads\/2018\/09\/15-300x300.png\" alt=\"\" width=\"300\" height=\"300\" srcset=\"http:\/\/www.muntdemots.org\/2018\/wp-content\/uploads\/2018\/09\/15-300x300.png 300w, http:\/\/www.muntdemots.org\/2018\/wp-content\/uploads\/2018\/09\/15-150x150.png 150w, http:\/\/www.muntdemots.org\/2018\/wp-content\/uploads\/2018\/09\/15-768x768.png 768w, http:\/\/www.muntdemots.org\/2018\/wp-content\/uploads\/2018\/09\/15.png 800w\" sizes=\"(max-width: 300px) 100vw, 300px\" \/>Escriptor i especialista en activitats de dinamitzaci\u00f3 lectora. Un dels pocs professionals de la dinamitzaci\u00f3 lectora a casa nostra, realitza sessions de narraci\u00f3 oral, clubs de lectura i tallers d\u00b4escriptura aix\u00ed com cursos de formaci\u00f3 i confer\u00e8ncies.<\/p>\n","protected":false},"excerpt":{"rendered":"<p>Escriptor i especialista en activitats de dinamitzaci\u00f3 lectora. Un dels pocs professionals de la dinamitzaci\u00f3 lectora a casa nostra, realitza sessions de narraci\u00f3 oral, clubs de lectura i tallers d\u00b4escriptura aix\u00ed com cursos de formaci\u00f3 i confer\u00e8ncies.<\/p>\n","protected":false},"author":1,"featured_media":0,"parent":4,"menu_order":0,"comment_status":"closed","ping_status":"closed","template":"","meta":{"_mi_skip_tracking":false},"_links":{"self":[{"href":"http:\/\/www.muntdemots.org\/2018\/wp-json\/wp\/v2\/pages\/8847"}],"collection":[{"href":"http:\/\/www.muntdemots.org\/2018\/wp-json\/wp\/v2\/pages"}],"about":[{"href":"http:\/\/www.muntdemots.org\/2018\/wp-json\/wp\/v2\/types\/page"}],"author":[{"embeddable":true,"href":"http:\/\/www.muntdemots.org\/2018\/wp-json\/wp\/v2\/users\/1"}],"replies":[{"embeddable":true,"href":"http:\/\/www.muntdemots.org\/2018\/wp-json\/wp\/v2\/comments?post=8847"}],"version-history":[{"count":2,"href":"http:\/\/www.muntdemots.org\/2018\/wp-json\/wp\/v2\/pages\/8847\/revisions"}],"predecessor-version":[{"id":8959,"href":"http:\/\/www.muntdemots.org\/2018\/wp-json\/wp\/v2\/pages\/8847\/revisions\/8959"}],"up":[{"embeddable":true,"href":"http:\/\/www.muntdemots.org\/2018\/wp-json\/wp\/v2\/pages\/4"}],"wp:attachment":[{"href":"http:\/\/www.muntdemots.org\/2018\/wp-json\/wp\/v2\/media?parent=8847"}],"curies":[{"name":"wp","href":"https:\/\/api.w.org\/{rel}","templated":true}]}}