{"id":8845,"date":"2018-09-13T10:32:34","date_gmt":"2018-09-13T10:32:34","guid":{"rendered":"http:\/\/www.muntdemots.org\/2018\/?page_id=8845"},"modified":"2018-09-19T07:33:49","modified_gmt":"2018-09-19T07:33:49","slug":"judith-navarro","status":"publish","type":"page","link":"http:\/\/www.muntdemots.org\/2018\/participants\/judith-navarro\/","title":{"rendered":"Judith Navarro"},"content":{"rendered":"<p><img decoding=\"async\" loading=\"lazy\" class=\"alignright size-medium wp-image-8807\" src=\"http:\/\/www.muntdemots.org\/2018\/wp-content\/uploads\/2018\/09\/14-300x300.png\" alt=\"\" width=\"300\" height=\"300\" srcset=\"http:\/\/www.muntdemots.org\/2018\/wp-content\/uploads\/2018\/09\/14-300x300.png 300w, http:\/\/www.muntdemots.org\/2018\/wp-content\/uploads\/2018\/09\/14-150x150.png 150w, http:\/\/www.muntdemots.org\/2018\/wp-content\/uploads\/2018\/09\/14-768x768.png 768w, http:\/\/www.muntdemots.org\/2018\/wp-content\/uploads\/2018\/09\/14.png 800w\" sizes=\"(max-width: 300px) 100vw, 300px\" \/>Narradora oral i creadora, int\u00e8rpret i docent de teatre f\u00edsic i gestual, i po\u00e8tica i expressi\u00f3 a trav\u00e9s del cos i la narraci\u00f3 a infants, adolescents i adults. Tamb\u00e9 fa xerrades i confer\u00e8ncies sobre com fer persones lectores per a tota la vida. Llicenciada en Dret (UB), especialista en Foment de la lectura i eines 2.0 (UNED), aix\u00ed com diplomada amb t\u00edtol d\u2019especialitzaci\u00f3 en Mim Corporal Dram\u00e0tic i Teatre F\u00edsic (Escola Internacional de Mim Corporal Dram\u00e0tic, t\u00e8cnica d\u2019Etienne Decroux).<\/p>\n","protected":false},"excerpt":{"rendered":"<p>Narradora oral i creadora, int\u00e8rpret i docent de teatre f\u00edsic i gestual, i po\u00e8tica i expressi\u00f3 a trav\u00e9s del cos i la narraci\u00f3 a infants, adolescents i adults. Tamb\u00e9 fa xerrades i confer\u00e8ncies sobre com fer persones lectores per a tota la vida. Llicenciada en Dret (UB), especialista en Foment de la lectura i eines [&hellip;]<\/p>\n","protected":false},"author":1,"featured_media":0,"parent":4,"menu_order":0,"comment_status":"closed","ping_status":"closed","template":"","meta":{"_mi_skip_tracking":false},"_links":{"self":[{"href":"http:\/\/www.muntdemots.org\/2018\/wp-json\/wp\/v2\/pages\/8845"}],"collection":[{"href":"http:\/\/www.muntdemots.org\/2018\/wp-json\/wp\/v2\/pages"}],"about":[{"href":"http:\/\/www.muntdemots.org\/2018\/wp-json\/wp\/v2\/types\/page"}],"author":[{"embeddable":true,"href":"http:\/\/www.muntdemots.org\/2018\/wp-json\/wp\/v2\/users\/1"}],"replies":[{"embeddable":true,"href":"http:\/\/www.muntdemots.org\/2018\/wp-json\/wp\/v2\/comments?post=8845"}],"version-history":[{"count":2,"href":"http:\/\/www.muntdemots.org\/2018\/wp-json\/wp\/v2\/pages\/8845\/revisions"}],"predecessor-version":[{"id":8963,"href":"http:\/\/www.muntdemots.org\/2018\/wp-json\/wp\/v2\/pages\/8845\/revisions\/8963"}],"up":[{"embeddable":true,"href":"http:\/\/www.muntdemots.org\/2018\/wp-json\/wp\/v2\/pages\/4"}],"wp:attachment":[{"href":"http:\/\/www.muntdemots.org\/2018\/wp-json\/wp\/v2\/media?parent=8845"}],"curies":[{"name":"wp","href":"https:\/\/api.w.org\/{rel}","templated":true}]}}