{"id":8843,"date":"2018-09-13T10:30:03","date_gmt":"2018-09-13T10:30:03","guid":{"rendered":"http:\/\/www.muntdemots.org\/2018\/?page_id=8843"},"modified":"2018-09-19T07:22:08","modified_gmt":"2018-09-19T07:22:08","slug":"bernardo-govea","status":"publish","type":"page","link":"http:\/\/www.muntdemots.org\/2018\/participants\/bernardo-govea\/","title":{"rendered":"Bernardo Govea"},"content":{"rendered":"<p><img decoding=\"async\" loading=\"lazy\" class=\"alignright size-medium wp-image-8806\" src=\"http:\/\/www.muntdemots.org\/2018\/wp-content\/uploads\/2018\/09\/13-300x300.png\" alt=\"\" width=\"300\" height=\"300\" srcset=\"http:\/\/www.muntdemots.org\/2018\/wp-content\/uploads\/2018\/09\/13-300x300.png 300w, http:\/\/www.muntdemots.org\/2018\/wp-content\/uploads\/2018\/09\/13-150x150.png 150w, http:\/\/www.muntdemots.org\/2018\/wp-content\/uploads\/2018\/09\/13-768x768.png 768w, http:\/\/www.muntdemots.org\/2018\/wp-content\/uploads\/2018\/09\/13.png 800w\" sizes=\"(max-width: 300px) 100vw, 300px\" \/>Narrador oral esc\u00e8nic, he participat en diverses fires del llibre i festivals de<br \/>\nlectura a M\u00e8xic (Feria Internacional de la lectura a M\u00e9rida, FILEY, Feria del<br \/>\nlibro a Le\u00f3n FENAL, Les fires del llibre a San Luis Potos\u00ed, Aguascalientes,<br \/>\nZacatecas, Guanajuato; en el Programa Regaladores de palabras de la UNAM i<br \/>\npr\u00f2ximament a la FILIJ 2018).<\/p>\n","protected":false},"excerpt":{"rendered":"<p>Narrador oral esc\u00e8nic, he participat en diverses fires del llibre i festivals de lectura a M\u00e8xic (Feria Internacional de la lectura a M\u00e9rida, FILEY, Feria del libro a Le\u00f3n FENAL, Les fires del llibre a San Luis Potos\u00ed, Aguascalientes, Zacatecas, Guanajuato; en el Programa Regaladores de palabras de la UNAM i pr\u00f2ximament a la FILIJ [&hellip;]<\/p>\n","protected":false},"author":1,"featured_media":0,"parent":4,"menu_order":0,"comment_status":"closed","ping_status":"closed","template":"","meta":{"_mi_skip_tracking":false},"_links":{"self":[{"href":"http:\/\/www.muntdemots.org\/2018\/wp-json\/wp\/v2\/pages\/8843"}],"collection":[{"href":"http:\/\/www.muntdemots.org\/2018\/wp-json\/wp\/v2\/pages"}],"about":[{"href":"http:\/\/www.muntdemots.org\/2018\/wp-json\/wp\/v2\/types\/page"}],"author":[{"embeddable":true,"href":"http:\/\/www.muntdemots.org\/2018\/wp-json\/wp\/v2\/users\/1"}],"replies":[{"embeddable":true,"href":"http:\/\/www.muntdemots.org\/2018\/wp-json\/wp\/v2\/comments?post=8843"}],"version-history":[{"count":3,"href":"http:\/\/www.muntdemots.org\/2018\/wp-json\/wp\/v2\/pages\/8843\/revisions"}],"predecessor-version":[{"id":8957,"href":"http:\/\/www.muntdemots.org\/2018\/wp-json\/wp\/v2\/pages\/8843\/revisions\/8957"}],"up":[{"embeddable":true,"href":"http:\/\/www.muntdemots.org\/2018\/wp-json\/wp\/v2\/pages\/4"}],"wp:attachment":[{"href":"http:\/\/www.muntdemots.org\/2018\/wp-json\/wp\/v2\/media?parent=8843"}],"curies":[{"name":"wp","href":"https:\/\/api.w.org\/{rel}","templated":true}]}}