{"id":8841,"date":"2018-09-13T10:28:15","date_gmt":"2018-09-13T10:28:15","guid":{"rendered":"http:\/\/www.muntdemots.org\/2018\/?page_id=8841"},"modified":"2018-09-19T07:35:08","modified_gmt":"2018-09-19T07:35:08","slug":"victoria-siedlecki","status":"publish","type":"page","link":"http:\/\/www.muntdemots.org\/2018\/participants\/victoria-siedlecki\/","title":{"rendered":"Victoria Siedlecki"},"content":{"rendered":"<p><img decoding=\"async\" loading=\"lazy\" class=\"alignright size-medium wp-image-8805\" src=\"http:\/\/www.muntdemots.org\/2018\/wp-content\/uploads\/2018\/09\/12-300x300.png\" alt=\"\" width=\"300\" height=\"300\" srcset=\"http:\/\/www.muntdemots.org\/2018\/wp-content\/uploads\/2018\/09\/12-300x300.png 300w, http:\/\/www.muntdemots.org\/2018\/wp-content\/uploads\/2018\/09\/12-150x150.png 150w, http:\/\/www.muntdemots.org\/2018\/wp-content\/uploads\/2018\/09\/12-768x768.png 768w, http:\/\/www.muntdemots.org\/2018\/wp-content\/uploads\/2018\/09\/12.png 800w\" sizes=\"(max-width: 300px) 100vw, 300px\" \/>\u00c9s narradora oral i actriu amb una \u00e0mplia formaci\u00f3 esc\u00e8nica en interpretaci\u00f3, narraci\u00f3 oral esc\u00e8nica, dansa i cant. A tot aix\u00f2 recorre en la seva exclusiva dedicaci\u00f3 a la narraci\u00f3 oral.<br \/>\nAmb el seu espectacle \u201cRelatos er\u00f3ticos\u201d ha aconseguit una fita: arribar a la cartellera teatral, mantenir i convertir en \u00e8xit de p\u00fablic i cr\u00edtica un espectacle de contes i omplir sales de teatre durant 6 exitoses temporades i m\u00e9s de cinc anys en cartell.<\/p>\n","protected":false},"excerpt":{"rendered":"<p>\u00c9s narradora oral i actriu amb una \u00e0mplia formaci\u00f3 esc\u00e8nica en interpretaci\u00f3, narraci\u00f3 oral esc\u00e8nica, dansa i cant. A tot aix\u00f2 recorre en la seva exclusiva dedicaci\u00f3 a la narraci\u00f3 oral. Amb el seu espectacle \u201cRelatos er\u00f3ticos\u201d ha aconseguit una fita: arribar a la cartellera teatral, mantenir i convertir en \u00e8xit de p\u00fablic i cr\u00edtica [&hellip;]<\/p>\n","protected":false},"author":1,"featured_media":0,"parent":4,"menu_order":0,"comment_status":"closed","ping_status":"closed","template":"","meta":{"_mi_skip_tracking":false},"_links":{"self":[{"href":"http:\/\/www.muntdemots.org\/2018\/wp-json\/wp\/v2\/pages\/8841"}],"collection":[{"href":"http:\/\/www.muntdemots.org\/2018\/wp-json\/wp\/v2\/pages"}],"about":[{"href":"http:\/\/www.muntdemots.org\/2018\/wp-json\/wp\/v2\/types\/page"}],"author":[{"embeddable":true,"href":"http:\/\/www.muntdemots.org\/2018\/wp-json\/wp\/v2\/users\/1"}],"replies":[{"embeddable":true,"href":"http:\/\/www.muntdemots.org\/2018\/wp-json\/wp\/v2\/comments?post=8841"}],"version-history":[{"count":2,"href":"http:\/\/www.muntdemots.org\/2018\/wp-json\/wp\/v2\/pages\/8841\/revisions"}],"predecessor-version":[{"id":8966,"href":"http:\/\/www.muntdemots.org\/2018\/wp-json\/wp\/v2\/pages\/8841\/revisions\/8966"}],"up":[{"embeddable":true,"href":"http:\/\/www.muntdemots.org\/2018\/wp-json\/wp\/v2\/pages\/4"}],"wp:attachment":[{"href":"http:\/\/www.muntdemots.org\/2018\/wp-json\/wp\/v2\/media?parent=8841"}],"curies":[{"name":"wp","href":"https:\/\/api.w.org\/{rel}","templated":true}]}}