{"id":8837,"date":"2018-09-13T10:25:46","date_gmt":"2018-09-13T10:25:46","guid":{"rendered":"http:\/\/www.muntdemots.org\/2018\/?page_id=8837"},"modified":"2018-09-19T07:35:48","modified_gmt":"2018-09-19T07:35:48","slug":"rebecca-lemaire","status":"publish","type":"page","link":"http:\/\/www.muntdemots.org\/2018\/participants\/rebecca-lemaire\/","title":{"rendered":"Rebecca Lemaire"},"content":{"rendered":"<p><img decoding=\"async\" loading=\"lazy\" class=\"alignright size-medium wp-image-8803\" src=\"http:\/\/www.muntdemots.org\/2018\/wp-content\/uploads\/2018\/09\/10-300x300.png\" alt=\"\" width=\"300\" height=\"300\" srcset=\"http:\/\/www.muntdemots.org\/2018\/wp-content\/uploads\/2018\/09\/10-300x300.png 300w, http:\/\/www.muntdemots.org\/2018\/wp-content\/uploads\/2018\/09\/10-150x150.png 150w, http:\/\/www.muntdemots.org\/2018\/wp-content\/uploads\/2018\/09\/10-768x768.png 768w, http:\/\/www.muntdemots.org\/2018\/wp-content\/uploads\/2018\/09\/10.png 800w\" sizes=\"(max-width: 300px) 100vw, 300px\" \/>S\u00f3c belga-anglesa i explico contes all\u00e0 on el vent em porta per a tots els p\u00fablics: Barcelona, Delhi, el petit Tibet, Fran\u00e7a, B\u00e8lgica i per internet. La meva passi\u00f3 \u00e9s saber com arribar a l\u2019esperit de la gent amb els contes, ja sigui en un centre penitenciari, en una escola de ioga, amb nens monjos tibetans, en els teatres, amb estudiants o amb refugiats palestins a Gaza.<br \/>\nrebeccalemaire.wordpress.com<\/p>\n","protected":false},"excerpt":{"rendered":"<p>S\u00f3c belga-anglesa i explico contes all\u00e0 on el vent em porta per a tots els p\u00fablics: Barcelona, Delhi, el petit Tibet, Fran\u00e7a, B\u00e8lgica i per internet. La meva passi\u00f3 \u00e9s saber com arribar a l\u2019esperit de la gent amb els contes, ja sigui en un centre penitenciari, en una escola de ioga, amb nens monjos [&hellip;]<\/p>\n","protected":false},"author":1,"featured_media":0,"parent":4,"menu_order":0,"comment_status":"closed","ping_status":"closed","template":"","meta":{"_mi_skip_tracking":false},"_links":{"self":[{"href":"http:\/\/www.muntdemots.org\/2018\/wp-json\/wp\/v2\/pages\/8837"}],"collection":[{"href":"http:\/\/www.muntdemots.org\/2018\/wp-json\/wp\/v2\/pages"}],"about":[{"href":"http:\/\/www.muntdemots.org\/2018\/wp-json\/wp\/v2\/types\/page"}],"author":[{"embeddable":true,"href":"http:\/\/www.muntdemots.org\/2018\/wp-json\/wp\/v2\/users\/1"}],"replies":[{"embeddable":true,"href":"http:\/\/www.muntdemots.org\/2018\/wp-json\/wp\/v2\/comments?post=8837"}],"version-history":[{"count":2,"href":"http:\/\/www.muntdemots.org\/2018\/wp-json\/wp\/v2\/pages\/8837\/revisions"}],"predecessor-version":[{"id":8968,"href":"http:\/\/www.muntdemots.org\/2018\/wp-json\/wp\/v2\/pages\/8837\/revisions\/8968"}],"up":[{"embeddable":true,"href":"http:\/\/www.muntdemots.org\/2018\/wp-json\/wp\/v2\/pages\/4"}],"wp:attachment":[{"href":"http:\/\/www.muntdemots.org\/2018\/wp-json\/wp\/v2\/media?parent=8837"}],"curies":[{"name":"wp","href":"https:\/\/api.w.org\/{rel}","templated":true}]}}