{"id":8825,"date":"2018-09-13T10:18:09","date_gmt":"2018-09-13T10:18:09","guid":{"rendered":"http:\/\/www.muntdemots.org\/2018\/?page_id=8825"},"modified":"2018-09-19T07:30:57","modified_gmt":"2018-09-19T07:30:57","slug":"isabela-mendez","status":"publish","type":"page","link":"http:\/\/www.muntdemots.org\/2018\/participants\/isabela-mendez\/","title":{"rendered":"Isabela M\u00e9ndez"},"content":{"rendered":"<p><img decoding=\"async\" loading=\"lazy\" class=\"alignright size-medium wp-image-8798\" src=\"http:\/\/www.muntdemots.org\/2018\/wp-content\/uploads\/2018\/09\/5-300x300.png\" alt=\"\" width=\"300\" height=\"300\" srcset=\"http:\/\/www.muntdemots.org\/2018\/wp-content\/uploads\/2018\/09\/5-300x300.png 300w, http:\/\/www.muntdemots.org\/2018\/wp-content\/uploads\/2018\/09\/5-150x150.png 150w, http:\/\/www.muntdemots.org\/2018\/wp-content\/uploads\/2018\/09\/5-768x768.png 768w, http:\/\/www.muntdemots.org\/2018\/wp-content\/uploads\/2018\/09\/5.png 800w\" sizes=\"(max-width: 300px) 100vw, 300px\" \/>Actriu, cantant, narradora oral i escriptora de s\u00f2lida formaci\u00f3, amb llarga traject\u00f2ria en el teatre, el cinema i la televisi\u00f3, resident a Barcelona. Com a actriu, ha estat reconeguda amb importants premis. Ha desenvolupat la seva carrera art\u00edstica entre Vene\u00e7uela, Nova York i Espanya. Els seus espectacles ofereixen humor, contes, cants, poesia i teatre. Ha publicat dos llibres de poesia, narrativa i dibuix.<\/p>\n","protected":false},"excerpt":{"rendered":"<p>Actriu, cantant, narradora oral i escriptora de s\u00f2lida formaci\u00f3, amb llarga traject\u00f2ria en el teatre, el cinema i la televisi\u00f3, resident a Barcelona. Com a actriu, ha estat reconeguda amb importants premis. Ha desenvolupat la seva carrera art\u00edstica entre Vene\u00e7uela, Nova York i Espanya. Els seus espectacles ofereixen humor, contes, cants, poesia i teatre. Ha [&hellip;]<\/p>\n","protected":false},"author":1,"featured_media":0,"parent":4,"menu_order":0,"comment_status":"closed","ping_status":"closed","template":"","meta":{"_mi_skip_tracking":false},"_links":{"self":[{"href":"http:\/\/www.muntdemots.org\/2018\/wp-json\/wp\/v2\/pages\/8825"}],"collection":[{"href":"http:\/\/www.muntdemots.org\/2018\/wp-json\/wp\/v2\/pages"}],"about":[{"href":"http:\/\/www.muntdemots.org\/2018\/wp-json\/wp\/v2\/types\/page"}],"author":[{"embeddable":true,"href":"http:\/\/www.muntdemots.org\/2018\/wp-json\/wp\/v2\/users\/1"}],"replies":[{"embeddable":true,"href":"http:\/\/www.muntdemots.org\/2018\/wp-json\/wp\/v2\/comments?post=8825"}],"version-history":[{"count":2,"href":"http:\/\/www.muntdemots.org\/2018\/wp-json\/wp\/v2\/pages\/8825\/revisions"}],"predecessor-version":[{"id":8958,"href":"http:\/\/www.muntdemots.org\/2018\/wp-json\/wp\/v2\/pages\/8825\/revisions\/8958"}],"up":[{"embeddable":true,"href":"http:\/\/www.muntdemots.org\/2018\/wp-json\/wp\/v2\/pages\/4"}],"wp:attachment":[{"href":"http:\/\/www.muntdemots.org\/2018\/wp-json\/wp\/v2\/media?parent=8825"}],"curies":[{"name":"wp","href":"https:\/\/api.w.org\/{rel}","templated":true}]}}