{"id":8824,"date":"2018-09-13T10:16:27","date_gmt":"2018-09-13T10:16:27","guid":{"rendered":"http:\/\/www.muntdemots.org\/2018\/?page_id=8824"},"modified":"2018-09-19T07:32:04","modified_gmt":"2018-09-19T07:32:04","slug":"irma-borges","status":"publish","type":"page","link":"http:\/\/www.muntdemots.org\/2018\/participants\/irma-borges\/","title":{"rendered":"Irma Borges"},"content":{"rendered":"<p><img decoding=\"async\" loading=\"lazy\" class=\"alignright size-medium wp-image-8797\" src=\"http:\/\/www.muntdemots.org\/2018\/wp-content\/uploads\/2018\/09\/4-300x300.png\" alt=\"\" width=\"300\" height=\"300\" srcset=\"http:\/\/www.muntdemots.org\/2018\/wp-content\/uploads\/2018\/09\/4-300x300.png 300w, http:\/\/www.muntdemots.org\/2018\/wp-content\/uploads\/2018\/09\/4-150x150.png 150w, http:\/\/www.muntdemots.org\/2018\/wp-content\/uploads\/2018\/09\/4-768x768.png 768w, http:\/\/www.muntdemots.org\/2018\/wp-content\/uploads\/2018\/09\/4.png 800w\" sizes=\"(max-width: 300px) 100vw, 300px\" \/>Actriu, titellaire, dramaturga i narradora oral amb m\u00e9s de quinze anys d\u2019experi\u00e8ncia. Tamb\u00e9 escriu contes, teatre i poesia per a nens i adolescents. \u00c9s baixeta i aix\u00f2 li d\u00f3na avantatge a l\u2019hora de veure el m\u00f3n des de l\u2019al\u00e7ada dels nens i les nenes.<\/p>\n","protected":false},"excerpt":{"rendered":"<p>Actriu, titellaire, dramaturga i narradora oral amb m\u00e9s de quinze anys d\u2019experi\u00e8ncia. Tamb\u00e9 escriu contes, teatre i poesia per a nens i adolescents. \u00c9s baixeta i aix\u00f2 li d\u00f3na avantatge a l\u2019hora de veure el m\u00f3n des de l\u2019al\u00e7ada dels nens i les nenes.<\/p>\n","protected":false},"author":1,"featured_media":0,"parent":4,"menu_order":0,"comment_status":"closed","ping_status":"closed","template":"","meta":{"_mi_skip_tracking":false},"_links":{"self":[{"href":"http:\/\/www.muntdemots.org\/2018\/wp-json\/wp\/v2\/pages\/8824"}],"collection":[{"href":"http:\/\/www.muntdemots.org\/2018\/wp-json\/wp\/v2\/pages"}],"about":[{"href":"http:\/\/www.muntdemots.org\/2018\/wp-json\/wp\/v2\/types\/page"}],"author":[{"embeddable":true,"href":"http:\/\/www.muntdemots.org\/2018\/wp-json\/wp\/v2\/users\/1"}],"replies":[{"embeddable":true,"href":"http:\/\/www.muntdemots.org\/2018\/wp-json\/wp\/v2\/comments?post=8824"}],"version-history":[{"count":2,"href":"http:\/\/www.muntdemots.org\/2018\/wp-json\/wp\/v2\/pages\/8824\/revisions"}],"predecessor-version":[{"id":8961,"href":"http:\/\/www.muntdemots.org\/2018\/wp-json\/wp\/v2\/pages\/8824\/revisions\/8961"}],"up":[{"embeddable":true,"href":"http:\/\/www.muntdemots.org\/2018\/wp-json\/wp\/v2\/pages\/4"}],"wp:attachment":[{"href":"http:\/\/www.muntdemots.org\/2018\/wp-json\/wp\/v2\/media?parent=8824"}],"curies":[{"name":"wp","href":"https:\/\/api.w.org\/{rel}","templated":true}]}}