{"id":8708,"date":"2017-09-17T09:19:17","date_gmt":"2017-09-17T09:19:17","guid":{"rendered":"http:\/\/www.muntdemots.org\/2017\/?page_id=8708"},"modified":"2018-09-13T09:46:19","modified_gmt":"2018-09-13T09:46:19","slug":"cecilia-bellorin","status":"publish","type":"page","link":"http:\/\/www.muntdemots.org\/2018\/participants\/cecilia-bellorin\/","title":{"rendered":"Cecilia Bellor\u00edn"},"content":{"rendered":"<p><img decoding=\"async\" loading=\"lazy\" class=\"alignright  wp-image-8809\" src=\"http:\/\/www.muntdemots.org\/2018\/wp-content\/uploads\/2018\/09\/16.png\" alt=\"\" width=\"299\" height=\"299\" srcset=\"http:\/\/www.muntdemots.org\/2018\/wp-content\/uploads\/2018\/09\/16.png 800w, http:\/\/www.muntdemots.org\/2018\/wp-content\/uploads\/2018\/09\/16-150x150.png 150w, http:\/\/www.muntdemots.org\/2018\/wp-content\/uploads\/2018\/09\/16-300x300.png 300w, http:\/\/www.muntdemots.org\/2018\/wp-content\/uploads\/2018\/09\/16-768x768.png 768w\" sizes=\"(max-width: 299px) 100vw, 299px\" \/>Cantante, actriz y locutora venezolana. En Caracas, incursion\u00f3 por primera vez en teatro con el profesor Juan Carlos Gen\u00e9 y su Taller Actoral Permanente (GA 80) M\u00e1s tarde, perteneci\u00f3 al elenco del Grupo Teatral RAJATABLA, bajo la direcci\u00f3n de Carlos Gim\u00e9nez, en la d\u00e9cada de los 80, participando en numerosos festivales internacionales. Trabaj\u00f3 en Teatro, Cine y Televisi\u00f3n, bajo la direcci\u00f3n de Rom\u00e1n Chalbaud, Atahualpa Lichy, Juan Margallo, Paul Leduc, entre otros. En Londres, se inicia en la disciplina de la comedia musical y experimenta con la m\u00fasica cl\u00e1sica, el pop, el jazz, etc.<\/p>\n<p>Reside en Barcelona desde 1991. Ha actuado en diversas salas interpretando los m\u00e1s variados estilos musicales: Folklore Venezolano, Salsa, Boleros, Jazz, Blues, Funky\u2026<\/p>\n<p>&nbsp;<\/p>\n<p><strong>DISSABTE 21<\/strong><\/p>\n<p>&nbsp;<\/p>\n<p><strong>LA PARAULA TROBADA<\/strong><\/p>\n<p><strong>Marat\u00f3 de Contes Infantils<\/strong><\/p>\n<p>Torna la Marat\u00f3 de Contes Infantils \u00abLa Paraula Trobada\u00bb, aquest cop amb la participaci\u00f3 d\u2019Esther Burgo (Catalunya), Felicia Fleck (Brasil), Cecilia Bellor\u00edn (Vene\u00e7uela), Judit Navarro (Catalunya)\u2026<\/p>\n<p><strong>Infantil +4 \/ Catal\u00e0 i castell\u00e0<\/strong><br \/>\n<strong>Hora: d\u201911.00h a 13.00 h<\/strong><br \/>\n<strong>BIBLIOTECA FRANCESCA BONNEMAISON<\/strong><br \/>\n<strong>Activitat gratu\u00efta. El Banc d\u2019Aliments recollir\u00e0 a l\u2019entrada la vostra amable contribuci\u00f3: un o diversos paquets d\u2019aliments. Gr\u00e0cies!<\/strong><\/p>\n","protected":false},"excerpt":{"rendered":"<p>Cantante, actriz y locutora venezolana. En Caracas, incursion\u00f3 por primera vez en teatro con el profesor Juan Carlos Gen\u00e9 y su Taller Actoral Permanente (GA 80) M\u00e1s tarde, perteneci\u00f3 al elenco del Grupo Teatral RAJATABLA, bajo la direcci\u00f3n de Carlos Gim\u00e9nez, en la d\u00e9cada de los 80, participando en numerosos festivales internacionales. Trabaj\u00f3 en Teatro, [&hellip;]<\/p>\n","protected":false},"author":49,"featured_media":0,"parent":4,"menu_order":0,"comment_status":"closed","ping_status":"closed","template":"","meta":{"_mi_skip_tracking":false},"_links":{"self":[{"href":"http:\/\/www.muntdemots.org\/2018\/wp-json\/wp\/v2\/pages\/8708"}],"collection":[{"href":"http:\/\/www.muntdemots.org\/2018\/wp-json\/wp\/v2\/pages"}],"about":[{"href":"http:\/\/www.muntdemots.org\/2018\/wp-json\/wp\/v2\/types\/page"}],"author":[{"embeddable":true,"href":"http:\/\/www.muntdemots.org\/2018\/wp-json\/wp\/v2\/users\/49"}],"replies":[{"embeddable":true,"href":"http:\/\/www.muntdemots.org\/2018\/wp-json\/wp\/v2\/comments?post=8708"}],"version-history":[{"count":5,"href":"http:\/\/www.muntdemots.org\/2018\/wp-json\/wp\/v2\/pages\/8708\/revisions"}],"predecessor-version":[{"id":8819,"href":"http:\/\/www.muntdemots.org\/2018\/wp-json\/wp\/v2\/pages\/8708\/revisions\/8819"}],"up":[{"embeddable":true,"href":"http:\/\/www.muntdemots.org\/2018\/wp-json\/wp\/v2\/pages\/4"}],"wp:attachment":[{"href":"http:\/\/www.muntdemots.org\/2018\/wp-json\/wp\/v2\/media?parent=8708"}],"curies":[{"name":"wp","href":"https:\/\/api.w.org\/{rel}","templated":true}]}}