{"id":255,"date":"2015-07-31T00:01:52","date_gmt":"2015-07-31T00:01:52","guid":{"rendered":"http:\/\/www.muntdemots.org\/"},"modified":"2018-09-17T09:47:12","modified_gmt":"2018-09-17T09:47:12","slug":"credits","status":"publish","type":"page","link":"http:\/\/www.muntdemots.org\/2018\/credits\/","title":{"rendered":"Cr\u00e8dits"},"content":{"rendered":"<p><strong>ORGANITZA:<\/strong><\/p>\n<p><img decoding=\"async\" loading=\"lazy\" class=\"alignright wp-image-8496\" src=\"http:\/\/www.muntdemots.org\/2016\/wp-content\/uploads\/2015\/07\/logo_pati_nomeslletres-300x244.png\" alt=\"logo_pati_nomeslletres\" width=\"235\" height=\"191\" srcset=\"http:\/\/www.muntdemots.org\/2018\/wp-content\/uploads\/2015\/07\/logo_pati_nomeslletres-300x244.png 300w, http:\/\/www.muntdemots.org\/2018\/wp-content\/uploads\/2015\/07\/logo_pati_nomeslletres.png 499w\" sizes=\"(max-width: 235px) 100vw, 235px\" \/><\/p>\n<p><img decoding=\"async\" loading=\"lazy\" class=\"alignleft wp-image-8497\" src=\"http:\/\/www.muntdemots.org\/2016\/wp-content\/uploads\/2015\/07\/munt-de-paraules-300x223.jpg\" alt=\"munt-de-paraules\" width=\"278\" height=\"207\" srcset=\"http:\/\/www.muntdemots.org\/2018\/wp-content\/uploads\/2015\/07\/munt-de-paraules-300x223.jpg 300w, http:\/\/www.muntdemots.org\/2018\/wp-content\/uploads\/2015\/07\/munt-de-paraules.jpg 307w\" sizes=\"(max-width: 278px) 100vw, 278px\" \/><\/p>\n<p>&nbsp;<\/p>\n<p>&nbsp;<\/p>\n<p>&nbsp;<\/p>\n<p>&nbsp;<\/p>\n<p>&nbsp;<\/p>\n<p>&nbsp;<\/p>\n<p><strong>PATROCINA:<\/strong><\/p>\n<p><a class=\"title\" href=\"http:\/\/www.diba.es\/biblioteques\/\" target=\"_blank\" rel=\"noopener\"><img decoding=\"async\" loading=\"lazy\" src=\"http:\/\/www.muntdemots.org\/2013\/wp-content\/uploads\/2013\/07\/logo-BIBLIO.jpg\" alt=\"\" width=\"167\" height=\"65\" \/><\/a><\/p>\n<p><img decoding=\"async\" loading=\"lazy\" src=\"http:\/\/www.muntdemots.org\/2013\/wp-content\/uploads\/2013\/07\/logo-CC.jpg\" alt=\"\" width=\"166\" height=\"83\" \/><\/p>\n<p>&nbsp;<\/p>\n<p>&nbsp;<\/p>\n<p><strong>44 MICRO-MECENES<\/strong><\/p>\n<p><em>Moltes gr\u00e0cies!!!<\/em><\/p>\n<p>&nbsp;<\/p>\n<p>Direcci\u00f3: Rub\u00e9n Mart\u00ednez Santana<\/p>\n<p>Relacions Institucionals: Ant\u00f2nia Robles<\/p>\n<p>Web; Juan Pablo Fuentes<\/p>\n<p>Imatge: Alekos<\/p>\n<p>Disseny Gr\u00e0fic: Ximena Chapero<\/p>\n<p>Traducci\u00f3 i correcci\u00f3: Mireia Cornudella<\/p>\n<p>&nbsp;<\/p>\n<p><strong>AMICS DEL FESTIVAL<\/strong><\/p>\n<p>Alicia Molina, Judit Navarro, Jos\u00e9 Manuel Garz\u00f3n, Mireia Cornudella, Montserrat Guardia, Monika Klose, Oriol Toro, R\u00e9gulo Sarmiento, Rosa Pinyol, Tere Moncl\u00fas.<\/p>\n<p>&nbsp;<\/p>\n<p><strong>COL\u00b7<\/strong><strong>LABORADORS<\/strong><\/p>\n<p>Ateneu Rosa de Foc, Ateneu Roig, Asociaci\u00f3n Cultural Gallega<br \/>\nde Barcelona, Bar Pla de la Calma, Biblioteques de Barcelona,<br \/>\nBiblioteques de Gav\u00e0, Centre d\u2019Inter\u00e8s en la Narraci\u00f3 Oral (Biblioteca Vila de Gr\u00e0cia), Cuentos de Basti\u00e1n, Editorial Baula, Editorial Edelvives, Ediciones Ekar\u00e9, Editorial Libros del Zorro Rojo, Festival De F\u00e0bula, Furafollas Agrupaci\u00f3n Teatral, Libros de las Malas Compa\u00f1\u00edas, Llibreria Pebre Negre, Red Internacional de Cuentacuentos, Revista Libr\u00fajula, Taleia Cultura, Transit Proyectes.<\/p>\n<p>&nbsp;<\/p>\n<p><strong>MEDIA PARTNERS<\/strong><\/p>\n<p>N\u00favol.com, R\u00e0dio Molins de Rei<\/p>\n<p>&nbsp;<\/p>\n<p><strong>FESTIVALS<\/strong><strong> AMIC<\/strong><strong>S<\/strong><\/p>\n<p>De bouche \u00e0 Oreille et de Boca en Boca (Estrasburg, Fran\u00e7a)<\/p>\n<p>Festival d&#8217;Animaci\u00f3 Oriol Canals (Barcelona)<\/p>\n<p>Festival Intercultural de Narraci\u00f3n Oral (Sevilla)<\/p>\n<p>Festival Dpalabra (Cuenca, Espa\u00f1a)<\/p>\n<p>Festival Palabras al Vuelo (Lanzarote, Espa\u00f1a)<\/p>\n<p>&nbsp;<\/p>\n<p><strong>ORGANITZADORS<\/strong><\/p>\n<p>Associaci\u00f3 Munt de Paraules<\/p>\n<p>Centre C\u00edvic Pati llimona<\/p>\n<p>&nbsp;<\/p>\n<p><strong>PATROCINADORS<\/strong><\/p>\n<p>Ajuntament de Barcelona<\/p>\n<p>Biblioteques de Barcelona<\/p>\n<p>Centres C\u00edvics i Culturals de Barcelona<\/p>\n<p>&nbsp;<\/p>\n<p>44 mecenes i les supermecenes Alicia Molina, Arnau Vilardeb\u00f2 i Iris Gonz\u00e1lez.<\/p>\n<p>&nbsp;<\/p>\n","protected":false},"excerpt":{"rendered":"<p>ORGANITZA: &nbsp; &nbsp; &nbsp; &nbsp; &nbsp; &nbsp; PATROCINA: &nbsp; &nbsp; 44 MICRO-MECENES Moltes gr\u00e0cies!!! &nbsp; Direcci\u00f3: Rub\u00e9n Mart\u00ednez Santana Relacions Institucionals: Ant\u00f2nia Robles Web; Juan Pablo Fuentes Imatge: Alekos Disseny Gr\u00e0fic: Ximena Chapero Traducci\u00f3 i correcci\u00f3: Mireia Cornudella &nbsp; AMICS DEL FESTIVAL Alicia Molina, Judit Navarro, Jos\u00e9 Manuel Garz\u00f3n, Mireia Cornudella, Montserrat Guardia, Monika Klose, [&hellip;]<\/p>\n","protected":false},"author":1,"featured_media":0,"parent":0,"menu_order":0,"comment_status":"open","ping_status":"closed","template":"","meta":{"_mi_skip_tracking":false},"_links":{"self":[{"href":"http:\/\/www.muntdemots.org\/2018\/wp-json\/wp\/v2\/pages\/255"}],"collection":[{"href":"http:\/\/www.muntdemots.org\/2018\/wp-json\/wp\/v2\/pages"}],"about":[{"href":"http:\/\/www.muntdemots.org\/2018\/wp-json\/wp\/v2\/types\/page"}],"author":[{"embeddable":true,"href":"http:\/\/www.muntdemots.org\/2018\/wp-json\/wp\/v2\/users\/1"}],"replies":[{"embeddable":true,"href":"http:\/\/www.muntdemots.org\/2018\/wp-json\/wp\/v2\/comments?post=255"}],"version-history":[{"count":79,"href":"http:\/\/www.muntdemots.org\/2018\/wp-json\/wp\/v2\/pages\/255\/revisions"}],"predecessor-version":[{"id":8955,"href":"http:\/\/www.muntdemots.org\/2018\/wp-json\/wp\/v2\/pages\/255\/revisions\/8955"}],"wp:attachment":[{"href":"http:\/\/www.muntdemots.org\/2018\/wp-json\/wp\/v2\/media?parent=255"}],"curies":[{"name":"wp","href":"https:\/\/api.w.org\/{rel}","templated":true}]}}