{"id":8770,"date":"2017-09-23T08:30:15","date_gmt":"2017-09-23T08:30:15","guid":{"rendered":"http:\/\/www.muntdemots.org\/2017\/?page_id=8770"},"modified":"2017-09-23T08:30:15","modified_gmt":"2017-09-23T08:30:15","slug":"alicia-molina-catalunya","status":"publish","type":"page","link":"http:\/\/www.muntdemots.org\/2017\/participants\/alicia-molina-catalunya\/","title":{"rendered":"Alicia Molina (Catalunya)"},"content":{"rendered":"<p>Nascuda a Badalona, alterna la <img decoding=\"async\" loading=\"lazy\" class=\"alignright size-medium wp-image-8769\" src=\"http:\/\/www.muntdemots.org\/2017\/wp-content\/uploads\/2017\/09\/ALICIA-MOLINA-300x208.jpg\" alt=\"\" width=\"300\" height=\"208\" srcset=\"http:\/\/www.muntdemots.org\/2017\/wp-content\/uploads\/2017\/09\/ALICIA-MOLINA-300x208.jpg 300w, http:\/\/www.muntdemots.org\/2017\/wp-content\/uploads\/2017\/09\/ALICIA-MOLINA-768x531.jpg 768w, http:\/\/www.muntdemots.org\/2017\/wp-content\/uploads\/2017\/09\/ALICIA-MOLINA.jpg 886w\" sizes=\"(max-width: 300px) 100vw, 300px\" \/>passi\u00f3 d\u2019explicar hist\u00f2ries a grans i petits, que inicia el 1997, amb la de docent a les aules de batxillerat on aprofita les estrat\u00e8gies de la narraci\u00f3 oral amb els alumnes de llengua i literatura catalanes per facilitar-los eines de comunicaci\u00f3. Tamb\u00e9 imparteix tallers de formaci\u00f3 sobre la seva experi\u00e8ncia pedag\u00f2gica amb la narraci\u00f3 oral, programa sessions de contes per a adults, organitza el Festival de la Paraula, Cardemots, dinamitza el club de lectura \u201cLectures Pr\u00eat \u00e0 porter\u201d i escriu en diferents llocs i al blog <a href=\"http:\/\/aliciacontes.blogspot.com\">aliciacontes.blogspot.com<\/a><\/p>\n<p>&nbsp;<\/p>\n<p><strong>DIMECRES 18<br \/>\n<\/strong><\/p>\n<p>&nbsp;<\/p>\n<p><strong>Confer\u00e8<\/strong><strong>ncia <\/strong><strong>LA NARRACI<\/strong><strong>\u00d3 ORAL I ELS CONFLICTES A <\/strong><strong>L\u2019<\/strong><strong>ADOLESC\u00c8<\/strong><strong>NCIA<\/strong><\/p>\n<p><strong>Alicia Molina (Catalunya)<\/strong><\/p>\n<p>CENTRE D\u2019INTER\u00c8S EN LA\u00a0NARRACI\u00d3 ORAL Alicia Molina (Catalunya) Com podem acompanyar els adolescents en diferents processos d\u2019aprenentatge, de creixement\u00a0i d\u2019autoconeixement personals per tal que prenguin consci\u00e8ncia de qui s\u00f3n i com la narraci\u00f3 oral ofereix eines que els ajuden a comunicar-se millor i a descobrir-se.<\/p>\n<p><strong>Adults \/ Catal\u00e0 i castell\u00e0<\/strong><br \/>\n<strong>Hora: 19.00 h<\/strong><br \/>\n<strong>BIBLIOTECA VILA DE GR\u00c0CIA<\/strong><br \/>\n<strong>Activitat gratu\u00efta<\/strong><\/p>\n","protected":false},"excerpt":{"rendered":"<p>Nascuda a Badalona, alterna la passi\u00f3 d\u2019explicar hist\u00f2ries a grans i petits, que inicia el 1997, amb la de docent a les aules de batxillerat on aprofita les estrat\u00e8gies de la narraci\u00f3 oral amb els alumnes de llengua i literatura catalanes per facilitar-los eines de comunicaci\u00f3. Tamb\u00e9 imparteix tallers de formaci\u00f3 sobre la seva experi\u00e8ncia [&hellip;]<\/p>\n","protected":false},"author":49,"featured_media":0,"parent":4,"menu_order":0,"comment_status":"closed","ping_status":"closed","template":"","meta":{"_mi_skip_tracking":false},"yoast_head":"<!-- This site is optimized with the Yoast SEO plugin v20.5 - https:\/\/yoast.com\/wordpress\/plugins\/seo\/ -->\n<title>Alicia Molina (Catalunya) - Munt de Mots<\/title>\n<meta name=\"robots\" content=\"index, follow, max-snippet:-1, max-image-preview:large, max-video-preview:-1\" \/>\n<link rel=\"canonical\" href=\"http:\/\/www.muntdemots.org\/2017\/participants\/alicia-molina-catalunya\/\" \/>\n<meta property=\"og:locale\" content=\"ca_ES\" \/>\n<meta property=\"og:type\" content=\"article\" \/>\n<meta property=\"og:title\" content=\"Alicia Molina (Catalunya) - Munt de Mots\" \/>\n<meta property=\"og:description\" content=\"Nascuda a Badalona, alterna la passi\u00f3 d\u2019explicar hist\u00f2ries a grans i petits, que inicia el 1997, amb la de docent a les aules de batxillerat on aprofita les estrat\u00e8gies de la narraci\u00f3 oral amb els alumnes de llengua i literatura catalanes per facilitar-los eines de comunicaci\u00f3. Tamb\u00e9 imparteix tallers de formaci\u00f3 sobre la seva experi\u00e8ncia [&hellip;]\" \/>\n<meta property=\"og:url\" content=\"http:\/\/www.muntdemots.org\/2017\/participants\/alicia-molina-catalunya\/\" \/>\n<meta property=\"og:site_name\" content=\"Munt de Mots\" \/>\n<meta property=\"article:publisher\" content=\"https:\/\/www.facebook.com\/FestivalMuntdeMots\" \/>\n<meta property=\"og:image\" content=\"http:\/\/www.muntdemots.org\/2017\/wp-content\/uploads\/2017\/09\/ALICIA-MOLINA-300x208.jpg\" \/>\n<meta name=\"twitter:card\" content=\"summary_large_image\" \/>\n<meta name=\"twitter:site\" content=\"@muntdemots\" \/>\n<meta name=\"twitter:label1\" content=\"Temps estimat de lectura\" \/>\n\t<meta name=\"twitter:data1\" content=\"1 minut\" \/>\n<script type=\"application\/ld+json\" class=\"yoast-schema-graph\">{\"@context\":\"https:\/\/schema.org\",\"@graph\":[{\"@type\":\"WebPage\",\"@id\":\"http:\/\/www.muntdemots.org\/2017\/participants\/alicia-molina-catalunya\/\",\"url\":\"http:\/\/www.muntdemots.org\/2017\/participants\/alicia-molina-catalunya\/\",\"name\":\"Alicia Molina (Catalunya) - Munt de Mots\",\"isPartOf\":{\"@id\":\"http:\/\/www.muntdemots.org\/2017\/#website\"},\"datePublished\":\"2017-09-23T08:30:15+00:00\",\"dateModified\":\"2017-09-23T08:30:15+00:00\",\"breadcrumb\":{\"@id\":\"http:\/\/www.muntdemots.org\/2017\/participants\/alicia-molina-catalunya\/#breadcrumb\"},\"inLanguage\":\"ca\",\"potentialAction\":[{\"@type\":\"ReadAction\",\"target\":[\"http:\/\/www.muntdemots.org\/2017\/participants\/alicia-molina-catalunya\/\"]}]},{\"@type\":\"BreadcrumbList\",\"@id\":\"http:\/\/www.muntdemots.org\/2017\/participants\/alicia-molina-catalunya\/#breadcrumb\",\"itemListElement\":[{\"@type\":\"ListItem\",\"position\":1,\"name\":\"Inici\",\"item\":\"http:\/\/www.muntdemots.org\/2017\/\"},{\"@type\":\"ListItem\",\"position\":2,\"name\":\"Participants\",\"item\":\"http:\/\/www.muntdemots.org\/2017\/participants\/\"},{\"@type\":\"ListItem\",\"position\":3,\"name\":\"Alicia Molina (Catalunya)\"}]},{\"@type\":\"WebSite\",\"@id\":\"http:\/\/www.muntdemots.org\/2017\/#website\",\"url\":\"http:\/\/www.muntdemots.org\/2017\/\",\"name\":\"Munt de Mots\",\"description\":\"\",\"potentialAction\":[{\"@type\":\"SearchAction\",\"target\":{\"@type\":\"EntryPoint\",\"urlTemplate\":\"http:\/\/www.muntdemots.org\/2017\/?s={search_term_string}\"},\"query-input\":\"required name=search_term_string\"}],\"inLanguage\":\"ca\"}]}<\/script>\n<!-- \/ Yoast SEO plugin. -->","yoast_head_json":{"title":"Alicia Molina (Catalunya) - Munt de Mots","robots":{"index":"index","follow":"follow","max-snippet":"max-snippet:-1","max-image-preview":"max-image-preview:large","max-video-preview":"max-video-preview:-1"},"canonical":"http:\/\/www.muntdemots.org\/2017\/participants\/alicia-molina-catalunya\/","og_locale":"ca_ES","og_type":"article","og_title":"Alicia Molina (Catalunya) - Munt de Mots","og_description":"Nascuda a Badalona, alterna la passi\u00f3 d\u2019explicar hist\u00f2ries a grans i petits, que inicia el 1997, amb la de docent a les aules de batxillerat on aprofita les estrat\u00e8gies de la narraci\u00f3 oral amb els alumnes de llengua i literatura catalanes per facilitar-los eines de comunicaci\u00f3. Tamb\u00e9 imparteix tallers de formaci\u00f3 sobre la seva experi\u00e8ncia [&hellip;]","og_url":"http:\/\/www.muntdemots.org\/2017\/participants\/alicia-molina-catalunya\/","og_site_name":"Munt de Mots","article_publisher":"https:\/\/www.facebook.com\/FestivalMuntdeMots","og_image":[{"url":"http:\/\/www.muntdemots.org\/2017\/wp-content\/uploads\/2017\/09\/ALICIA-MOLINA-300x208.jpg"}],"twitter_card":"summary_large_image","twitter_site":"@muntdemots","twitter_misc":{"Temps estimat de lectura":"1 minut"},"schema":{"@context":"https:\/\/schema.org","@graph":[{"@type":"WebPage","@id":"http:\/\/www.muntdemots.org\/2017\/participants\/alicia-molina-catalunya\/","url":"http:\/\/www.muntdemots.org\/2017\/participants\/alicia-molina-catalunya\/","name":"Alicia Molina (Catalunya) - Munt de Mots","isPartOf":{"@id":"http:\/\/www.muntdemots.org\/2017\/#website"},"datePublished":"2017-09-23T08:30:15+00:00","dateModified":"2017-09-23T08:30:15+00:00","breadcrumb":{"@id":"http:\/\/www.muntdemots.org\/2017\/participants\/alicia-molina-catalunya\/#breadcrumb"},"inLanguage":"ca","potentialAction":[{"@type":"ReadAction","target":["http:\/\/www.muntdemots.org\/2017\/participants\/alicia-molina-catalunya\/"]}]},{"@type":"BreadcrumbList","@id":"http:\/\/www.muntdemots.org\/2017\/participants\/alicia-molina-catalunya\/#breadcrumb","itemListElement":[{"@type":"ListItem","position":1,"name":"Inici","item":"http:\/\/www.muntdemots.org\/2017\/"},{"@type":"ListItem","position":2,"name":"Participants","item":"http:\/\/www.muntdemots.org\/2017\/participants\/"},{"@type":"ListItem","position":3,"name":"Alicia Molina (Catalunya)"}]},{"@type":"WebSite","@id":"http:\/\/www.muntdemots.org\/2017\/#website","url":"http:\/\/www.muntdemots.org\/2017\/","name":"Munt de Mots","description":"","potentialAction":[{"@type":"SearchAction","target":{"@type":"EntryPoint","urlTemplate":"http:\/\/www.muntdemots.org\/2017\/?s={search_term_string}"},"query-input":"required name=search_term_string"}],"inLanguage":"ca"}]}},"_links":{"self":[{"href":"http:\/\/www.muntdemots.org\/2017\/wp-json\/wp\/v2\/pages\/8770"}],"collection":[{"href":"http:\/\/www.muntdemots.org\/2017\/wp-json\/wp\/v2\/pages"}],"about":[{"href":"http:\/\/www.muntdemots.org\/2017\/wp-json\/wp\/v2\/types\/page"}],"author":[{"embeddable":true,"href":"http:\/\/www.muntdemots.org\/2017\/wp-json\/wp\/v2\/users\/49"}],"replies":[{"embeddable":true,"href":"http:\/\/www.muntdemots.org\/2017\/wp-json\/wp\/v2\/comments?post=8770"}],"version-history":[{"count":1,"href":"http:\/\/www.muntdemots.org\/2017\/wp-json\/wp\/v2\/pages\/8770\/revisions"}],"predecessor-version":[{"id":8771,"href":"http:\/\/www.muntdemots.org\/2017\/wp-json\/wp\/v2\/pages\/8770\/revisions\/8771"}],"up":[{"embeddable":true,"href":"http:\/\/www.muntdemots.org\/2017\/wp-json\/wp\/v2\/pages\/4"}],"wp:attachment":[{"href":"http:\/\/www.muntdemots.org\/2017\/wp-json\/wp\/v2\/media?parent=8770"}],"curies":[{"name":"wp","href":"https:\/\/api.w.org\/{rel}","templated":true}]}}