{"id":8563,"date":"2017-09-13T13:33:12","date_gmt":"2017-09-13T13:33:12","guid":{"rendered":"http:\/\/www.muntdemots.org\/2017\/?page_id=8563"},"modified":"2017-09-14T13:15:37","modified_gmt":"2017-09-14T13:15:37","slug":"gisela-llimona","status":"publish","type":"page","link":"http:\/\/www.muntdemots.org\/2017\/participants\/gisela-llimona\/","title":{"rendered":"Gisela Llimona"},"content":{"rendered":"<p><img decoding=\"async\" loading=\"lazy\" class=\"alignright size-medium wp-image-8640\" src=\"http:\/\/www.muntdemots.org\/2017\/wp-content\/uploads\/2017\/09\/GISELA-LLIMONA-300x216.jpg\" alt=\"\" width=\"300\" height=\"216\" srcset=\"http:\/\/www.muntdemots.org\/2017\/wp-content\/uploads\/2017\/09\/GISELA-LLIMONA-300x216.jpg 300w, http:\/\/www.muntdemots.org\/2017\/wp-content\/uploads\/2017\/09\/GISELA-LLIMONA-768x552.jpg 768w, http:\/\/www.muntdemots.org\/2017\/wp-content\/uploads\/2017\/09\/GISELA-LLIMONA-1024x736.jpg 1024w\" sizes=\"(max-width: 300px) 100vw, 300px\" \/>\u00c9s llicenciada en Art Dram\u00e0tic per l&#8217;Institut del Teatre de Barcelona, on actualment treballa com a docent. Ha format part de la Compa\u00f1\u00eda Nacional de Teatro Cl\u00e1sico i ha estat formada com a conta contes per Merc\u00e8 Escard\u00f3. T\u00e9 un repertori de m\u00e9s de 300 contes i va amb la seva maleta per fomentar la lectura per tot el m\u00f3n com a Xile, Per\u00fa, Guatemala, Laos&#8230; Actualment est\u00e0 realitzant el M\u00e0ster Universitari d&#8217;Estudis Teatrals de la UAB amb intenci\u00f3 de fer un doctorat.<\/p>\n<p>&nbsp;<\/p>\n<p><strong>DIMECRES 18<\/strong><\/p>\n<p>&nbsp;<\/p>\n<p><strong>MONSTRES<\/strong><\/p>\n<p><strong>Gisela Llimona (Catalunya)<\/strong><\/p>\n<p>Escoltarem contes com \u00abAll\u00e0 on viuen els monstres\u00bb, \u00abLa Laura t\u00e9 por\u00bb, \u00abHi ha un \u00f3s sota l\u2019escala\u00bb, \u00abEn Pere sense por\u00bb, \u00abEl monstre de colors\u00bb, \u00abEl pelut\u00bb\u2026 Hist\u00f2ries protagonitzades per monstres dedicades a infants valents que gr\u00e0cies a l\u2019humor venceran les seves pors.<\/p>\n<p><strong>Infantil +4\/ Catal\u00e0<\/strong><br \/>\n<strong>Hora: 17.30 h<\/strong><br \/>\n<strong>BIBLIOTECA JOSEP SOLER VIDAL (GAV\u00c0)<\/strong><br \/>\n<strong>Activitat gratu\u00efta<\/strong><\/p>\n<p>&nbsp;<\/p>\n<p><strong>DIVENDRES 20<\/strong><\/p>\n<p>&nbsp;<\/p>\n<p><strong>URPI. CONTES VOLADORS<\/strong><\/p>\n<p><strong>Gisela Llimona (Catalunya)<\/strong><\/p>\n<p>Urpi \u00e9s una paraula qu\u00edtxua que significa \u00abcolom\u00bb. Com una urpi, volarem a trav\u00e9s de les hist\u00f2ries per olorar, palpar i assaborir cultures llunyanes com la qu\u00edtxua.<\/p>\n<p><strong>Adults \/ Catal\u00e0<\/strong><br \/>\n<strong>Hora: 19.00 h<\/strong><br \/>\n<strong>BIBLIOTECA MONTBAU-ALBERT P\u00c9REZ BAR\u00d3<\/strong><br \/>\n<strong>Activitat gratu\u00efta<\/strong><\/p>\n","protected":false},"excerpt":{"rendered":"<p>\u00c9s llicenciada en Art Dram\u00e0tic per l&#8217;Institut del Teatre de Barcelona, on actualment treballa com a docent. Ha format part de la Compa\u00f1\u00eda Nacional de Teatro Cl\u00e1sico i ha estat formada com a conta contes per Merc\u00e8 Escard\u00f3. T\u00e9 un repertori de m\u00e9s de 300 contes i va amb la seva maleta per fomentar la [&hellip;]<\/p>\n","protected":false},"author":1,"featured_media":0,"parent":4,"menu_order":0,"comment_status":"closed","ping_status":"closed","template":"","meta":{"_mi_skip_tracking":false},"yoast_head":"<!-- This site is optimized with the Yoast SEO plugin v20.5 - https:\/\/yoast.com\/wordpress\/plugins\/seo\/ -->\n<title>Gisela Llimona - Munt de Mots<\/title>\n<meta name=\"robots\" content=\"index, follow, max-snippet:-1, max-image-preview:large, max-video-preview:-1\" \/>\n<link rel=\"canonical\" href=\"https:\/\/www.muntdemots.org\/2017\/participants\/gisela-llimona\/\" \/>\n<meta property=\"og:locale\" content=\"ca_ES\" \/>\n<meta property=\"og:type\" content=\"article\" \/>\n<meta property=\"og:title\" content=\"Gisela Llimona - Munt de Mots\" \/>\n<meta property=\"og:description\" content=\"\u00c9s llicenciada en Art Dram\u00e0tic per l&#8217;Institut del Teatre de Barcelona, on actualment treballa com a docent. Ha format part de la Compa\u00f1\u00eda Nacional de Teatro Cl\u00e1sico i ha estat formada com a conta contes per Merc\u00e8 Escard\u00f3. T\u00e9 un repertori de m\u00e9s de 300 contes i va amb la seva maleta per fomentar la [&hellip;]\" \/>\n<meta property=\"og:url\" content=\"https:\/\/www.muntdemots.org\/2017\/participants\/gisela-llimona\/\" \/>\n<meta property=\"og:site_name\" content=\"Munt de Mots\" \/>\n<meta property=\"article:publisher\" content=\"https:\/\/www.facebook.com\/FestivalMuntdeMots\" \/>\n<meta property=\"article:modified_time\" content=\"2017-09-14T13:15:37+00:00\" \/>\n<meta property=\"og:image\" content=\"http:\/\/www.muntdemots.org\/2017\/wp-content\/uploads\/2017\/09\/GISELA-LLIMONA-300x216.jpg\" \/>\n<meta name=\"twitter:card\" content=\"summary_large_image\" \/>\n<meta name=\"twitter:site\" content=\"@muntdemots\" \/>\n<meta name=\"twitter:label1\" content=\"Temps estimat de lectura\" \/>\n\t<meta name=\"twitter:data1\" content=\"1 minut\" \/>\n<script type=\"application\/ld+json\" class=\"yoast-schema-graph\">{\"@context\":\"https:\/\/schema.org\",\"@graph\":[{\"@type\":\"WebPage\",\"@id\":\"https:\/\/www.muntdemots.org\/2017\/participants\/gisela-llimona\/\",\"url\":\"https:\/\/www.muntdemots.org\/2017\/participants\/gisela-llimona\/\",\"name\":\"Gisela Llimona - Munt de Mots\",\"isPartOf\":{\"@id\":\"https:\/\/www.muntdemots.org\/2017\/#website\"},\"datePublished\":\"2017-09-13T13:33:12+00:00\",\"dateModified\":\"2017-09-14T13:15:37+00:00\",\"breadcrumb\":{\"@id\":\"https:\/\/www.muntdemots.org\/2017\/participants\/gisela-llimona\/#breadcrumb\"},\"inLanguage\":\"ca\",\"potentialAction\":[{\"@type\":\"ReadAction\",\"target\":[\"https:\/\/www.muntdemots.org\/2017\/participants\/gisela-llimona\/\"]}]},{\"@type\":\"BreadcrumbList\",\"@id\":\"https:\/\/www.muntdemots.org\/2017\/participants\/gisela-llimona\/#breadcrumb\",\"itemListElement\":[{\"@type\":\"ListItem\",\"position\":1,\"name\":\"Inici\",\"item\":\"https:\/\/www.muntdemots.org\/2017\/\"},{\"@type\":\"ListItem\",\"position\":2,\"name\":\"Participants\",\"item\":\"http:\/\/www.muntdemots.org\/2017\/participants\/\"},{\"@type\":\"ListItem\",\"position\":3,\"name\":\"Gisela Llimona\"}]},{\"@type\":\"WebSite\",\"@id\":\"https:\/\/www.muntdemots.org\/2017\/#website\",\"url\":\"https:\/\/www.muntdemots.org\/2017\/\",\"name\":\"Munt de Mots\",\"description\":\"\",\"potentialAction\":[{\"@type\":\"SearchAction\",\"target\":{\"@type\":\"EntryPoint\",\"urlTemplate\":\"https:\/\/www.muntdemots.org\/2017\/?s={search_term_string}\"},\"query-input\":\"required name=search_term_string\"}],\"inLanguage\":\"ca\"}]}<\/script>\n<!-- \/ Yoast SEO plugin. -->","yoast_head_json":{"title":"Gisela Llimona - Munt de Mots","robots":{"index":"index","follow":"follow","max-snippet":"max-snippet:-1","max-image-preview":"max-image-preview:large","max-video-preview":"max-video-preview:-1"},"canonical":"https:\/\/www.muntdemots.org\/2017\/participants\/gisela-llimona\/","og_locale":"ca_ES","og_type":"article","og_title":"Gisela Llimona - Munt de Mots","og_description":"\u00c9s llicenciada en Art Dram\u00e0tic per l&#8217;Institut del Teatre de Barcelona, on actualment treballa com a docent. Ha format part de la Compa\u00f1\u00eda Nacional de Teatro Cl\u00e1sico i ha estat formada com a conta contes per Merc\u00e8 Escard\u00f3. T\u00e9 un repertori de m\u00e9s de 300 contes i va amb la seva maleta per fomentar la [&hellip;]","og_url":"https:\/\/www.muntdemots.org\/2017\/participants\/gisela-llimona\/","og_site_name":"Munt de Mots","article_publisher":"https:\/\/www.facebook.com\/FestivalMuntdeMots","article_modified_time":"2017-09-14T13:15:37+00:00","og_image":[{"url":"http:\/\/www.muntdemots.org\/2017\/wp-content\/uploads\/2017\/09\/GISELA-LLIMONA-300x216.jpg"}],"twitter_card":"summary_large_image","twitter_site":"@muntdemots","twitter_misc":{"Temps estimat de lectura":"1 minut"},"schema":{"@context":"https:\/\/schema.org","@graph":[{"@type":"WebPage","@id":"https:\/\/www.muntdemots.org\/2017\/participants\/gisela-llimona\/","url":"https:\/\/www.muntdemots.org\/2017\/participants\/gisela-llimona\/","name":"Gisela Llimona - Munt de Mots","isPartOf":{"@id":"https:\/\/www.muntdemots.org\/2017\/#website"},"datePublished":"2017-09-13T13:33:12+00:00","dateModified":"2017-09-14T13:15:37+00:00","breadcrumb":{"@id":"https:\/\/www.muntdemots.org\/2017\/participants\/gisela-llimona\/#breadcrumb"},"inLanguage":"ca","potentialAction":[{"@type":"ReadAction","target":["https:\/\/www.muntdemots.org\/2017\/participants\/gisela-llimona\/"]}]},{"@type":"BreadcrumbList","@id":"https:\/\/www.muntdemots.org\/2017\/participants\/gisela-llimona\/#breadcrumb","itemListElement":[{"@type":"ListItem","position":1,"name":"Inici","item":"https:\/\/www.muntdemots.org\/2017\/"},{"@type":"ListItem","position":2,"name":"Participants","item":"http:\/\/www.muntdemots.org\/2017\/participants\/"},{"@type":"ListItem","position":3,"name":"Gisela Llimona"}]},{"@type":"WebSite","@id":"https:\/\/www.muntdemots.org\/2017\/#website","url":"https:\/\/www.muntdemots.org\/2017\/","name":"Munt de Mots","description":"","potentialAction":[{"@type":"SearchAction","target":{"@type":"EntryPoint","urlTemplate":"https:\/\/www.muntdemots.org\/2017\/?s={search_term_string}"},"query-input":"required name=search_term_string"}],"inLanguage":"ca"}]}},"_links":{"self":[{"href":"http:\/\/www.muntdemots.org\/2017\/wp-json\/wp\/v2\/pages\/8563"}],"collection":[{"href":"http:\/\/www.muntdemots.org\/2017\/wp-json\/wp\/v2\/pages"}],"about":[{"href":"http:\/\/www.muntdemots.org\/2017\/wp-json\/wp\/v2\/types\/page"}],"author":[{"embeddable":true,"href":"http:\/\/www.muntdemots.org\/2017\/wp-json\/wp\/v2\/users\/1"}],"replies":[{"embeddable":true,"href":"http:\/\/www.muntdemots.org\/2017\/wp-json\/wp\/v2\/comments?post=8563"}],"version-history":[{"count":4,"href":"http:\/\/www.muntdemots.org\/2017\/wp-json\/wp\/v2\/pages\/8563\/revisions"}],"predecessor-version":[{"id":8645,"href":"http:\/\/www.muntdemots.org\/2017\/wp-json\/wp\/v2\/pages\/8563\/revisions\/8645"}],"up":[{"embeddable":true,"href":"http:\/\/www.muntdemots.org\/2017\/wp-json\/wp\/v2\/pages\/4"}],"wp:attachment":[{"href":"http:\/\/www.muntdemots.org\/2017\/wp-json\/wp\/v2\/media?parent=8563"}],"curies":[{"name":"wp","href":"https:\/\/api.w.org\/{rel}","templated":true}]}}