{"id":8561,"date":"2017-09-13T13:32:32","date_gmt":"2017-09-13T13:32:32","guid":{"rendered":"http:\/\/www.muntdemots.org\/2017\/?page_id=8561"},"modified":"2017-09-13T17:13:29","modified_gmt":"2017-09-13T17:13:29","slug":"felicia-fleck","status":"publish","type":"page","link":"http:\/\/www.muntdemots.org\/2017\/participants\/felicia-fleck\/","title":{"rendered":"Fel\u00edcia Fleck"},"content":{"rendered":"<p><img decoding=\"async\" loading=\"lazy\" class=\"alignright wp-image-8637\" src=\"http:\/\/www.muntdemots.org\/2017\/wp-content\/uploads\/2017\/09\/FELICIA-FLECK-300x203.jpg\" alt=\"\" width=\"322\" height=\"218\" srcset=\"http:\/\/www.muntdemots.org\/2017\/wp-content\/uploads\/2017\/09\/FELICIA-FLECK-300x203.jpg 300w, http:\/\/www.muntdemots.org\/2017\/wp-content\/uploads\/2017\/09\/FELICIA-FLECK-768x521.jpg 768w, http:\/\/www.muntdemots.org\/2017\/wp-content\/uploads\/2017\/09\/FELICIA-FLECK.jpg 1000w\" sizes=\"(max-width: 322px) 100vw, 322px\" \/>Fel\u00edcia \u00e9s llicenciada en Biblioteconomia i doctoranda en Ci\u00e8ncies de la Informaci\u00f3 a la Universitat Federal de Santa Catarina, Florian\u00f2polis, Brasil. Treballa com a contacontes i com a formadora de contadors de contes al Brasil i a Espanya.<\/p>\n<p>Va guanyar el Premi Funarte de Circulaci\u00f3n Literaria, amb el projecte \u201cHistorias do Arco de Velha\u201d, que va tenir com a objectiu el desenvolupament de tallers de formaci\u00f3 per a educadores i la representaci\u00f3 d\u2019espectacles de narraci\u00f3 oral en ciutats brasileres amb un baix \u00edndex de desenvolupament hum\u00e0 (IDH).<\/p>\n<p>\u00c9s col\u00b7laboradora volunt\u00e0ria de la Biblioteca Comunit\u00e0ria, <em>Barca de los Libros, <\/em>a Florian\u00f2polis i membre de la Red Internacional de Cuentacuentos.<\/p>\n<p>&nbsp;<\/p>\n<p><strong>DISSABTE 21<\/strong><\/p>\n<p>&nbsp;<\/p>\n<p><strong>LA PARAULA TROBADA<\/strong><\/p>\n<p><strong>Marat\u00f3 de Contes Infantils<\/strong><\/p>\n<p>Torna la Marat\u00f3 de Contes Infantils \u00abLa Paraula Trobada\u00bb, aquest cop amb la participaci\u00f3 d\u2019Esther Burgo (Catalunya), Felicia Fleck (Brasil), Cecilia Bellor\u00edn (Vene\u00e7uela), Judit Navarro (Catalunya)\u2026<\/p>\n<p><strong>Infantil +4 \/ Catal\u00e0 i castell\u00e0<\/strong><br \/>\n<strong>Hora: d\u201911.00h a 13.00 h<\/strong><br \/>\n<strong>BIBLIOTECA FRANCESCA BONNEMAISON<\/strong><br \/>\n<strong>Activitat gratu\u00efta. El Banc d\u2019Aliments recollir\u00e0 a l\u2019entrada la vostra amable contribuci\u00f3: un o diversos paquets d\u2019aliments. Gr\u00e0cies!<\/strong><\/p>\n<p>&nbsp;<\/p>\n<p><strong>DISSABTE 21<\/strong><\/p>\n<p>&nbsp;<\/p>\n<p><strong>CUENTAE LINGUAE<\/strong><\/p>\n<p>\u00c9s el nostre encontre anual amb els contes \u00aben versi\u00f3 original\u00bb. Adelaide Mancuso (itali\u00e0), Ainara Bilbao (euskera), Felicia Fleck (portugu\u00e8s de Brasil), M\u00f3nika Klose (alemany)\u2026 Vine a sorprendre\u2019t del que ets capa\u00e7 d\u2019entendre!<\/p>\n<p><strong>Adults \/ Diversos idiomes<\/strong><br \/>\n<strong>Hora: 19.00 h<\/strong><br \/>\n<strong>CENTRE C\u00cdVIC PATI LLIMONA<\/strong><br \/>\n<strong>Activitat gratu\u00efta<\/strong><\/p>\n<p>&nbsp;<\/p>\n<p><strong>DIVENDRES 20<\/strong><\/p>\n<p>&nbsp;<\/p>\n<p><strong>Confer\u00e8<\/strong><strong>ncia\u00a0<\/strong><strong>EXPLICAR HIST\u00d2RIES A LA BIBLIOTECA:\u00a0<\/strong><strong>EXPERI<\/strong><strong>\u00c8<\/strong><strong>NCIES DELS CONTACONTES A SANTA\u00a0<\/strong><strong>CATARINA (BRASIL) I BARCELONA<\/strong><\/p>\n<p><strong>Felicia Fleck (Brasil)<\/strong><\/p>\n<p>En aquesta confer\u00e8ncia proposo una conversa entre les experi\u00e8ncies dels contacontes professionals de Santa Catarina i de Barcelona sobre les seves experi\u00e8ncia d\u2019actuaci\u00f3 a les biblioteques p\u00fabliques, a partir dels seus relats i percepcions.<\/p>\n<p><strong>Adults \/ Catal\u00e0 i castell\u00e0<\/strong><br \/>\n<strong>Hora: 19.00 h<\/strong><br \/>\n<strong>CENTRE D\u2019INTER\u00c8S EN LA\u00a0NARRACI\u00d3 ORAL.\u00a0BIBLIOTECA VILA DE GR\u00c0CIA<\/strong><br \/>\n<strong>Activitat gratu\u00efta<\/strong><\/p>\n","protected":false},"excerpt":{"rendered":"<p>Fel\u00edcia \u00e9s llicenciada en Biblioteconomia i doctoranda en Ci\u00e8ncies de la Informaci\u00f3 a la Universitat Federal de Santa Catarina, Florian\u00f2polis, Brasil. Treballa com a contacontes i com a formadora de contadors de contes al Brasil i a Espanya. Va guanyar el Premi Funarte de Circulaci\u00f3n Literaria, amb el projecte \u201cHistorias do Arco de Velha\u201d, que [&hellip;]<\/p>\n","protected":false},"author":1,"featured_media":0,"parent":4,"menu_order":0,"comment_status":"closed","ping_status":"closed","template":"","meta":{"_mi_skip_tracking":false},"yoast_head":"<!-- This site is optimized with the Yoast SEO plugin v20.5 - https:\/\/yoast.com\/wordpress\/plugins\/seo\/ -->\n<title>Fel\u00edcia Fleck - Munt de Mots<\/title>\n<meta name=\"robots\" content=\"index, follow, max-snippet:-1, max-image-preview:large, max-video-preview:-1\" \/>\n<link rel=\"canonical\" href=\"https:\/\/www.muntdemots.org\/2017\/participants\/felicia-fleck\/\" \/>\n<meta property=\"og:locale\" content=\"ca_ES\" \/>\n<meta property=\"og:type\" content=\"article\" \/>\n<meta property=\"og:title\" content=\"Fel\u00edcia Fleck - Munt de Mots\" \/>\n<meta property=\"og:description\" content=\"Fel\u00edcia \u00e9s llicenciada en Biblioteconomia i doctoranda en Ci\u00e8ncies de la Informaci\u00f3 a la Universitat Federal de Santa Catarina, Florian\u00f2polis, Brasil. Treballa com a contacontes i com a formadora de contadors de contes al Brasil i a Espanya. Va guanyar el Premi Funarte de Circulaci\u00f3n Literaria, amb el projecte \u201cHistorias do Arco de Velha\u201d, que [&hellip;]\" \/>\n<meta property=\"og:url\" content=\"https:\/\/www.muntdemots.org\/2017\/participants\/felicia-fleck\/\" \/>\n<meta property=\"og:site_name\" content=\"Munt de Mots\" \/>\n<meta property=\"article:publisher\" content=\"https:\/\/www.facebook.com\/FestivalMuntdeMots\" \/>\n<meta property=\"article:modified_time\" content=\"2017-09-13T17:13:29+00:00\" \/>\n<meta property=\"og:image\" content=\"http:\/\/www.muntdemots.org\/2017\/wp-content\/uploads\/2017\/09\/FELICIA-FLECK-300x203.jpg\" \/>\n<meta name=\"twitter:card\" content=\"summary_large_image\" \/>\n<meta name=\"twitter:site\" content=\"@muntdemots\" \/>\n<meta name=\"twitter:label1\" content=\"Temps estimat de lectura\" \/>\n\t<meta name=\"twitter:data1\" content=\"2 minuts\" \/>\n<script type=\"application\/ld+json\" class=\"yoast-schema-graph\">{\"@context\":\"https:\/\/schema.org\",\"@graph\":[{\"@type\":\"WebPage\",\"@id\":\"https:\/\/www.muntdemots.org\/2017\/participants\/felicia-fleck\/\",\"url\":\"https:\/\/www.muntdemots.org\/2017\/participants\/felicia-fleck\/\",\"name\":\"Fel\u00edcia Fleck - Munt de Mots\",\"isPartOf\":{\"@id\":\"http:\/\/www.muntdemots.org\/2017\/#website\"},\"datePublished\":\"2017-09-13T13:32:32+00:00\",\"dateModified\":\"2017-09-13T17:13:29+00:00\",\"breadcrumb\":{\"@id\":\"https:\/\/www.muntdemots.org\/2017\/participants\/felicia-fleck\/#breadcrumb\"},\"inLanguage\":\"ca\",\"potentialAction\":[{\"@type\":\"ReadAction\",\"target\":[\"https:\/\/www.muntdemots.org\/2017\/participants\/felicia-fleck\/\"]}]},{\"@type\":\"BreadcrumbList\",\"@id\":\"https:\/\/www.muntdemots.org\/2017\/participants\/felicia-fleck\/#breadcrumb\",\"itemListElement\":[{\"@type\":\"ListItem\",\"position\":1,\"name\":\"Inici\",\"item\":\"http:\/\/www.muntdemots.org\/2017\/\"},{\"@type\":\"ListItem\",\"position\":2,\"name\":\"Participants\",\"item\":\"http:\/\/www.muntdemots.org\/2017\/participants\/\"},{\"@type\":\"ListItem\",\"position\":3,\"name\":\"Fel\u00edcia Fleck\"}]},{\"@type\":\"WebSite\",\"@id\":\"http:\/\/www.muntdemots.org\/2017\/#website\",\"url\":\"http:\/\/www.muntdemots.org\/2017\/\",\"name\":\"Munt de Mots\",\"description\":\"\",\"potentialAction\":[{\"@type\":\"SearchAction\",\"target\":{\"@type\":\"EntryPoint\",\"urlTemplate\":\"http:\/\/www.muntdemots.org\/2017\/?s={search_term_string}\"},\"query-input\":\"required name=search_term_string\"}],\"inLanguage\":\"ca\"}]}<\/script>\n<!-- \/ Yoast SEO plugin. -->","yoast_head_json":{"title":"Fel\u00edcia Fleck - Munt de Mots","robots":{"index":"index","follow":"follow","max-snippet":"max-snippet:-1","max-image-preview":"max-image-preview:large","max-video-preview":"max-video-preview:-1"},"canonical":"https:\/\/www.muntdemots.org\/2017\/participants\/felicia-fleck\/","og_locale":"ca_ES","og_type":"article","og_title":"Fel\u00edcia Fleck - Munt de Mots","og_description":"Fel\u00edcia \u00e9s llicenciada en Biblioteconomia i doctoranda en Ci\u00e8ncies de la Informaci\u00f3 a la Universitat Federal de Santa Catarina, Florian\u00f2polis, Brasil. Treballa com a contacontes i com a formadora de contadors de contes al Brasil i a Espanya. Va guanyar el Premi Funarte de Circulaci\u00f3n Literaria, amb el projecte \u201cHistorias do Arco de Velha\u201d, que [&hellip;]","og_url":"https:\/\/www.muntdemots.org\/2017\/participants\/felicia-fleck\/","og_site_name":"Munt de Mots","article_publisher":"https:\/\/www.facebook.com\/FestivalMuntdeMots","article_modified_time":"2017-09-13T17:13:29+00:00","og_image":[{"url":"http:\/\/www.muntdemots.org\/2017\/wp-content\/uploads\/2017\/09\/FELICIA-FLECK-300x203.jpg"}],"twitter_card":"summary_large_image","twitter_site":"@muntdemots","twitter_misc":{"Temps estimat de lectura":"2 minuts"},"schema":{"@context":"https:\/\/schema.org","@graph":[{"@type":"WebPage","@id":"https:\/\/www.muntdemots.org\/2017\/participants\/felicia-fleck\/","url":"https:\/\/www.muntdemots.org\/2017\/participants\/felicia-fleck\/","name":"Fel\u00edcia Fleck - Munt de Mots","isPartOf":{"@id":"http:\/\/www.muntdemots.org\/2017\/#website"},"datePublished":"2017-09-13T13:32:32+00:00","dateModified":"2017-09-13T17:13:29+00:00","breadcrumb":{"@id":"https:\/\/www.muntdemots.org\/2017\/participants\/felicia-fleck\/#breadcrumb"},"inLanguage":"ca","potentialAction":[{"@type":"ReadAction","target":["https:\/\/www.muntdemots.org\/2017\/participants\/felicia-fleck\/"]}]},{"@type":"BreadcrumbList","@id":"https:\/\/www.muntdemots.org\/2017\/participants\/felicia-fleck\/#breadcrumb","itemListElement":[{"@type":"ListItem","position":1,"name":"Inici","item":"http:\/\/www.muntdemots.org\/2017\/"},{"@type":"ListItem","position":2,"name":"Participants","item":"http:\/\/www.muntdemots.org\/2017\/participants\/"},{"@type":"ListItem","position":3,"name":"Fel\u00edcia Fleck"}]},{"@type":"WebSite","@id":"http:\/\/www.muntdemots.org\/2017\/#website","url":"http:\/\/www.muntdemots.org\/2017\/","name":"Munt de Mots","description":"","potentialAction":[{"@type":"SearchAction","target":{"@type":"EntryPoint","urlTemplate":"http:\/\/www.muntdemots.org\/2017\/?s={search_term_string}"},"query-input":"required name=search_term_string"}],"inLanguage":"ca"}]}},"_links":{"self":[{"href":"http:\/\/www.muntdemots.org\/2017\/wp-json\/wp\/v2\/pages\/8561"}],"collection":[{"href":"http:\/\/www.muntdemots.org\/2017\/wp-json\/wp\/v2\/pages"}],"about":[{"href":"http:\/\/www.muntdemots.org\/2017\/wp-json\/wp\/v2\/types\/page"}],"author":[{"embeddable":true,"href":"http:\/\/www.muntdemots.org\/2017\/wp-json\/wp\/v2\/users\/1"}],"replies":[{"embeddable":true,"href":"http:\/\/www.muntdemots.org\/2017\/wp-json\/wp\/v2\/comments?post=8561"}],"version-history":[{"count":3,"href":"http:\/\/www.muntdemots.org\/2017\/wp-json\/wp\/v2\/pages\/8561\/revisions"}],"predecessor-version":[{"id":8639,"href":"http:\/\/www.muntdemots.org\/2017\/wp-json\/wp\/v2\/pages\/8561\/revisions\/8639"}],"up":[{"embeddable":true,"href":"http:\/\/www.muntdemots.org\/2017\/wp-json\/wp\/v2\/pages\/4"}],"wp:attachment":[{"href":"http:\/\/www.muntdemots.org\/2017\/wp-json\/wp\/v2\/media?parent=8561"}],"curies":[{"name":"wp","href":"https:\/\/api.w.org\/{rel}","templated":true}]}}