{"id":8363,"date":"2016-09-09T13:45:59","date_gmt":"2016-09-09T13:45:59","guid":{"rendered":"http:\/\/www.muntdemots.org\/2016\/?page_id=8363"},"modified":"2016-09-09T13:45:59","modified_gmt":"2016-09-09T13:45:59","slug":"tere-monclus-catalunya","status":"publish","type":"page","link":"http:\/\/www.muntdemots.org\/2016\/participants\/tere-monclus-catalunya\/","title":{"rendered":"Tere Moncl\u00fas (Catalunya)"},"content":{"rendered":"<p><img decoding=\"async\" loading=\"lazy\" class=\"alignright size-medium wp-image-8301\" src=\"http:\/\/www.muntdemots.org\/2016\/wp-content\/uploads\/2016\/09\/19-300x251.png\" alt=\"19\" width=\"300\" height=\"251\" srcset=\"http:\/\/www.muntdemots.org\/2016\/wp-content\/uploads\/2016\/09\/19-300x251.png 300w, http:\/\/www.muntdemots.org\/2016\/wp-content\/uploads\/2016\/09\/19-768x644.png 768w, http:\/\/www.muntdemots.org\/2016\/wp-content\/uploads\/2016\/09\/19.png 940w\" sizes=\"(max-width: 300px) 100vw, 300px\" \/>Formada a partir dels tallers Cuenta Conmigo del CC Pati Llimona de Barcelona, des de 2009 he contat contes per a adults i nens a biblioteques, i molts altres espais. He participat a Maratons de contes i al Festival de narraci\u00f3 oral de Barcelona Munt de Mots. El meu repertori inclou hist\u00f2ries d&#8217;arreu i relats de tota mena, rondalles tradicionals i contes d\u2019autor, utilitzant com a recurs principal la Paraula, el Gest i el Silenci o la t\u00e8cnica del kamishibai, entre altres, perqu\u00e8 el p\u00fablic gaudeixi encara m\u00e9s de l&#8217;Art de la Narraci\u00f3. <a href=\"http:\/\/terecontadora.blogspot.com\/\">http:\/\/terecontadora.blogspot.com\/<\/a><\/p>\n<p>&nbsp;<\/p>\n<p><strong>DIVENDRES 21<\/strong><\/p>\n<p><strong>\u00a0<\/strong><\/p>\n<p><strong>EL CISTELL DE LA SENYORA CLETA <\/strong><\/p>\n<p><strong>Tere Moncl\u00fas (Catalunya) <\/strong><\/p>\n<p>La senyora Cleta \u00e9s una bicicleta molt viatgera a qui li agraden tant les hist\u00f2ries, que all\u00e0 on va recull contes&#8230; Mirem dins el seu cistell a veure quins ens ha portat avui?<\/p>\n<p><strong>Infantil \/ Catal\u00e0<\/strong><br \/>\n<strong>Hora: 18.00 h<\/strong><br \/>\n<strong>BIBLIOTECA HORTA- CAN MARINER <\/strong><\/p>\n<p><strong>Activitat gratu\u00efta <\/strong><\/p>\n","protected":false},"excerpt":{"rendered":"<p>Formada a partir dels tallers Cuenta Conmigo del CC Pati Llimona de Barcelona, des de 2009 he contat contes per a adults i nens a biblioteques, i molts altres espais. He participat a Maratons de contes i al Festival de narraci\u00f3 oral de Barcelona Munt de Mots. El meu repertori inclou hist\u00f2ries d&#8217;arreu i relats [&hellip;]<\/p>\n","protected":false},"author":1,"featured_media":0,"parent":4,"menu_order":0,"comment_status":"closed","ping_status":"closed","template":"","meta":{"_mi_skip_tracking":false},"yoast_head":"<!-- This site is optimized with the Yoast SEO plugin v20.5 - https:\/\/yoast.com\/wordpress\/plugins\/seo\/ -->\n<title>Tere Moncl\u00fas (Catalunya) - Munt de Mots<\/title>\n<meta name=\"robots\" content=\"index, follow, max-snippet:-1, max-image-preview:large, max-video-preview:-1\" \/>\n<link rel=\"canonical\" href=\"http:\/\/www.muntdemots.org\/2016\/participants\/tere-monclus-catalunya\/\" \/>\n<meta property=\"og:locale\" content=\"ca_ES\" \/>\n<meta property=\"og:type\" content=\"article\" \/>\n<meta property=\"og:title\" content=\"Tere Moncl\u00fas (Catalunya) - Munt de Mots\" \/>\n<meta property=\"og:description\" content=\"Formada a partir dels tallers Cuenta Conmigo del CC Pati Llimona de Barcelona, des de 2009 he contat contes per a adults i nens a biblioteques, i molts altres espais. He participat a Maratons de contes i al Festival de narraci\u00f3 oral de Barcelona Munt de Mots. El meu repertori inclou hist\u00f2ries d&#8217;arreu i relats [&hellip;]\" \/>\n<meta property=\"og:url\" content=\"http:\/\/www.muntdemots.org\/2016\/participants\/tere-monclus-catalunya\/\" \/>\n<meta property=\"og:site_name\" content=\"Munt de Mots\" \/>\n<meta property=\"article:publisher\" content=\"https:\/\/www.facebook.com\/FestivalMuntdeMots\" \/>\n<meta property=\"og:image\" content=\"http:\/\/www.muntdemots.org\/2016\/wp-content\/uploads\/2016\/09\/19-300x251.png\" \/>\n<meta name=\"twitter:card\" content=\"summary_large_image\" \/>\n<meta name=\"twitter:site\" content=\"@muntdemots\" \/>\n<meta name=\"twitter:label1\" content=\"Temps estimat de lectura\" \/>\n\t<meta name=\"twitter:data1\" content=\"1 minut\" \/>\n<script type=\"application\/ld+json\" class=\"yoast-schema-graph\">{\"@context\":\"https:\/\/schema.org\",\"@graph\":[{\"@type\":\"WebPage\",\"@id\":\"http:\/\/www.muntdemots.org\/2016\/participants\/tere-monclus-catalunya\/\",\"url\":\"http:\/\/www.muntdemots.org\/2016\/participants\/tere-monclus-catalunya\/\",\"name\":\"Tere Moncl\u00fas (Catalunya) - Munt de Mots\",\"isPartOf\":{\"@id\":\"http:\/\/www.muntdemots.org\/2016\/#website\"},\"datePublished\":\"2016-09-09T13:45:59+00:00\",\"dateModified\":\"2016-09-09T13:45:59+00:00\",\"breadcrumb\":{\"@id\":\"http:\/\/www.muntdemots.org\/2016\/participants\/tere-monclus-catalunya\/#breadcrumb\"},\"inLanguage\":\"ca\",\"potentialAction\":[{\"@type\":\"ReadAction\",\"target\":[\"http:\/\/www.muntdemots.org\/2016\/participants\/tere-monclus-catalunya\/\"]}]},{\"@type\":\"BreadcrumbList\",\"@id\":\"http:\/\/www.muntdemots.org\/2016\/participants\/tere-monclus-catalunya\/#breadcrumb\",\"itemListElement\":[{\"@type\":\"ListItem\",\"position\":1,\"name\":\"Inici\",\"item\":\"http:\/\/www.muntdemots.org\/2016\/\"},{\"@type\":\"ListItem\",\"position\":2,\"name\":\"Participants\",\"item\":\"http:\/\/www.muntdemots.org\/2016\/participants\/\"},{\"@type\":\"ListItem\",\"position\":3,\"name\":\"Tere Moncl\u00fas (Catalunya)\"}]},{\"@type\":\"WebSite\",\"@id\":\"http:\/\/www.muntdemots.org\/2016\/#website\",\"url\":\"http:\/\/www.muntdemots.org\/2016\/\",\"name\":\"Munt de Mots\",\"description\":\"\",\"potentialAction\":[{\"@type\":\"SearchAction\",\"target\":{\"@type\":\"EntryPoint\",\"urlTemplate\":\"http:\/\/www.muntdemots.org\/2016\/?s={search_term_string}\"},\"query-input\":\"required name=search_term_string\"}],\"inLanguage\":\"ca\"}]}<\/script>\n<!-- \/ Yoast SEO plugin. -->","yoast_head_json":{"title":"Tere Moncl\u00fas (Catalunya) - Munt de Mots","robots":{"index":"index","follow":"follow","max-snippet":"max-snippet:-1","max-image-preview":"max-image-preview:large","max-video-preview":"max-video-preview:-1"},"canonical":"http:\/\/www.muntdemots.org\/2016\/participants\/tere-monclus-catalunya\/","og_locale":"ca_ES","og_type":"article","og_title":"Tere Moncl\u00fas (Catalunya) - Munt de Mots","og_description":"Formada a partir dels tallers Cuenta Conmigo del CC Pati Llimona de Barcelona, des de 2009 he contat contes per a adults i nens a biblioteques, i molts altres espais. He participat a Maratons de contes i al Festival de narraci\u00f3 oral de Barcelona Munt de Mots. El meu repertori inclou hist\u00f2ries d&#8217;arreu i relats [&hellip;]","og_url":"http:\/\/www.muntdemots.org\/2016\/participants\/tere-monclus-catalunya\/","og_site_name":"Munt de Mots","article_publisher":"https:\/\/www.facebook.com\/FestivalMuntdeMots","og_image":[{"url":"http:\/\/www.muntdemots.org\/2016\/wp-content\/uploads\/2016\/09\/19-300x251.png"}],"twitter_card":"summary_large_image","twitter_site":"@muntdemots","twitter_misc":{"Temps estimat de lectura":"1 minut"},"schema":{"@context":"https:\/\/schema.org","@graph":[{"@type":"WebPage","@id":"http:\/\/www.muntdemots.org\/2016\/participants\/tere-monclus-catalunya\/","url":"http:\/\/www.muntdemots.org\/2016\/participants\/tere-monclus-catalunya\/","name":"Tere Moncl\u00fas (Catalunya) - Munt de Mots","isPartOf":{"@id":"http:\/\/www.muntdemots.org\/2016\/#website"},"datePublished":"2016-09-09T13:45:59+00:00","dateModified":"2016-09-09T13:45:59+00:00","breadcrumb":{"@id":"http:\/\/www.muntdemots.org\/2016\/participants\/tere-monclus-catalunya\/#breadcrumb"},"inLanguage":"ca","potentialAction":[{"@type":"ReadAction","target":["http:\/\/www.muntdemots.org\/2016\/participants\/tere-monclus-catalunya\/"]}]},{"@type":"BreadcrumbList","@id":"http:\/\/www.muntdemots.org\/2016\/participants\/tere-monclus-catalunya\/#breadcrumb","itemListElement":[{"@type":"ListItem","position":1,"name":"Inici","item":"http:\/\/www.muntdemots.org\/2016\/"},{"@type":"ListItem","position":2,"name":"Participants","item":"http:\/\/www.muntdemots.org\/2016\/participants\/"},{"@type":"ListItem","position":3,"name":"Tere Moncl\u00fas (Catalunya)"}]},{"@type":"WebSite","@id":"http:\/\/www.muntdemots.org\/2016\/#website","url":"http:\/\/www.muntdemots.org\/2016\/","name":"Munt de Mots","description":"","potentialAction":[{"@type":"SearchAction","target":{"@type":"EntryPoint","urlTemplate":"http:\/\/www.muntdemots.org\/2016\/?s={search_term_string}"},"query-input":"required name=search_term_string"}],"inLanguage":"ca"}]}},"_links":{"self":[{"href":"http:\/\/www.muntdemots.org\/2016\/wp-json\/wp\/v2\/pages\/8363"}],"collection":[{"href":"http:\/\/www.muntdemots.org\/2016\/wp-json\/wp\/v2\/pages"}],"about":[{"href":"http:\/\/www.muntdemots.org\/2016\/wp-json\/wp\/v2\/types\/page"}],"author":[{"embeddable":true,"href":"http:\/\/www.muntdemots.org\/2016\/wp-json\/wp\/v2\/users\/1"}],"replies":[{"embeddable":true,"href":"http:\/\/www.muntdemots.org\/2016\/wp-json\/wp\/v2\/comments?post=8363"}],"version-history":[{"count":1,"href":"http:\/\/www.muntdemots.org\/2016\/wp-json\/wp\/v2\/pages\/8363\/revisions"}],"predecessor-version":[{"id":8364,"href":"http:\/\/www.muntdemots.org\/2016\/wp-json\/wp\/v2\/pages\/8363\/revisions\/8364"}],"up":[{"embeddable":true,"href":"http:\/\/www.muntdemots.org\/2016\/wp-json\/wp\/v2\/pages\/4"}],"wp:attachment":[{"href":"http:\/\/www.muntdemots.org\/2016\/wp-json\/wp\/v2\/media?parent=8363"}],"curies":[{"name":"wp","href":"https:\/\/api.w.org\/{rel}","templated":true}]}}